{"id":1818,"date":"2019-08-13T10:57:37","date_gmt":"2019-08-13T10:57:37","guid":{"rendered":"http:\/\/jimiactuators.com\/?page_id=1818"},"modified":"2021-10-03T13:00:25","modified_gmt":"2021-10-03T13:00:25","slug":"gleichstrommotoren","status":"publish","type":"page","link":"https:\/\/jimiactuators.com\/de\/produkte\/motoren\/gleichstrommotoren\/","title":{"rendered":"DC-Motoren"},"content":{"rendered":"<div class=\"fusion-fullwidth fullwidth-box fusion-builder-row-1 fusion-flex-container nonhundred-percent-fullwidth non-hundred-percent-height-scrolling\" style=\"background-color: rgba(255,255,255,0);background-position: center center;background-repeat: no-repeat;border-width: 0px 0px 0px 0px;border-color:#e2e2e2;border-style:solid;\" ><div class=\"fusion-builder-row fusion-row fusion-flex-align-items-flex-start\" style=\"max-width:1248px;margin-left: calc(-4% \/ 2 );margin-right: calc(-4% \/ 2 );\"><div class=\"fusion-layout-column fusion_builder_column fusion-builder-column-0 fusion_builder_column_1_1 1_1 fusion-flex-column\"><div class=\"fusion-column-wrapper fusion-flex-justify-content-flex-start fusion-content-layout-column\" style=\"background-position:left top;background-repeat:no-repeat;-webkit-background-size:cover;-moz-background-size:cover;-o-background-size:cover;background-size:cover;padding: 0px 0px 0px 0px;\"><div class=\"fusion-text fusion-text-1\"><p>DC-Motoren hier kaufen!<\/p>\n<div class=\"snippets-actions\">\n<p>Holen Sie sich die Gleichstrommotoren des f\u00fchrenden Herstellers aus China - JimiTech. Unsere Motoren sind nicht nur f\u00fcr viele industrielle Anwendungen geeignet, sondern auch f\u00fcr die Luft- und Raumfahrt und die Milit\u00e4rindustrie. Sie gelten weithin f\u00fcr <a href=\"https:\/\/www.youtube.com\/watch?v=I2cXoKMQ-4w\" target=\"_blank\" rel=\"noopener\"><span style=\"color: #0000ff;\">Zeile<\/span>ar-Antriebe<\/a> und <a href=\"https:\/\/www.youtube.com\/watch?v=FxBuHsDsTaQ\" target=\"_blank\" rel=\"noopener\">Schwenkantriebe<\/a> auf Solartrackern. [read more=\u201dRead More\u201d less=\u201dRead Less\u201d] Unsere hochwertigen DC-Motoren werden nicht nur in industriellen Automatisierungsprozessen eingesetzt, sondern auch in der Industrie zum Drehen, Schieben, Transportieren oder Heben von Teilen und Ger\u00e4ten in der Fertigung.<\/p>\n<p>Unsere Aktuatoren k\u00f6nnen im Vakuum, unter Wasser und auch unter anderen ungew\u00f6hnlichen Bedingungen eingesetzt werden. Als zuverl\u00e4ssiger Name in diesem Bereich tragen wir zu gut funktionierenden Roboterprozessen in einer Vielzahl unterschiedlicher Branchen bei. Dazu geh\u00f6ren die Automobil-, Pharma-, Lebensmittel-, Biotechnologie-, Verpackungs- und Elektronikindustrie.<\/p>\n<h3>Was macht uns so einzigartig?<\/h3>\n<p>Wenn ich Ihnen einige der besten Anwendungen unserer hochwertigen Gleichstrommotoren vorstelle, m\u00f6chte ich Ihnen gerne erz\u00e4hlen, wie wir arbeiten. Wir besitzen das beste Team von Technikern und Ingenieuren. Sie sind bereit, nicht nur jeden Schritt mit Ihnen zu halten, sondern auch mit Ihnen arbeiten, um sicherzustellen, was Sie wollen.<\/p>\n<p>Werfen wir einen Blick auf einige der besten Anwendungen, die unsere Schwerlastantriebe in verschiedenen Bereichen bieten:<\/p>\n<ul>\n<li>Hochofen<\/li>\n<li>Koksanlagen<\/li>\n<li>Steuerung der Ventilatorenklappen<\/li>\n<li>Schiebe- und Flop-Tore<\/li>\n<li>Hei\u00dfe M\u00fchlenbereiche<\/li>\n<li>Kesselh\u00e4user<\/li>\n<li>Schloss-Ventilierung<\/li>\n<li>Dampf-Regelventile<\/li>\n<li>Kaltwalzwerke<\/li>\n<\/ul>\n<h3><strong>Welche Arten von Qualit\u00e4tsmotoren bieten wir an?<\/strong><\/h3>\n<p>Weil wir eine renommierte und f\u00fchrende Marke f\u00fcr hochwertige Gleichstrommotoren sind, bieten wir L\u00f6sungen f\u00fcr alle Anforderungen unserer Kunden an. Vor allem m\u00fcssen ihre industriellen und mechanischen Projektanforderungen erf\u00fcllen. Bei JimiTech Actuators finden Sie verschiedene Arten von Antrieben wie:<\/p>\n<ul>\n<li>Hochaufl\u00f6sende DC-Motoren<\/li>\n<li>Elektrischer Stangenantrieb<\/li>\n<li>Pneumatischer Stangenantrieb<\/li>\n<li>Antriebe mit Riemen- und Schraubenantrieb<\/li>\n<\/ul>\n<h3><strong>Kommen Sie noch heute zu uns und schlie\u00dfen Sie das beste Gesch\u00e4ft ab<\/strong><\/h3>\n<p>Nicht nur vermitteln erstaunliche Artikel zu Ihnen, sondern auch Struktur ein Element passt, was Sie suchen. Unser Angebot wird im ganzen Land mit dem Ziel, wo immer Sie uns ben\u00f6tigen. Nehmen Sie noch heute Kontakt mit uns auf, um weitere Informationen zu erhalten, oder besuchen Sie unsere Website, um mehr zu erfahren!<\/p>\n<p>Sie k\u00f6nnen gehen, um mehr \u00e4hnliche Produkte kennen: <span style=\"color: #0000ff;\"><a style=\"color: #0000ff;\" href=\"http:\/\/jimiactuators.com\/de\/product\/mt-1344\/\">MT-1344 <\/a><a style=\"color: #0000ff;\" href=\"http:\/\/jimiactuators.com\/de\/product\/mt-300\/\">MT-300<\/a><\/span>[\/read]\n<\/div>\n<\/div><div class=\"fusion-recent-works fusion-portfolio-element fusion-portfolio fusion-portfolio-1 fusion-portfolio-carousel fusion-portfolio-paging-pagination recent-works-carousel portfolio-carousel picture-size-auto fusion-portfolio-rollover\" data-id=\"-rw-1\"><div class=\"fusion-carousel\" data-autoplay=\"no\" data-columns=\"3\" data-itemmargin=\"30\" data-itemwidth=\"180\" data-touchscroll=\"no\" data-imagesize=\"auto\"><div class=\"fusion-carousel-positioner\"><ul class=\"fusion-carousel-holder\"><li class=\"fusion-carousel-item\"><div class=\"fusion-carousel-item-wrapper\"><span class=\"entry-title rich-snippet-hidden\">MT-300 DC MOTOREN<\/span><span class=\"vcard rich-snippet-hidden\"><span class=\"fn\"><a href=\"https:\/\/jimiactuators.com\/de\/author\/adminn\/\" title=\"Beitr\u00e4ge von jimiactuators team\" rel=\"author\">jimiactuators team<\/a><\/span><\/span><span class=\"updated rich-snippet-hidden\">2021-10-03T07:41:39+00:00<\/span>\n\n<div  class=\"fusion-image-wrapper\" aria-haspopup=\"true\">\n\t\n\t\n\t\t\n\t\t\t\t\t<img decoding=\"async\" width=\"500\" height=\"500\" src=\"https:\/\/jimiactuators.com\/wp-content\/uploads\/2019\/08\/300w-500.jpg\" class=\"attachment-full size-full wp-post-image\" alt=\"DC-Motor f\u00fcr hohe Belastungen\" \/>\n\t\n\n\t\t<div class=\"fusion-rollover\">\n\t<div class=\"fusion-rollover-content\">\n\n\t\t\t\t\t\t\t\t\t\t\t\t\t\t<a class=\"fusion-rollover-link\" href=\"https:\/\/jimiactuators.com\/de\/portfolio-elemente\/mt-300-dc-motoren\/\">MT-300 DC MOTOREN<\/a>\n\t\t\t\n\t\t\t\t\t\t\t\t\t\t\t\t\t\t\n\t\t\t\t\t\t\t\t\n\t\t\t\t\t\t\t\t\t\t\t\t\t<div class=\"fusion-rollover-sep\"><\/div>\n\t\t\t\t\n\t\t\t\t\t\t\t\t\t\t\t\t\t\t\t\t\t\t<a class=\"fusion-rollover-gallery\" href=\"https:\/\/jimiactuators.com\/wp-content\/uploads\/2019\/08\/300w-500.jpg\" data-id=\"2633\" data-rel=\"iLightbox[gallery-rw-1]\" data-title=\"300w-500\" data-caption=\"\">\n\t\t\t\t\t\tGallery\t\t\t\t\t<\/a>\n\t\t\t\t\t\t\t\t\t\t\t\t\t\t\n\t\t\t\t\n\t\t\t\t\t\t\t\t\t\t\t\t<h4 class=\"fusion-rollover-title\">\n\t\t\t\t\t<a class=\"fusion-rollover-title-link\" href=\"https:\/\/jimiactuators.com\/de\/portfolio-elemente\/mt-300-dc-motoren\/\">\n\t\t\t\t\t\tMT-300 DC MOTOREN\t\t\t\t\t<\/a>\n\t\t\t\t<\/h4>\n\t\t\t\n\t\t\t\t\t\t\t\t\t\t\t\t\t\t<div class=\"fusion-rollover-categories\"><a href=\"https:\/\/jimiactuators.com\/de\/portfolio_kategorie\/gleichstrommotoren\/\" rel=\"tag\">DC-Motoren<\/a><\/div>\t\t\t\t\t\n\t\t\n\t\t\t\t<a class=\"fusion-link-wrapper\" href=\"https:\/\/jimiactuators.com\/de\/portfolio-elemente\/mt-300-dc-motoren\/\" aria-label=\"MT-300 DC MOTOREN\"><\/a>\n\t<\/div>\n<\/div>\n\n\t\n<\/div>\n<\/div><\/li><li class=\"fusion-carousel-item\"><div class=\"fusion-carousel-item-wrapper\"><span class=\"entry-title rich-snippet-hidden\">MT-500 DC MOTOR<\/span><span class=\"vcard rich-snippet-hidden\"><span class=\"fn\"><a href=\"https:\/\/jimiactuators.com\/de\/author\/adminn\/\" title=\"Beitr\u00e4ge von jimiactuators team\" rel=\"author\">jimiactuators team<\/a><\/span><\/span><span class=\"updated rich-snippet-hidden\">2021-10-03T07:38:32+00:00<\/span>\n\n<div  class=\"fusion-image-wrapper\" aria-haspopup=\"true\">\n\t\n\t\n\t\t\n\t\t\t\t\t<img decoding=\"async\" width=\"1920\" height=\"924\" src=\"https:\/\/jimiactuators.com\/wp-content\/uploads\/2020\/03\/41f5824c3429dc82dd823c319a769a9.jpg\" class=\"attachment-full size-full wp-post-image\" alt=\"DC-Hochleistungsmotoren\" \/>\n\t\n\n\t\t<div class=\"fusion-rollover\">\n\t<div class=\"fusion-rollover-content\">\n\n\t\t\t\t\t\t\t\t\t\t\t\t\t\t<a class=\"fusion-rollover-link\" href=\"https:\/\/jimiactuators.com\/de\/portfolio-elemente\/mt-500-dc-motor\/\">MT-500 DC MOTOR<\/a>\n\t\t\t\n\t\t\t\t\t\t\t\t\t\t\t\t\t\t\n\t\t\t\t\t\t\t\t\n\t\t\t\t\t\t\t\t\t\t\t\t\t<div class=\"fusion-rollover-sep\"><\/div>\n\t\t\t\t\n\t\t\t\t\t\t\t\t\t\t\t\t\t\t\t\t\t\t<a class=\"fusion-rollover-gallery\" href=\"https:\/\/jimiactuators.com\/wp-content\/uploads\/2020\/03\/41f5824c3429dc82dd823c319a769a9.jpg\" data-id=\"2630\" data-rel=\"iLightbox[gallery-rw-1]\" data-title=\"heavy duty DC motors\" data-caption=\"1.5 N.m twist force\">\n\t\t\t\t\t\tGallery\t\t\t\t\t<\/a>\n\t\t\t\t\t\t\t\t\t\t\t\t\t\t\n\t\t\t\t\n\t\t\t\t\t\t\t\t\t\t\t\t<h4 class=\"fusion-rollover-title\">\n\t\t\t\t\t<a class=\"fusion-rollover-title-link\" href=\"https:\/\/jimiactuators.com\/de\/portfolio-elemente\/mt-500-dc-motor\/\">\n\t\t\t\t\t\tMT-500 DC MOTOR\t\t\t\t\t<\/a>\n\t\t\t\t<\/h4>\n\t\t\t\n\t\t\t\t\t\t\t\t\t\t\t\t\t\t<div class=\"fusion-rollover-categories\"><a href=\"https:\/\/jimiactuators.com\/de\/portfolio_kategorie\/gleichstrommotoren\/\" rel=\"tag\">DC-Motoren<\/a><\/div>\t\t\t\t\t\n\t\t\n\t\t\t\t<a class=\"fusion-link-wrapper\" href=\"https:\/\/jimiactuators.com\/de\/portfolio-elemente\/mt-500-dc-motor\/\" aria-label=\"MT-500 DC MOTOR\"><\/a>\n\t<\/div>\n<\/div>\n\n\t\n<\/div>\n<\/div><\/li><\/ul><div class=\"fusion-carousel-nav\"><span class=\"fusion-nav-prev\"><\/span><span class=\"fusion-nav-next\"><\/span><\/div><\/div><\/div><\/div><\/div><\/div><style type=\"text\/css\">.fusion-body .fusion-builder-column-0{width:100% !important;margin-top : 0px;margin-bottom : 0px;}.fusion-builder-column-0 > .fusion-column-wrapper {padding-top : 0px !important;padding-right : 0px !important;margin-right : 1.92%;padding-bottom : 0px !important;padding-left : 0px !important;margin-left : 1.92%;}@media only screen and (max-width:1024px) {.fusion-body .fusion-builder-column-0{width:100% !important;}.fusion-builder-column-0 > .fusion-column-wrapper {margin-right : 1.92%;margin-left : 1.92%;}}@media only screen and (max-width:640px) {.fusion-body .fusion-builder-column-0{width:100% !important;}.fusion-builder-column-0 > .fusion-column-wrapper {margin-right : 1.92%;margin-left : 1.92%;}}<\/style><\/div><style type=\"text\/css\">.fusion-body .fusion-flex-container.fusion-builder-row-1{ padding-top : 0px;margin-top : 0px;padding-right : 0px;padding-bottom : 0px;margin-bottom : 0px;padding-left : 0px;}<\/style><\/div>","protected":false},"excerpt":{"rendered":"","protected":false},"author":2,"featured_media":0,"parent":2747,"menu_order":0,"comment_status":"closed","ping_status":"closed","template":"","meta":{"footnotes":""},"class_list":["post-1818","page","type-page","status-publish","hentry"],"_links":{"self":[{"href":"https:\/\/jimiactuators.com\/de\/wp-json\/wp\/v2\/pages\/1818","targetHints":{"allow":["GET"]}}],"collection":[{"href":"https:\/\/jimiactuators.com\/de\/wp-json\/wp\/v2\/pages"}],"about":[{"href":"https:\/\/jimiactuators.com\/de\/wp-json\/wp\/v2\/types\/page"}],"author":[{"embeddable":true,"href":"https:\/\/jimiactuators.com\/de\/wp-json\/wp\/v2\/users\/2"}],"replies":[{"embeddable":true,"href":"https:\/\/jimiactuators.com\/de\/wp-json\/wp\/v2\/comments?post=1818"}],"version-history":[{"count":0,"href":"https:\/\/jimiactuators.com\/de\/wp-json\/wp\/v2\/pages\/1818\/revisions"}],"up":[{"embeddable":true,"href":"https:\/\/jimiactuators.com\/de\/wp-json\/wp\/v2\/pages\/2747"}],"wp:attachment":[{"href":"https:\/\/jimiactuators.com\/de\/wp-json\/wp\/v2\/media?parent=1818"}],"curies":[{"name":"wp","href":"https:\/\/api.w.org\/{rel}","templated":true}]}}