{"id":1824,"date":"2019-08-13T11:08:37","date_gmt":"2019-08-13T11:08:37","guid":{"rendered":"http:\/\/jimiactuators.com\/?page_id=1824"},"modified":"2021-10-10T01:33:19","modified_gmt":"2021-10-10T01:33:19","slug":"hohenverstellbare-schreibtische","status":"publish","type":"page","link":"https:\/\/jimiactuators.com\/de\/produkte\/hohenverstellbare-schreibtische\/","title":{"rendered":"H\u00f6henverstellbare Schreibtische"},"content":{"rendered":"<div class=\"fusion-fullwidth fullwidth-box fusion-builder-row-1 fusion-flex-container nonhundred-percent-fullwidth non-hundred-percent-height-scrolling\" style=\"background-color: rgba(255,255,255,0);background-position: center center;background-repeat: no-repeat;border-width: 0px 0px 0px 0px;border-color:#e2e2e2;border-style:solid;\" ><div class=\"fusion-builder-row fusion-row fusion-flex-align-items-flex-start\" style=\"max-width:1248px;margin-left: calc(-4% \/ 2 );margin-right: calc(-4% \/ 2 );\"><div class=\"fusion-layout-column fusion_builder_column fusion-builder-column-0 fusion_builder_column_1_1 1_1 fusion-flex-column\"><div class=\"fusion-column-wrapper fusion-flex-justify-content-flex-start fusion-content-layout-column\" style=\"background-position:left top;background-repeat:no-repeat;-webkit-background-size:cover;-moz-background-size:cover;-o-background-size:cover;background-size:cover;padding: 0px 0px 0px 0px;\"><div class=\"fusion-text fusion-text-1\"><div class=\"snippets-actions\">\n<h2>Intelligente Antriebssysteme f\u00fcr h\u00f6henverstellbare Schreibtische<\/h2>\n<p>Die Ergonomie am Arbeitsplatz r\u00fcckt weltweit immer mehr in den Mittelpunkt. Dies gilt vor allem f\u00fcr Arbeitspl\u00e4tze, an denen die Mitarbeiter die meiste Zeit des Tages sitzen oder stehen.[read more=\u201dRead More\u201d less=\u201dRead Less\u201d] Viele wissenschaftliche Studien zeigen, dass ein h\u00e4ufiger Wechsel der K\u00f6rperhaltung zur Verbesserung der Gesundheit der Mitarbeiter beitr\u00e4gt und sie in die Lage versetzt, den ganzen Tag \u00fcber produktiv zu bleiben. Verantwortungsbewusste F\u00fchrungskr\u00e4fte achten darauf und installieren h\u00f6henverstellbare Schreibtische und\/oder Arbeitspl\u00e4tze f\u00fcr ihre Mitarbeiter. Mit Jimi-Aktuatoren k\u00f6nnen Sie Vorteile bieten wie:<\/p>\n<ul>\n<li>Flexibles Design und einfache Installation<\/li>\n<li>Sanfter Parallelantrieb und extrem leiser Betrieb<\/li>\n<li>Langlebige Hubs\u00e4ulen von einem erfahrenen Partner<\/li>\n<\/ul>\n<p>Station\u00e4re Arbeitspl\u00e4tze sind sehr unterschiedlich. Manche Menschen sitzen an einem B\u00fcroschreibtisch, w\u00e4hrend andere den ganzen Tag an einem technischen oder industriellen Arbeitsplatz stehen. Das Ziel bleibt jedoch dasselbe - die Mitarbeiter sollen w\u00e4hrend des Tages produktiv und w\u00e4hrend ihres gesamten Arbeitslebens gesund bleiben. Hubs\u00e4ulensysteme von JIMI helfen dabei, die notwendige H\u00f6henverstellung oder Tischplattenneigung f\u00fcr eine optimale Ergonomie zu schaffen.<\/p>\n<p><strong>Ma\u00dfgeschneiderte Plug &amp; Play-L\u00f6sungen haben<\/strong><br \/>\nWenn es um B\u00fcroarbeitspl\u00e4tze geht, spielt das Design eine entscheidende Rolle. Bei industriellen Arbeitspl\u00e4tzen sind Zuverl\u00e4ssigkeit und eine hohe Hubkapazit\u00e4t unabdingbar, w\u00e4hrend bei technischen Arbeitspl\u00e4tzen eine multifunktionale Koordination der Antriebe erforderlich ist. Dank eines breiten Produktportfolios ist JIMI in der Lage, die meisten Anforderungen zu erf\u00fcllen und modulare elektrische L\u00f6sungen sowie komplette Rahmensysteme f\u00fcr jeden Arbeitsplatz zu liefern.<\/p>\n<p><strong>Genie\u00dfen Sie fl\u00fcssige Bewegungen in einer ger\u00e4uscharmen Umgebung<\/strong><br \/>\nViele Arbeitspl\u00e4tze werden rund um die Uhr von Mitarbeitern bedient, die im Schichtwechsel arbeiten. In B\u00fcroumgebungen teilen sich viele Menschen oft den ganzen Tag \u00fcber einen Schreibtisch. Kein Mensch ist wie der andere, und die Nachfrage nach flexiblen Schreibtischl\u00f6sungen w\u00e4chst. Mit moderner Antriebstechnik k\u00f6nnen Sie sanfte und fast ger\u00e4uschlose Bewegungen mit logischen Steuerungen und intelligenter Software anbieten, die sich leicht anpassen und personalisieren lassen. Dies sorgt f\u00fcr optimale Ergonomie, erh\u00f6hte Produktivit\u00e4t und zufriedenere Mitarbeiter.<\/p>\n<p><strong>Verwenden Sie zuverl\u00e4ssige Antriebe von einem erfahrenen Partner<\/strong><br \/>\nAlle jIMI-Produkte werden vor ihrer Markteinf\u00fchrung strengen Tests unterzogen. Dies gew\u00e4hrleistet eine lange Lebensdauer und macht Wartung \u00fcberfl\u00fcssig. Mehr als 30 Jahre Erfahrung mit elektrischen Linearantrieben und Hubs\u00e4ulen bieten Ihnen den qualifiziertesten Service und die beste Produktentwicklung, die es gibt. Unsere globale Pr\u00e4senz bedeutet, dass JIMI immer in der N\u00e4he ist und den Markt genau kennt[\/read].\n<\/div>\n<\/div><div class=\"fusion-recent-works fusion-portfolio-element fusion-portfolio fusion-portfolio-1 fusion-portfolio-carousel fusion-portfolio-paging-pagination recent-works-carousel portfolio-carousel picture-size-auto fusion-portfolio-rollover\" data-id=\"-rw-1\"><div class=\"fusion-carousel\" data-autoplay=\"no\" data-columns=\"3\" data-itemmargin=\"30\" data-itemwidth=\"180\" data-touchscroll=\"no\" data-imagesize=\"auto\"><div class=\"fusion-carousel-positioner\"><ul class=\"fusion-carousel-holder\"><li class=\"fusion-carousel-item\"><div class=\"fusion-carousel-item-wrapper\"><span class=\"entry-title rich-snippet-hidden\">Stehpult, dreibeinig<\/span><span class=\"vcard rich-snippet-hidden\"><span class=\"fn\"><a href=\"https:\/\/jimiactuators.com\/de\/author\/adminn\/\" title=\"Beitr\u00e4ge von jimiactuators team\" rel=\"author\">jimiactuators team<\/a><\/span><\/span><span class=\"updated rich-snippet-hidden\">2026-01-23T12:45:17+00:00<\/span>\n\n<div  class=\"fusion-image-wrapper\" aria-haspopup=\"true\">\n\t\n\t\n\t\t\n\t\t\t\t\t<img decoding=\"async\" width=\"500\" height=\"500\" src=\"https:\/\/jimiactuators.com\/wp-content\/uploads\/2018\/08\/001.jpg\" class=\"attachment-full size-full wp-post-image\" alt=\"\" \/>\n\t\n\n\t\t<div class=\"fusion-rollover\">\n\t<div class=\"fusion-rollover-content\">\n\n\t\t\t\t\t\t\t\t\t\t\t\t\t\t<a class=\"fusion-rollover-link\" href=\"https:\/\/jimiactuators.com\/de\/portfolio-elemente\/stand-up-desk-three-legs\/\">Stehpult, dreibeinig<\/a>\n\t\t\t\n\t\t\t\t\t\t\t\t\t\t\t\t\t\t\n\t\t\t\t\t\t\t\t\n\t\t\t\t\t\t\t\t\t\t\t\t\t<div class=\"fusion-rollover-sep\"><\/div>\n\t\t\t\t\n\t\t\t\t\t\t\t\t\t\t\t\t\t\t\t\t\t\t<a class=\"fusion-rollover-gallery\" href=\"https:\/\/jimiactuators.com\/wp-content\/uploads\/2018\/08\/001.jpg\" data-id=\"2664\" data-rel=\"iLightbox[gallery-rw-1]\" data-title=\"001\" data-caption=\"\">\n\t\t\t\t\t\tGallery\t\t\t\t\t<\/a>\n\t\t\t\t\t\t\t\t\t\t\t\t\t\t\n\t\t\t\t\n\t\t\t\t\t\t\t\t\t\t\t\t<h4 class=\"fusion-rollover-title\">\n\t\t\t\t\t<a class=\"fusion-rollover-title-link\" href=\"https:\/\/jimiactuators.com\/de\/portfolio-elemente\/stand-up-desk-three-legs\/\">\n\t\t\t\t\t\tStehpult, dreibeinig\t\t\t\t\t<\/a>\n\t\t\t\t<\/h4>\n\t\t\t\n\t\t\t\t\t\t\t\t\t\t\t\t\t\t<div class=\"fusion-rollover-categories\"><a href=\"https:\/\/jimiactuators.com\/de\/portfolio_kategorie\/hohenverstellbarer-schreibtisch\/\" rel=\"tag\">h\u00f6henverstellbarer Schreibtisch<\/a>, <a href=\"https:\/\/jimiactuators.com\/de\/portfolio_kategorie\/kits-with-remote-control\/\" rel=\"tag\">Kits mit Fernbedienung<\/a>, <a href=\"https:\/\/jimiactuators.com\/de\/portfolio_kategorie\/hubsaulen\/\" rel=\"tag\">Hubs\u00e4ulen<\/a>, <a href=\"https:\/\/jimiactuators.com\/de\/portfolio_kategorie\/standing-desks-ergonomics\/\" rel=\"tag\">Stehpulte &amp; Ergonomie<\/a><\/div>\t\t\t\t\t\n\t\t\n\t\t\t\t<a class=\"fusion-link-wrapper\" href=\"https:\/\/jimiactuators.com\/de\/portfolio-elemente\/stand-up-desk-three-legs\/\" aria-label=\"Stehpult, dreibeinig\"><\/a>\n\t<\/div>\n<\/div>\n\n\t\n<\/div>\n<\/div><\/li><li class=\"fusion-carousel-item\"><div class=\"fusion-carousel-item-wrapper\"><span class=\"entry-title rich-snippet-hidden\">Stehpult, zwei Beine<\/span><span class=\"vcard rich-snippet-hidden\"><span class=\"fn\"><a href=\"https:\/\/jimiactuators.com\/de\/author\/adminn\/\" title=\"Beitr\u00e4ge von jimiactuators team\" rel=\"author\">jimiactuators team<\/a><\/span><\/span><span class=\"updated rich-snippet-hidden\">2026-01-23T12:44:51+00:00<\/span>\n\n<div  class=\"fusion-image-wrapper\" aria-haspopup=\"true\">\n\t\n\t\n\t\t\n\t\t\t\t\t<img decoding=\"async\" width=\"500\" height=\"500\" src=\"https:\/\/jimiactuators.com\/wp-content\/uploads\/2018\/08\/002.jpg\" class=\"attachment-full size-full wp-post-image\" alt=\"\" \/>\n\t\n\n\t\t<div class=\"fusion-rollover\">\n\t<div class=\"fusion-rollover-content\">\n\n\t\t\t\t\t\t\t\t\t\t\t\t\t\t<a class=\"fusion-rollover-link\" href=\"https:\/\/jimiactuators.com\/de\/portfolio-elemente\/stehpult-mit-zwei-beinen\/\">Stehpult, zwei Beine<\/a>\n\t\t\t\n\t\t\t\t\t\t\t\t\t\t\t\t\t\t\n\t\t\t\t\t\t\t\t\n\t\t\t\t\t\t\t\t\t\t\t\t\t<div class=\"fusion-rollover-sep\"><\/div>\n\t\t\t\t\n\t\t\t\t\t\t\t\t\t\t\t\t\t\t\t\t\t\t<a class=\"fusion-rollover-gallery\" href=\"https:\/\/jimiactuators.com\/wp-content\/uploads\/2018\/08\/002.jpg\" data-id=\"2662\" data-rel=\"iLightbox[gallery-rw-1]\" data-title=\"002\" data-caption=\"\">\n\t\t\t\t\t\tGallery\t\t\t\t\t<\/a>\n\t\t\t\t\t\t\t\t\t\t\t\t\t\t\n\t\t\t\t\n\t\t\t\t\t\t\t\t\t\t\t\t<h4 class=\"fusion-rollover-title\">\n\t\t\t\t\t<a class=\"fusion-rollover-title-link\" href=\"https:\/\/jimiactuators.com\/de\/portfolio-elemente\/stehpult-mit-zwei-beinen\/\">\n\t\t\t\t\t\tStehpult, zwei Beine\t\t\t\t\t<\/a>\n\t\t\t\t<\/h4>\n\t\t\t\n\t\t\t\t\t\t\t\t\t\t\t\t\t\t<div class=\"fusion-rollover-categories\"><a href=\"https:\/\/jimiactuators.com\/de\/portfolio_kategorie\/hohenverstellbarer-schreibtisch\/\" rel=\"tag\">h\u00f6henverstellbarer Schreibtisch<\/a>, <a href=\"https:\/\/jimiactuators.com\/de\/portfolio_kategorie\/kits-with-remote-control\/\" rel=\"tag\">Kits mit Fernbedienung<\/a>, <a href=\"https:\/\/jimiactuators.com\/de\/portfolio_kategorie\/hubsaulen\/\" rel=\"tag\">Hubs\u00e4ulen<\/a>, <a href=\"https:\/\/jimiactuators.com\/de\/portfolio_kategorie\/standing-desks-ergonomics\/\" rel=\"tag\">Stehpulte &amp; Ergonomie<\/a><\/div>\t\t\t\t\t\n\t\t\n\t\t\t\t<a class=\"fusion-link-wrapper\" href=\"https:\/\/jimiactuators.com\/de\/portfolio-elemente\/stehpult-mit-zwei-beinen\/\" aria-label=\"Stehpult, zwei Beine\"><\/a>\n\t<\/div>\n<\/div>\n\n\t\n<\/div>\n<\/div><\/li><li class=\"fusion-carousel-item\"><div class=\"fusion-carousel-item-wrapper\"><span class=\"entry-title rich-snippet-hidden\">varidesk, einbeinig<\/span><span class=\"vcard rich-snippet-hidden\"><span class=\"fn\"><a href=\"https:\/\/jimiactuators.com\/de\/author\/adminn\/\" title=\"Beitr\u00e4ge von jimiactuators team\" rel=\"author\">jimiactuators team<\/a><\/span><\/span><span class=\"updated rich-snippet-hidden\">2026-01-23T12:44:10+00:00<\/span>\n\n<div  class=\"fusion-image-wrapper\" aria-haspopup=\"true\">\n\t\n\t\n\t\t\n\t\t\t\t\t<img decoding=\"async\" width=\"500\" height=\"500\" src=\"https:\/\/jimiactuators.com\/wp-content\/uploads\/2018\/08\/003.jpg\" class=\"attachment-full size-full wp-post-image\" alt=\"\" \/>\n\t\n\n\t\t<div class=\"fusion-rollover\">\n\t<div class=\"fusion-rollover-content\">\n\n\t\t\t\t\t\t\t\t\t\t\t\t\t\t<a class=\"fusion-rollover-link\" href=\"https:\/\/jimiactuators.com\/de\/portfolio-elemente\/varidesk-einbeinig\/\">varidesk, einbeinig<\/a>\n\t\t\t\n\t\t\t\t\t\t\t\t\t\t\t\t\t\t\n\t\t\t\t\t\t\t\t\n\t\t\t\t\t\t\t\t\t\t\t\t\t<div class=\"fusion-rollover-sep\"><\/div>\n\t\t\t\t\n\t\t\t\t\t\t\t\t\t\t\t\t\t\t\t\t\t\t<a class=\"fusion-rollover-gallery\" href=\"https:\/\/jimiactuators.com\/wp-content\/uploads\/2018\/08\/003.jpg\" data-id=\"2660\" data-rel=\"iLightbox[gallery-rw-1]\" data-title=\"003\" data-caption=\"\">\n\t\t\t\t\t\tGallery\t\t\t\t\t<\/a>\n\t\t\t\t\t\t\t\t\t\t\t\t\t\t\n\t\t\t\t\n\t\t\t\t\t\t\t\t\t\t\t\t<h4 class=\"fusion-rollover-title\">\n\t\t\t\t\t<a class=\"fusion-rollover-title-link\" href=\"https:\/\/jimiactuators.com\/de\/portfolio-elemente\/varidesk-einbeinig\/\">\n\t\t\t\t\t\tvaridesk, einbeinig\t\t\t\t\t<\/a>\n\t\t\t\t<\/h4>\n\t\t\t\n\t\t\t\t\t\t\t\t\t\t\t\t\t\t<div class=\"fusion-rollover-categories\"><a href=\"https:\/\/jimiactuators.com\/de\/portfolio_kategorie\/brushed-dc-actuators\/\" rel=\"tag\">Geb\u00fcrstete DC-Aktuatoren<\/a>, <a href=\"https:\/\/jimiactuators.com\/de\/portfolio_kategorie\/brushless-dc-actuators\/\" rel=\"tag\">B\u00fcrstenlose DC-Stellantriebe<\/a>, <a href=\"https:\/\/jimiactuators.com\/de\/portfolio_kategorie\/hohenverstellbarer-schreibtisch\/\" rel=\"tag\">h\u00f6henverstellbarer Schreibtisch<\/a>, <a href=\"https:\/\/jimiactuators.com\/de\/portfolio_kategorie\/kits-with-remote-control\/\" rel=\"tag\">Kits mit Fernbedienung<\/a>, <a href=\"https:\/\/jimiactuators.com\/de\/portfolio_kategorie\/hubsaulen\/\" rel=\"tag\">Hubs\u00e4ulen<\/a>, <a href=\"https:\/\/jimiactuators.com\/de\/portfolio_kategorie\/standard-inline-actuators\/\" rel=\"tag\">Standard-\/Inline-Stellantriebe<\/a>, <a href=\"https:\/\/jimiactuators.com\/de\/portfolio_kategorie\/standing-desks-ergonomics\/\" rel=\"tag\">Stehpulte &amp; Ergonomie<\/a><\/div>\t\t\t\t\t\n\t\t\n\t\t\t\t<a class=\"fusion-link-wrapper\" href=\"https:\/\/jimiactuators.com\/de\/portfolio-elemente\/varidesk-einbeinig\/\" aria-label=\"varidesk, einbeinig\"><\/a>\n\t<\/div>\n<\/div>\n\n\t\n<\/div>\n<\/div><\/li><\/ul><div class=\"fusion-carousel-nav\"><span class=\"fusion-nav-prev\"><\/span><span class=\"fusion-nav-next\"><\/span><\/div><\/div><\/div><\/div><\/div><\/div><style type=\"text\/css\">.fusion-body .fusion-builder-column-0{width:100% !important;margin-top : 0px;margin-bottom : 0px;}.fusion-builder-column-0 > .fusion-column-wrapper {padding-top : 0px !important;padding-right : 0px !important;margin-right : 1.92%;padding-bottom : 0px !important;padding-left : 0px !important;margin-left : 1.92%;}@media only screen and (max-width:1024px) {.fusion-body .fusion-builder-column-0{width:100% !important;}.fusion-builder-column-0 > .fusion-column-wrapper {margin-right : 1.92%;margin-left : 1.92%;}}@media only screen and (max-width:640px) {.fusion-body .fusion-builder-column-0{width:100% !important;}.fusion-builder-column-0 > .fusion-column-wrapper {margin-right : 1.92%;margin-left : 1.92%;}}<\/style><\/div><style type=\"text\/css\">.fusion-body .fusion-flex-container.fusion-builder-row-1{ padding-top : 0px;margin-top : 0px;padding-right : 0px;padding-bottom : 0px;margin-bottom : 0px;padding-left : 0px;}<\/style><\/div>","protected":false},"excerpt":{"rendered":"","protected":false},"author":2,"featured_media":0,"parent":1838,"menu_order":0,"comment_status":"closed","ping_status":"closed","template":"","meta":{"footnotes":""},"class_list":["post-1824","page","type-page","status-publish","hentry"],"_links":{"self":[{"href":"https:\/\/jimiactuators.com\/de\/wp-json\/wp\/v2\/pages\/1824","targetHints":{"allow":["GET"]}}],"collection":[{"href":"https:\/\/jimiactuators.com\/de\/wp-json\/wp\/v2\/pages"}],"about":[{"href":"https:\/\/jimiactuators.com\/de\/wp-json\/wp\/v2\/types\/page"}],"author":[{"embeddable":true,"href":"https:\/\/jimiactuators.com\/de\/wp-json\/wp\/v2\/users\/2"}],"replies":[{"embeddable":true,"href":"https:\/\/jimiactuators.com\/de\/wp-json\/wp\/v2\/comments?post=1824"}],"version-history":[{"count":0,"href":"https:\/\/jimiactuators.com\/de\/wp-json\/wp\/v2\/pages\/1824\/revisions"}],"up":[{"embeddable":true,"href":"https:\/\/jimiactuators.com\/de\/wp-json\/wp\/v2\/pages\/1838"}],"wp:attachment":[{"href":"https:\/\/jimiactuators.com\/de\/wp-json\/wp\/v2\/media?parent=1824"}],"curies":[{"name":"wp","href":"https:\/\/api.w.org\/{rel}","templated":true}]}}