{"id":2538,"date":"2021-10-03T02:02:49","date_gmt":"2021-10-03T02:02:49","guid":{"rendered":"http:\/\/jimiactuators.com\/?page_id=2538"},"modified":"2026-01-17T05:12:04","modified_gmt":"2026-01-17T05:12:04","slug":"lineare-bewegungen","status":"publish","type":"page","link":"https:\/\/jimiactuators.com\/de\/produkte\/linearantrieb-elektrozylinder\/lineare-bewegungen\/","title":{"rendered":"Lineare Bewegungen"},"content":{"rendered":"<div class=\"fusion-fullwidth fullwidth-box fusion-builder-row-1 fusion-flex-container nonhundred-percent-fullwidth non-hundred-percent-height-scrolling\" style=\"background-color: rgba(255,255,255,0);background-position: center center;background-repeat: no-repeat;border-width: 0px 0px 0px 0px;border-color:#e2e2e2;border-style:solid;\" ><div class=\"fusion-builder-row fusion-row fusion-flex-align-items-flex-start\" style=\"max-width:1248px;margin-left: calc(-4% \/ 2 );margin-right: calc(-4% \/ 2 );\"><div class=\"fusion-layout-column fusion_builder_column fusion-builder-column-0 fusion_builder_column_1_1 1_1 fusion-flex-column\"><div class=\"fusion-column-wrapper fusion-flex-justify-content-flex-start fusion-content-layout-column\" style=\"background-position:left top;background-repeat:no-repeat;-webkit-background-size:cover;-moz-background-size:cover;-o-background-size:cover;background-size:cover;padding: 0px 0px 0px 0px;\"><div class=\"fusion-text fusion-text-1\"><p class=\"ds-markdown-paragraph\"><strong>Lineare Pr\u00e4zisionsbewegung: Die treibende Kraft hinter moderner Automation und Maschinenpark<\/strong><\/p>\n<p class=\"ds-markdown-paragraph\">Die lineare Bewegung, die grundlegende Bewegung entlang einer einzigen geraden Achse, ist ein Eckpfeiler der mechanischen Konstruktion und der industriellen Automatisierung. Sie bezieht sich auf die kontrollierte, pr\u00e4zise Bewegung eines Objekts auf einer Vorw\u00e4rts- oder R\u00fcckw\u00e4rtsbahn, im Gegensatz zur Rotationsbewegung. Eine zuverl\u00e4ssige, genaue und effiziente lineare Bewegung ist f\u00fcr unz\u00e4hlige Anwendungen entscheidend, bei denen es um Positionierung, Heben, Schieben oder pr\u00e4zise Ausrichtung geht.<\/p>\n<h3>Kerntechnologien, die eine kontrollierte lineare Bewegung erm\u00f6glichen<\/h3>\n<p class=\"ds-markdown-paragraph\">Mehrere mechanische Schl\u00fcsselsysteme sind f\u00fcr die Erzeugung und F\u00fchrung linearer Bewegungen vorgesehen:<\/p>\n<ul>\n<li>\n<p class=\"ds-markdown-paragraph\"><strong>Elektrische Linearaktuatoren:<\/strong>\u00a0Die vielseitigste L\u00f6sung, die die Drehbewegung eines Motors \u00fcber eine Leit- oder Kugelumlaufspindel in eine gleichm\u00e4\u00dfige, programmierbare Linearbewegung umwandelt. Sie bieten eine pr\u00e4zise Steuerung von Geschwindigkeit, Position und Kraft.<\/p>\n<\/li>\n<li>\n<p class=\"ds-markdown-paragraph\"><strong>Pneumatische und hydraulische Zylinder:<\/strong>\u00a0Nutzen Sie Druckluft oder Fl\u00fcssigkeiten zur Erzeugung von kraftvollen, schnellen linearen Bewegungen f\u00fcr industrielle Schwerlastanwendungen.<\/p>\n<\/li>\n<li>\n<p class=\"ds-markdown-paragraph\"><strong>Lineare F\u00fchrungen und Schienen:<\/strong>\u00a0Sie bieten eine reibungsarme, hochsteife Unterst\u00fctzung f\u00fcr bewegliche Komponenten und sorgen f\u00fcr eine reibungslose und genaue Bewegung entlang einer festgelegten Bahn.<\/p>\n<\/li>\n<li>\n<p class=\"ds-markdown-paragraph\"><strong>Kugelgewindetriebe und Leitspindeln:<\/strong>\u00a0Unverzichtbare Antriebskomponenten, die Rotationskraft mit hoher Effizienz und Pr\u00e4zision in lineare Verschiebung umsetzen.<\/p>\n<\/li>\n<\/ul>\n<h3>Vorteile von Pr\u00e4zisions-Linearantriebssystemen<\/h3>\n<p class=\"ds-markdown-paragraph\">Die Einf\u00fchrung fortschrittlicher L\u00f6sungen f\u00fcr die lineare Bewegung bietet erhebliche betriebliche Vorteile:<\/p>\n<ul>\n<li>\n<p class=\"ds-markdown-paragraph\"><strong>Hohe Genauigkeit und Reproduzierbarkeit:<\/strong>\u00a0Erm\u00f6glicht eine exakte Positionierung f\u00fcr Aufgaben wie Montage, Bearbeitung und Messung.<\/p>\n<\/li>\n<li>\n<p class=\"ds-markdown-paragraph\"><strong>Verbesserte Effizienz und Geschwindigkeit:<\/strong>\u00a0Automatisiert manuelle Prozesse und erh\u00f6ht den Durchsatz und die Konsistenz in der Fertigung.<\/p>\n<\/li>\n<li>\n<p class=\"ds-markdown-paragraph\"><strong>Verbesserte Lasthandhabung:<\/strong>\u00a0Sie sind in der Lage, schwere Lasten stabil und kontrolliert zu bewegen, von empfindlicher Elektronik bis hin zu Industriemaschinen.<\/p>\n<\/li>\n<li>\n<p class=\"ds-markdown-paragraph\"><strong>Langlebigkeit und geringer Wartungsaufwand:<\/strong>\u00a0Durchdachte Systeme reduzieren den Verschlei\u00df und bieten eine lange Lebensdauer in anspruchsvollen Umgebungen.<\/p>\n<\/li>\n<li>\n<p class=\"ds-markdown-paragraph\"><strong>Flexible Integration:<\/strong>\u00a0Kann nahtlos in komplexe automatisierte Systeme mit speicherprogrammierbaren Steuerungen (PLCs) und R\u00fcckmeldesensoren integriert werden.<\/p>\n<\/li>\n<\/ul>\n<h3>Kritische Anwendungen in verschiedenen Branchen<\/h3>\n<p class=\"ds-markdown-paragraph\">Pr\u00e4zise lineare Bewegungstechnik ist in einer Vielzahl von Sektoren unverzichtbar:<\/p>\n<ul>\n<li>\n<p class=\"ds-markdown-paragraph\"><strong>Industrielle Automatisierung:<\/strong>\u00a0Roboterarme, CNC-Maschinen, Pick-and-Place-Systeme, F\u00f6rderbandeinstellungen und automatisierte Verpackungslinien.<\/p>\n<\/li>\n<li>\n<p class=\"ds-markdown-paragraph\"><strong>Medizinische und Laborger\u00e4te:<\/strong>\u00a0Verstellbare chirurgische Tische, Positionierung von diagnostischen Scannern, Spritzenpumpen und Probenhandhabungssysteme.<\/p>\n<\/li>\n<li>\n<p class=\"ds-markdown-paragraph\"><strong>Erneuerbare Energien:<\/strong>\u00a0Kernst\u00fcck zu\u00a0<strong>Solartrackersysteme<\/strong>, wo die pr\u00e4zise Ausrichtung der Paneele die Energiegewinnung w\u00e4hrend des ganzen Tages maximiert.<\/p>\n<\/li>\n<li>\n<p class=\"ds-markdown-paragraph\"><strong>Automobilindustrie und Luft- und Raumfahrt:<\/strong>\u00a0Pr\u00fcfger\u00e4te, Bremssysteme, Flugsteuerungsfl\u00e4chen und Montagerobotik.<\/p>\n<\/li>\n<li>\n<p class=\"ds-markdown-paragraph\"><strong>Bauwesen und Schwermaschinen:<\/strong>\u00a0Steuerung von Auslegern, Schaufeln, Hebern und Stabilisatoren in Baggern, Ladern und Hubarbeitsb\u00fchnen.<\/p>\n<\/li>\n<li>\n<p class=\"ds-markdown-paragraph\"><strong>Verbraucher- und Spezialanwendungen:<\/strong>\u00a0Aufz\u00fcge, ergonomische M\u00f6bel, Positionierung von Teleskopen und Satellitensch\u00fcsseln und Hausautomatisierung.<\/p>\n<\/li>\n<\/ul>\n<h3>Implementierung Ihrer Linearbewegungsl\u00f6sung<\/h3>\n<p class=\"ds-markdown-paragraph\">Die Auswahl des richtigen Systems h\u00e4ngt von Faktoren wie ben\u00f6tigte Kraft, Geschwindigkeit, Hubl\u00e4nge, Pr\u00e4zision, Arbeitszyklus und Umgebungsbedingungen ab. Von elektrischen Standardantrieben bis hin zu voll\u00a0<strong>kundenspezifische lineare Bewegungssysteme<\/strong>, Die Entwicklung der richtigen L\u00f6sung ist der Schl\u00fcssel zur Optimierung von Leistung, Zuverl\u00e4ssigkeit und Kosteneffizienz.<\/p>\n<p class=\"ds-markdown-paragraph\">F\u00fcr eine fachkundige Anleitung zur Integration von Pr\u00e4zisions\u00a0<strong>lineare Bewegungstechnik<\/strong>\u00a0in Ihre Landwirtschafts-, Bau-, Industrie- oder Erneuerbare-Energien-Ausr\u00fcstung zu integrieren, erkunden Sie unsere technischen Ressourcen und ma\u00dfgeschneiderten Produktl\u00f6sungen, die Ihre spezifischen technischen Anforderungen erf\u00fcllen.<\/p>\n<\/div><div class=\"fusion-recent-works fusion-portfolio-element fusion-portfolio fusion-portfolio-1 fusion-portfolio-carousel fusion-portfolio-paging-pagination recent-works-carousel portfolio-carousel picture-size-auto fusion-portfolio-rollover\" data-id=\"-rw-1\"><div class=\"fusion-carousel\" data-autoplay=\"no\" data-columns=\"3\" data-itemmargin=\"30\" data-itemwidth=\"180\" data-touchscroll=\"no\" data-imagesize=\"auto\"><div class=\"fusion-carousel-positioner\"><ul class=\"fusion-carousel-holder\"><li class=\"fusion-carousel-item\"><div class=\"fusion-carousel-item-wrapper\"><span class=\"entry-title rich-snippet-hidden\">Wm60 Lineare Bewegung<\/span><span class=\"vcard rich-snippet-hidden\"><span class=\"fn\"><a href=\"https:\/\/jimiactuators.com\/de\/author\/adminn\/\" title=\"Beitr\u00e4ge von jimiactuators team\" rel=\"author\">jimiactuators team<\/a><\/span><\/span><span class=\"updated rich-snippet-hidden\">2026-01-23T12:42:24+00:00<\/span>\n\n<div  class=\"fusion-image-wrapper\" aria-haspopup=\"true\">\n\t\n\t\n\t\t\n\t\t\t\t\t<img decoding=\"async\" width=\"950\" height=\"500\" src=\"https:\/\/jimiactuators.com\/wp-content\/uploads\/2021\/10\/65-1.jpg\" class=\"attachment-full size-full wp-post-image\" alt=\"\" srcset=\"https:\/\/jimiactuators.com\/wp-content\/uploads\/2021\/10\/65-1-200x105.jpg 200w, https:\/\/jimiactuators.com\/wp-content\/uploads\/2021\/10\/65-1-400x211.jpg 400w, https:\/\/jimiactuators.com\/wp-content\/uploads\/2021\/10\/65-1-600x316.jpg 600w, https:\/\/jimiactuators.com\/wp-content\/uploads\/2021\/10\/65-1-800x421.jpg 800w, https:\/\/jimiactuators.com\/wp-content\/uploads\/2021\/10\/65-1.jpg 950w\" sizes=\"(min-width: 2200px) 100vw, (min-width: 784px) 380px, (min-width: 712px) 570px, (min-width: 640px) 712px, \" \/>\n\t\n\n\t\t<div class=\"fusion-rollover\">\n\t<div class=\"fusion-rollover-content\">\n\n\t\t\t\t\t\t\t\t\t\t\t\t\t\t<a class=\"fusion-rollover-link\" href=\"https:\/\/jimiactuators.com\/de\/portfolio-elemente\/wm60-linear-motion\/\">Wm60 Lineare Bewegung<\/a>\n\t\t\t\n\t\t\t\t\t\t\t\t\t\t\t\t\t\t\n\t\t\t\t\t\t\t\t\n\t\t\t\t\t\t\t\t\t\t\t\t\t<div class=\"fusion-rollover-sep\"><\/div>\n\t\t\t\t\n\t\t\t\t\t\t\t\t\t\t\t\t\t\t\t\t\t\t<a class=\"fusion-rollover-gallery\" href=\"https:\/\/jimiactuators.com\/wp-content\/uploads\/2021\/10\/65-1.jpg\" data-id=\"2600\" data-rel=\"iLightbox[gallery-rw-1]\" data-title=\"65-1\" data-caption=\"\">\n\t\t\t\t\t\tGallery\t\t\t\t\t<\/a>\n\t\t\t\t\t\t\t\t\t\t\t\t\t\t\n\t\t\t\t\n\t\t\t\t\t\t\t\t\t\t\t\t<h4 class=\"fusion-rollover-title\">\n\t\t\t\t\t<a class=\"fusion-rollover-title-link\" href=\"https:\/\/jimiactuators.com\/de\/portfolio-elemente\/wm60-linear-motion\/\">\n\t\t\t\t\t\tWm60 Lineare Bewegung\t\t\t\t\t<\/a>\n\t\t\t\t<\/h4>\n\t\t\t\n\t\t\t\t\t\t\t\t\t\t\t\t\t\t<div class=\"fusion-rollover-categories\"><a href=\"https:\/\/jimiactuators.com\/de\/portfolio_kategorie\/actuators-with-position-feedback\/\" rel=\"tag\">Stellantriebe mit Positionsr\u00fcckmeldung<\/a>, <a href=\"https:\/\/jimiactuators.com\/de\/portfolio_kategorie\/aerospace-defense\/\" rel=\"tag\">Luft- und Raumfahrt &amp; Verteidigung<\/a>, <a href=\"https:\/\/jimiactuators.com\/de\/portfolio_kategorie\/kugelgewindeantriebe\/\" rel=\"tag\">Kugelgewindeantriebe<\/a>, <a href=\"https:\/\/jimiactuators.com\/de\/portfolio_kategorie\/koaxiale-linearantriebe\/\" rel=\"tag\">Koaxiale Linearaktuatoren<\/a>, <a href=\"https:\/\/jimiactuators.com\/de\/portfolio_kategorie\/food-processing\/\" rel=\"tag\">Lebensmittelverarbeitung<\/a>, <a href=\"https:\/\/jimiactuators.com\/de\/portfolio_kategorie\/high-speed-high-precision-linear-actuators\/\" rel=\"tag\">Hochgeschwindigkeits-Hochpr\u00e4zisions-Linearaktuatoren<\/a>, <a href=\"https:\/\/jimiactuators.com\/de\/portfolio_kategorie\/home-furnitures\/\" rel=\"tag\">Heimtextilien<\/a>, <a href=\"https:\/\/jimiactuators.com\/de\/portfolio_kategorie\/industrielle-automatisierung\/\" rel=\"tag\">Industrielle Automatisierung<\/a>, <a href=\"https:\/\/jimiactuators.com\/de\/portfolio_kategorie\/kits-with-remote-control\/\" rel=\"tag\">Kits mit Fernbedienung<\/a>, <a href=\"https:\/\/jimiactuators.com\/de\/portfolio_kategorie\/hubsaulen\/\" rel=\"tag\">Hubs\u00e4ulen<\/a>, <a href=\"https:\/\/jimiactuators.com\/de\/portfolio_kategorie\/light-duty-miniature-actuators\/\" rel=\"tag\">Leichte Antriebe \/ Miniaturantriebe<\/a>, <a href=\"https:\/\/jimiactuators.com\/de\/portfolio_kategorie\/lineare-bewegungen\/\" rel=\"tag\">lineare Bewegungen<\/a>, <a href=\"https:\/\/jimiactuators.com\/de\/portfolio_kategorie\/gerauscharme-antriebe\/\" rel=\"tag\">Ger\u00e4uscharme Aktuatoren<\/a>, <a href=\"https:\/\/jimiactuators.com\/de\/portfolio_kategorie\/medical-health\/\" rel=\"tag\">Medizinische Gesundheit<\/a>, <a href=\"https:\/\/jimiactuators.com\/de\/portfolio_kategorie\/packaging-and-converting\/\" rel=\"tag\">Verpacken und Verarbeiten<\/a>, <a href=\"https:\/\/jimiactuators.com\/de\/portfolio_kategorie\/kolbenstangenlose-antriebe\/\" rel=\"tag\">Kolbenstangenlose Stellantriebe<\/a>, <a href=\"https:\/\/jimiactuators.com\/de\/portfolio_kategorie\/servo-motor-actuators\/\" rel=\"tag\">Servomotorische Stellantriebe<\/a>, <a href=\"https:\/\/jimiactuators.com\/de\/portfolio_kategorie\/stainless-steel-actuators\/\" rel=\"tag\">Aktuatoren aus rostfreiem Stahl<\/a>, <a href=\"https:\/\/jimiactuators.com\/de\/portfolio_kategorie\/stepper-motor-actuators\/\" rel=\"tag\">Schrittmotor-Stellantriebe<\/a><\/div>\t\t\t\t\t\n\t\t\n\t\t\t\t<a class=\"fusion-link-wrapper\" href=\"https:\/\/jimiactuators.com\/de\/portfolio-elemente\/wm60-linear-motion\/\" aria-label=\"Wm60 Lineare Bewegung\"><\/a>\n\t<\/div>\n<\/div>\n\n\t\n<\/div>\n<\/div><\/li><li class=\"fusion-carousel-item\"><div class=\"fusion-carousel-item-wrapper\"><span class=\"entry-title rich-snippet-hidden\">Wm40 Linear Motion Modul<\/span><span class=\"vcard rich-snippet-hidden\"><span class=\"fn\"><a href=\"https:\/\/jimiactuators.com\/de\/author\/adminn\/\" title=\"Beitr\u00e4ge von jimiactuators team\" rel=\"author\">jimiactuators team<\/a><\/span><\/span><span class=\"updated rich-snippet-hidden\">2026-01-23T12:41:39+00:00<\/span>\n\n<div  class=\"fusion-image-wrapper\" aria-haspopup=\"true\">\n\t\n\t\n\t\t\n\t\t\t\t\t<img decoding=\"async\" width=\"950\" height=\"500\" src=\"https:\/\/jimiactuators.com\/wp-content\/uploads\/2021\/10\/45.jpg\" class=\"attachment-full size-full wp-post-image\" alt=\"\" srcset=\"https:\/\/jimiactuators.com\/wp-content\/uploads\/2021\/10\/45-200x105.jpg 200w, https:\/\/jimiactuators.com\/wp-content\/uploads\/2021\/10\/45-400x211.jpg 400w, https:\/\/jimiactuators.com\/wp-content\/uploads\/2021\/10\/45-600x316.jpg 600w, https:\/\/jimiactuators.com\/wp-content\/uploads\/2021\/10\/45-800x421.jpg 800w, https:\/\/jimiactuators.com\/wp-content\/uploads\/2021\/10\/45.jpg 950w\" sizes=\"(min-width: 2200px) 100vw, (min-width: 784px) 380px, (min-width: 712px) 570px, (min-width: 640px) 712px, \" \/>\n\t\n\n\t\t<div class=\"fusion-rollover\">\n\t<div class=\"fusion-rollover-content\">\n\n\t\t\t\t\t\t\t\t\t\t\t\t\t\t<a class=\"fusion-rollover-link\" href=\"https:\/\/jimiactuators.com\/de\/portfolio-elemente\/wm40-modul-fur-lineare-bewegung\/\">Wm40 Linear Motion Modul<\/a>\n\t\t\t\n\t\t\t\t\t\t\t\t\t\t\t\t\t\t\n\t\t\t\t\t\t\t\t\n\t\t\t\t\t\t\t\t\t\t\t\t\t<div class=\"fusion-rollover-sep\"><\/div>\n\t\t\t\t\n\t\t\t\t\t\t\t\t\t\t\t\t\t\t\t\t\t\t<a class=\"fusion-rollover-gallery\" href=\"https:\/\/jimiactuators.com\/wp-content\/uploads\/2021\/10\/45.jpg\" data-id=\"2597\" data-rel=\"iLightbox[gallery-rw-1]\" data-title=\"45\" data-caption=\"\">\n\t\t\t\t\t\tGallery\t\t\t\t\t<\/a>\n\t\t\t\t\t\t\t\t\t\t\t\t\t\t\n\t\t\t\t\n\t\t\t\t\t\t\t\t\t\t\t\t<h4 class=\"fusion-rollover-title\">\n\t\t\t\t\t<a class=\"fusion-rollover-title-link\" href=\"https:\/\/jimiactuators.com\/de\/portfolio-elemente\/wm40-modul-fur-lineare-bewegung\/\">\n\t\t\t\t\t\tWm40 Linear Motion Modul\t\t\t\t\t<\/a>\n\t\t\t\t<\/h4>\n\t\t\t\n\t\t\t\t\t\t\t\t\t\t\t\t\t\t<div class=\"fusion-rollover-categories\"><a href=\"https:\/\/jimiactuators.com\/de\/portfolio_kategorie\/actuators-with-position-feedback\/\" rel=\"tag\">Stellantriebe mit Positionsr\u00fcckmeldung<\/a>, <a href=\"https:\/\/jimiactuators.com\/de\/portfolio_kategorie\/aerospace-defense\/\" rel=\"tag\">Luft- und Raumfahrt &amp; Verteidigung<\/a>, <a href=\"https:\/\/jimiactuators.com\/de\/portfolio_kategorie\/kugelgewindeantriebe\/\" rel=\"tag\">Kugelgewindeantriebe<\/a>, <a href=\"https:\/\/jimiactuators.com\/de\/portfolio_kategorie\/brushless-dc-actuators\/\" rel=\"tag\">B\u00fcrstenlose DC-Stellantriebe<\/a>, <a href=\"https:\/\/jimiactuators.com\/de\/portfolio_kategorie\/koaxiale-linearantriebe\/\" rel=\"tag\">Koaxiale Linearaktuatoren<\/a>, <a href=\"https:\/\/jimiactuators.com\/de\/portfolio_kategorie\/diy-projects-robotics\/\" rel=\"tag\">DIY-Projekte &amp; Robotik<\/a>, <a href=\"https:\/\/jimiactuators.com\/de\/portfolio_kategorie\/food-processing\/\" rel=\"tag\">Lebensmittelverarbeitung<\/a>, <a href=\"https:\/\/jimiactuators.com\/de\/portfolio_kategorie\/high-speed-high-precision-linear-actuators\/\" rel=\"tag\">Hochgeschwindigkeits-Hochpr\u00e4zisions-Linearaktuatoren<\/a>, <a href=\"https:\/\/jimiactuators.com\/de\/portfolio_kategorie\/industrielle-automatisierung\/\" rel=\"tag\">Industrielle Automatisierung<\/a>, <a href=\"https:\/\/jimiactuators.com\/de\/portfolio_kategorie\/kits-with-remote-control\/\" rel=\"tag\">Kits mit Fernbedienung<\/a>, <a href=\"https:\/\/jimiactuators.com\/de\/portfolio_kategorie\/hubsaulen\/\" rel=\"tag\">Hubs\u00e4ulen<\/a>, <a href=\"https:\/\/jimiactuators.com\/de\/portfolio_kategorie\/light-duty-miniature-actuators\/\" rel=\"tag\">Leichte Antriebe \/ Miniaturantriebe<\/a>, <a href=\"https:\/\/jimiactuators.com\/de\/portfolio_kategorie\/lineare-bewegungen\/\" rel=\"tag\">lineare Bewegungen<\/a>, <a href=\"https:\/\/jimiactuators.com\/de\/portfolio_kategorie\/gerauscharme-antriebe\/\" rel=\"tag\">Ger\u00e4uscharme Aktuatoren<\/a>, <a href=\"https:\/\/jimiactuators.com\/de\/portfolio_kategorie\/packaging-and-converting\/\" rel=\"tag\">Verpacken und Verarbeiten<\/a>, <a href=\"https:\/\/jimiactuators.com\/de\/portfolio_kategorie\/kolbenstangenlose-antriebe\/\" rel=\"tag\">Kolbenstangenlose Stellantriebe<\/a>, <a href=\"https:\/\/jimiactuators.com\/de\/portfolio_kategorie\/servo-motor-actuators\/\" rel=\"tag\">Servomotorische Stellantriebe<\/a>, <a href=\"https:\/\/jimiactuators.com\/de\/portfolio_kategorie\/stainless-steel-actuators\/\" rel=\"tag\">Aktuatoren aus rostfreiem Stahl<\/a>, <a href=\"https:\/\/jimiactuators.com\/de\/portfolio_kategorie\/stepper-motor-actuators\/\" rel=\"tag\">Schrittmotor-Stellantriebe<\/a><\/div>\t\t\t\t\t\n\t\t\n\t\t\t\t<a class=\"fusion-link-wrapper\" href=\"https:\/\/jimiactuators.com\/de\/portfolio-elemente\/wm40-modul-fur-lineare-bewegung\/\" aria-label=\"Wm40 Linear Motion Modul\"><\/a>\n\t<\/div>\n<\/div>\n\n\t\n<\/div>\n<\/div><\/li><\/ul><div class=\"fusion-carousel-nav\"><span class=\"fusion-nav-prev\"><\/span><span class=\"fusion-nav-next\"><\/span><\/div><\/div><\/div><\/div><\/div><\/div><style type=\"text\/css\">.fusion-body .fusion-builder-column-0{width:100% !important;margin-top : 0px;margin-bottom : 0px;}.fusion-builder-column-0 > .fusion-column-wrapper {padding-top : 0px !important;padding-right : 0px !important;margin-right : 1.92%;padding-bottom : 0px !important;padding-left : 0px !important;margin-left : 1.92%;}@media only screen and (max-width:1024px) {.fusion-body .fusion-builder-column-0{width:100% !important;}.fusion-builder-column-0 > .fusion-column-wrapper {margin-right : 1.92%;margin-left : 1.92%;}}@media only screen and (max-width:640px) {.fusion-body .fusion-builder-column-0{width:100% !important;}.fusion-builder-column-0 > .fusion-column-wrapper {margin-right : 1.92%;margin-left : 1.92%;}}<\/style><\/div><style type=\"text\/css\">.fusion-body .fusion-flex-container.fusion-builder-row-1{ padding-top : 0px;margin-top : 0px;padding-right : 0px;padding-bottom : 0px;margin-bottom : 0px;padding-left : 0px;}<\/style><\/div>","protected":false},"excerpt":{"rendered":"","protected":false},"author":2,"featured_media":0,"parent":2742,"menu_order":0,"comment_status":"closed","ping_status":"closed","template":"","meta":{"footnotes":""},"class_list":["post-2538","page","type-page","status-publish","hentry"],"_links":{"self":[{"href":"https:\/\/jimiactuators.com\/de\/wp-json\/wp\/v2\/pages\/2538","targetHints":{"allow":["GET"]}}],"collection":[{"href":"https:\/\/jimiactuators.com\/de\/wp-json\/wp\/v2\/pages"}],"about":[{"href":"https:\/\/jimiactuators.com\/de\/wp-json\/wp\/v2\/types\/page"}],"author":[{"embeddable":true,"href":"https:\/\/jimiactuators.com\/de\/wp-json\/wp\/v2\/users\/2"}],"replies":[{"embeddable":true,"href":"https:\/\/jimiactuators.com\/de\/wp-json\/wp\/v2\/comments?post=2538"}],"version-history":[{"count":0,"href":"https:\/\/jimiactuators.com\/de\/wp-json\/wp\/v2\/pages\/2538\/revisions"}],"up":[{"embeddable":true,"href":"https:\/\/jimiactuators.com\/de\/wp-json\/wp\/v2\/pages\/2742"}],"wp:attachment":[{"href":"https:\/\/jimiactuators.com\/de\/wp-json\/wp\/v2\/media?parent=2538"}],"curies":[{"name":"wp","href":"https:\/\/api.w.org\/{rel}","templated":true}]}}