{"id":4,"date":"2017-09-14T06:14:44","date_gmt":"2017-09-14T06:14:44","guid":{"rendered":"http:\/\/designscubix.com\/demo\/milinco\/?page_id=4"},"modified":"2026-01-09T14:12:59","modified_gmt":"2026-01-09T14:12:59","slug":"uber-uns","status":"publish","type":"page","link":"https:\/\/jimiactuators.com\/de\/uber-uns\/","title":{"rendered":"\u00dcber uns"},"content":{"rendered":"<div class=\"fusion-fullwidth fullwidth-box fusion-builder-row-1 fusion-flex-container nonhundred-percent-fullwidth non-hundred-percent-height-scrolling\" style=\"background-color: rgba(255,255,255,0);background-position: center center;background-repeat: no-repeat;border-width: 0px 0px 0px 0px;border-color:#e2e2e2;border-style:solid;\" ><div class=\"fusion-builder-row fusion-row fusion-flex-align-items-flex-start\" style=\"max-width:1248px;margin-left: calc(-4% \/ 2 );margin-right: calc(-4% \/ 2 );\"><div class=\"fusion-layout-column fusion_builder_column fusion-builder-column-0 fusion_builder_column_1_1 1_1 fusion-flex-column\"><div class=\"fusion-column-wrapper fusion-flex-justify-content-flex-start fusion-content-layout-column\" style=\"background-position:left top;background-repeat:no-repeat;-webkit-background-size:cover;-moz-background-size:cover;-o-background-size:cover;background-size:cover;padding: 0px 0px 0px 0px;\"><div class=\"fusion-text fusion-text-1\"><h1>Unsere Fabriken stellen vor:<\/h1>\n<\/div><div class=\"fusion-text fusion-text-2\"><h4>Fabrik f\u00fcr Linearmotoren<\/h4>\n<\/div><div class=\"fusion-image-carousel fusion-image-carousel-auto fusion-no-medium-visibility fusion-carousel-border\"><div class=\"fusion-carousel\" data-autoplay=\"no\" data-columns=\"5\" data-itemmargin=\"13\" data-itemwidth=\"180\" data-touchscroll=\"no\" data-imagesize=\"auto\"><div class=\"fusion-carousel-positioner\"><ul class=\"fusion-carousel-holder\"><li class=\"fusion-carousel-item\"><div class=\"fusion-carousel-item-wrapper\"><div class=\"fusion-image-wrapper hover-type-none\"><img decoding=\"async\" width=\"1443\" height=\"1080\" src=\"https:\/\/jimiactuators.com\/wp-content\/uploads\/2019\/08\/404147288576890070.jpg\" class=\"attachment-full size-full\" alt=\"\" \/><\/div><\/div><\/li><li class=\"fusion-carousel-item\"><div class=\"fusion-carousel-item-wrapper\"><div class=\"fusion-image-wrapper hover-type-none\"><img decoding=\"async\" width=\"1080\" height=\"1443\" src=\"https:\/\/jimiactuators.com\/wp-content\/uploads\/2019\/08\/811503816835355409.jpg\" class=\"attachment-full size-full\" alt=\"\" \/><\/div><\/div><\/li><li class=\"fusion-carousel-item\"><div class=\"fusion-carousel-item-wrapper\"><div class=\"fusion-image-wrapper hover-type-none\"><img decoding=\"async\" width=\"1443\" height=\"1080\" src=\"https:\/\/jimiactuators.com\/wp-content\/uploads\/2019\/08\/31045778976196468.jpg\" class=\"attachment-full size-full\" alt=\"Werk\" \/><\/div><\/div><\/li><li class=\"fusion-carousel-item\"><div class=\"fusion-carousel-item-wrapper\"><div class=\"fusion-image-wrapper hover-type-none\"><img decoding=\"async\" width=\"1443\" height=\"1080\" src=\"https:\/\/jimiactuators.com\/wp-content\/uploads\/2019\/08\/918357305927202333.jpg\" class=\"attachment-full size-full\" alt=\"Hersteller von Linearantrieben\" \/><\/div><\/div><\/li><li class=\"fusion-carousel-item\"><div class=\"fusion-carousel-item-wrapper\"><div class=\"fusion-image-wrapper hover-type-none\"><img decoding=\"async\" width=\"1080\" height=\"1080\" src=\"https:\/\/jimiactuators.com\/wp-content\/uploads\/2021\/10\/d5d8591c6541a0485361c493e69bc33.jpg\" class=\"attachment-full size-full\" alt=\"\" srcset=\"https:\/\/jimiactuators.com\/wp-content\/uploads\/2021\/10\/d5d8591c6541a0485361c493e69bc33-200x200.jpg 200w, https:\/\/jimiactuators.com\/wp-content\/uploads\/2021\/10\/d5d8591c6541a0485361c493e69bc33-400x400.jpg 400w, https:\/\/jimiactuators.com\/wp-content\/uploads\/2021\/10\/d5d8591c6541a0485361c493e69bc33-600x600.jpg 600w, https:\/\/jimiactuators.com\/wp-content\/uploads\/2021\/10\/d5d8591c6541a0485361c493e69bc33-800x800.jpg 800w, https:\/\/jimiactuators.com\/wp-content\/uploads\/2021\/10\/d5d8591c6541a0485361c493e69bc33.jpg 1080w\" sizes=\"(min-width: 2200px) 100vw, (min-width: 928px) 230px, (min-width: 856px) 287px, (min-width: 784px) 383px, (min-width: 712px) 574px, (min-width: 640px) 712px, \" \/><\/div><\/div><\/li><\/ul><div class=\"fusion-carousel-nav\"><span class=\"fusion-nav-prev\"><\/span><span class=\"fusion-nav-next\"><\/span><\/div><\/div><\/div><\/div><div class=\"fusion-text fusion-text-3\"><h4>Fabrik f\u00fcr Solartracker<\/h4>\n<\/div><div class=\"fusion-image-carousel fusion-image-carousel-auto fusion-no-medium-visibility fusion-carousel-border\"><div class=\"fusion-carousel\" data-autoplay=\"no\" data-columns=\"5\" data-itemmargin=\"13\" data-itemwidth=\"180\" data-touchscroll=\"no\" data-imagesize=\"auto\"><div class=\"fusion-carousel-positioner\"><ul class=\"fusion-carousel-holder\"><li class=\"fusion-carousel-item\"><div class=\"fusion-carousel-item-wrapper\"><div class=\"fusion-image-wrapper hover-type-none\"><img decoding=\"async\" width=\"742\" height=\"400\" src=\"https:\/\/jimiactuators.com\/wp-content\/uploads\/2021\/10\/1-4.jpg\" class=\"attachment-full size-full\" alt=\"\" srcset=\"https:\/\/jimiactuators.com\/wp-content\/uploads\/2021\/10\/1-4-200x108.jpg 200w, https:\/\/jimiactuators.com\/wp-content\/uploads\/2021\/10\/1-4-400x216.jpg 400w, https:\/\/jimiactuators.com\/wp-content\/uploads\/2021\/10\/1-4-600x323.jpg 600w, https:\/\/jimiactuators.com\/wp-content\/uploads\/2021\/10\/1-4.jpg 742w\" sizes=\"(min-width: 2200px) 100vw, (min-width: 928px) 230px, (min-width: 856px) 287px, (min-width: 784px) 383px, (min-width: 712px) 574px, (min-width: 640px) 712px, \" \/><\/div><\/div><\/li><li class=\"fusion-carousel-item\"><div class=\"fusion-carousel-item-wrapper\"><div class=\"fusion-image-wrapper hover-type-none\"><img decoding=\"async\" width=\"742\" height=\"400\" src=\"https:\/\/jimiactuators.com\/wp-content\/uploads\/2021\/10\/2-4.jpg\" class=\"attachment-full size-full\" alt=\"\" srcset=\"https:\/\/jimiactuators.com\/wp-content\/uploads\/2021\/10\/2-4-200x108.jpg 200w, https:\/\/jimiactuators.com\/wp-content\/uploads\/2021\/10\/2-4-400x216.jpg 400w, https:\/\/jimiactuators.com\/wp-content\/uploads\/2021\/10\/2-4-600x323.jpg 600w, https:\/\/jimiactuators.com\/wp-content\/uploads\/2021\/10\/2-4.jpg 742w\" sizes=\"(min-width: 2200px) 100vw, (min-width: 928px) 230px, (min-width: 856px) 287px, (min-width: 784px) 383px, (min-width: 712px) 574px, (min-width: 640px) 712px, \" \/><\/div><\/div><\/li><li class=\"fusion-carousel-item\"><div class=\"fusion-carousel-item-wrapper\"><div class=\"fusion-image-wrapper hover-type-none\"><img decoding=\"async\" width=\"1000\" height=\"539\" src=\"https:\/\/jimiactuators.com\/wp-content\/uploads\/2021\/10\/3-4.jpg\" class=\"attachment-full size-full\" alt=\"\" srcset=\"https:\/\/jimiactuators.com\/wp-content\/uploads\/2021\/10\/3-4-200x108.jpg 200w, https:\/\/jimiactuators.com\/wp-content\/uploads\/2021\/10\/3-4-400x216.jpg 400w, https:\/\/jimiactuators.com\/wp-content\/uploads\/2021\/10\/3-4-600x323.jpg 600w, https:\/\/jimiactuators.com\/wp-content\/uploads\/2021\/10\/3-4-800x431.jpg 800w, https:\/\/jimiactuators.com\/wp-content\/uploads\/2021\/10\/3-4.jpg 1000w\" sizes=\"(min-width: 2200px) 100vw, (min-width: 928px) 230px, (min-width: 856px) 287px, (min-width: 784px) 383px, (min-width: 712px) 574px, (min-width: 640px) 712px, \" \/><\/div><\/div><\/li><li class=\"fusion-carousel-item\"><div class=\"fusion-carousel-item-wrapper\"><div class=\"fusion-image-wrapper hover-type-none\"><img decoding=\"async\" width=\"1600\" height=\"862\" src=\"https:\/\/jimiactuators.com\/wp-content\/uploads\/2021\/10\/4-3.jpg\" class=\"attachment-full size-full\" alt=\"\" srcset=\"https:\/\/jimiactuators.com\/wp-content\/uploads\/2021\/10\/4-3-200x108.jpg 200w, https:\/\/jimiactuators.com\/wp-content\/uploads\/2021\/10\/4-3-400x216.jpg 400w, https:\/\/jimiactuators.com\/wp-content\/uploads\/2021\/10\/4-3-600x323.jpg 600w, https:\/\/jimiactuators.com\/wp-content\/uploads\/2021\/10\/4-3-800x431.jpg 800w, https:\/\/jimiactuators.com\/wp-content\/uploads\/2021\/10\/4-3-1200x647.jpg 1200w, https:\/\/jimiactuators.com\/wp-content\/uploads\/2021\/10\/4-3.jpg 1600w\" sizes=\"(min-width: 2200px) 100vw, (min-width: 928px) 230px, (min-width: 856px) 287px, (min-width: 784px) 383px, (min-width: 712px) 574px, (min-width: 640px) 712px, \" \/><\/div><\/div><\/li><li class=\"fusion-carousel-item\"><div class=\"fusion-carousel-item-wrapper\"><div class=\"fusion-image-wrapper hover-type-none\"><img decoding=\"async\" width=\"960\" height=\"540\" src=\"https:\/\/jimiactuators.com\/wp-content\/uploads\/2021\/10\/5-5.jpg\" class=\"attachment-full size-full\" alt=\"\" srcset=\"https:\/\/jimiactuators.com\/wp-content\/uploads\/2021\/10\/5-5-200x113.jpg 200w, https:\/\/jimiactuators.com\/wp-content\/uploads\/2021\/10\/5-5-400x225.jpg 400w, https:\/\/jimiactuators.com\/wp-content\/uploads\/2021\/10\/5-5-600x338.jpg 600w, https:\/\/jimiactuators.com\/wp-content\/uploads\/2021\/10\/5-5-800x450.jpg 800w, https:\/\/jimiactuators.com\/wp-content\/uploads\/2021\/10\/5-5.jpg 960w\" sizes=\"(min-width: 2200px) 100vw, (min-width: 928px) 230px, (min-width: 856px) 287px, (min-width: 784px) 383px, (min-width: 712px) 574px, (min-width: 640px) 712px, \" \/><\/div><\/div><\/li><\/ul><div class=\"fusion-carousel-nav\"><span class=\"fusion-nav-prev\"><\/span><span class=\"fusion-nav-next\"><\/span><\/div><\/div><\/div><\/div><div class=\"fusion-text fusion-text-4\"><h4>Drehantriebe Fabrik<\/h4>\n<\/div><div class=\"fusion-image-carousel fusion-image-carousel-auto fusion-no-medium-visibility fusion-carousel-border\"><div class=\"fusion-carousel\" data-autoplay=\"no\" data-columns=\"5\" data-itemmargin=\"13\" data-itemwidth=\"180\" data-touchscroll=\"no\" data-imagesize=\"auto\"><div class=\"fusion-carousel-positioner\"><ul class=\"fusion-carousel-holder\"><li class=\"fusion-carousel-item\"><div class=\"fusion-carousel-item-wrapper\"><div class=\"fusion-image-wrapper hover-type-none\"><img decoding=\"async\" width=\"1440\" height=\"1080\" src=\"https:\/\/jimiactuators.com\/wp-content\/uploads\/2021\/10\/1b836a6bf85926bbf32b38cc625b6e5.jpg\" class=\"attachment-full size-full\" alt=\"\" srcset=\"https:\/\/jimiactuators.com\/wp-content\/uploads\/2021\/10\/1b836a6bf85926bbf32b38cc625b6e5-200x150.jpg 200w, https:\/\/jimiactuators.com\/wp-content\/uploads\/2021\/10\/1b836a6bf85926bbf32b38cc625b6e5-400x300.jpg 400w, https:\/\/jimiactuators.com\/wp-content\/uploads\/2021\/10\/1b836a6bf85926bbf32b38cc625b6e5-600x450.jpg 600w, https:\/\/jimiactuators.com\/wp-content\/uploads\/2021\/10\/1b836a6bf85926bbf32b38cc625b6e5-800x600.jpg 800w, https:\/\/jimiactuators.com\/wp-content\/uploads\/2021\/10\/1b836a6bf85926bbf32b38cc625b6e5-1200x900.jpg 1200w, https:\/\/jimiactuators.com\/wp-content\/uploads\/2021\/10\/1b836a6bf85926bbf32b38cc625b6e5.jpg 1440w\" sizes=\"(min-width: 2200px) 100vw, (min-width: 928px) 230px, (min-width: 856px) 287px, (min-width: 784px) 383px, (min-width: 712px) 574px, (min-width: 640px) 712px, \" \/><\/div><\/div><\/li><li class=\"fusion-carousel-item\"><div class=\"fusion-carousel-item-wrapper\"><div class=\"fusion-image-wrapper hover-type-none\"><img decoding=\"async\" width=\"1440\" height=\"1080\" src=\"https:\/\/jimiactuators.com\/wp-content\/uploads\/2021\/10\/3a82b216e40c06a461c319c0568e46d.jpg\" class=\"attachment-full size-full\" alt=\"\" srcset=\"https:\/\/jimiactuators.com\/wp-content\/uploads\/2021\/10\/3a82b216e40c06a461c319c0568e46d-200x150.jpg 200w, https:\/\/jimiactuators.com\/wp-content\/uploads\/2021\/10\/3a82b216e40c06a461c319c0568e46d-400x300.jpg 400w, https:\/\/jimiactuators.com\/wp-content\/uploads\/2021\/10\/3a82b216e40c06a461c319c0568e46d-600x450.jpg 600w, https:\/\/jimiactuators.com\/wp-content\/uploads\/2021\/10\/3a82b216e40c06a461c319c0568e46d-800x600.jpg 800w, https:\/\/jimiactuators.com\/wp-content\/uploads\/2021\/10\/3a82b216e40c06a461c319c0568e46d-1200x900.jpg 1200w, https:\/\/jimiactuators.com\/wp-content\/uploads\/2021\/10\/3a82b216e40c06a461c319c0568e46d.jpg 1440w\" sizes=\"(min-width: 2200px) 100vw, (min-width: 928px) 230px, (min-width: 856px) 287px, (min-width: 784px) 383px, (min-width: 712px) 574px, (min-width: 640px) 712px, \" \/><\/div><\/div><\/li><li class=\"fusion-carousel-item\"><div class=\"fusion-carousel-item-wrapper\"><div class=\"fusion-image-wrapper hover-type-none\"><img decoding=\"async\" width=\"1440\" height=\"1080\" src=\"https:\/\/jimiactuators.com\/wp-content\/uploads\/2021\/10\/7ba7691ee4eb5bff6775ca67d507819.jpg\" class=\"attachment-full size-full\" alt=\"\" srcset=\"https:\/\/jimiactuators.com\/wp-content\/uploads\/2021\/10\/7ba7691ee4eb5bff6775ca67d507819-200x150.jpg 200w, https:\/\/jimiactuators.com\/wp-content\/uploads\/2021\/10\/7ba7691ee4eb5bff6775ca67d507819-400x300.jpg 400w, https:\/\/jimiactuators.com\/wp-content\/uploads\/2021\/10\/7ba7691ee4eb5bff6775ca67d507819-600x450.jpg 600w, https:\/\/jimiactuators.com\/wp-content\/uploads\/2021\/10\/7ba7691ee4eb5bff6775ca67d507819-800x600.jpg 800w, https:\/\/jimiactuators.com\/wp-content\/uploads\/2021\/10\/7ba7691ee4eb5bff6775ca67d507819-1200x900.jpg 1200w, https:\/\/jimiactuators.com\/wp-content\/uploads\/2021\/10\/7ba7691ee4eb5bff6775ca67d507819.jpg 1440w\" sizes=\"(min-width: 2200px) 100vw, (min-width: 928px) 230px, (min-width: 856px) 287px, (min-width: 784px) 383px, (min-width: 712px) 574px, (min-width: 640px) 712px, \" \/><\/div><\/div><\/li><li class=\"fusion-carousel-item\"><div class=\"fusion-carousel-item-wrapper\"><div class=\"fusion-image-wrapper hover-type-none\"><img decoding=\"async\" width=\"1440\" height=\"1080\" src=\"https:\/\/jimiactuators.com\/wp-content\/uploads\/2021\/10\/7cf78f9a140a05e387b2546bf5660f5.jpg\" class=\"attachment-full size-full\" alt=\"\" srcset=\"https:\/\/jimiactuators.com\/wp-content\/uploads\/2021\/10\/7cf78f9a140a05e387b2546bf5660f5-200x150.jpg 200w, https:\/\/jimiactuators.com\/wp-content\/uploads\/2021\/10\/7cf78f9a140a05e387b2546bf5660f5-400x300.jpg 400w, https:\/\/jimiactuators.com\/wp-content\/uploads\/2021\/10\/7cf78f9a140a05e387b2546bf5660f5-600x450.jpg 600w, https:\/\/jimiactuators.com\/wp-content\/uploads\/2021\/10\/7cf78f9a140a05e387b2546bf5660f5-800x600.jpg 800w, https:\/\/jimiactuators.com\/wp-content\/uploads\/2021\/10\/7cf78f9a140a05e387b2546bf5660f5-1200x900.jpg 1200w, https:\/\/jimiactuators.com\/wp-content\/uploads\/2021\/10\/7cf78f9a140a05e387b2546bf5660f5.jpg 1440w\" sizes=\"(min-width: 2200px) 100vw, (min-width: 928px) 230px, (min-width: 856px) 287px, (min-width: 784px) 383px, (min-width: 712px) 574px, (min-width: 640px) 712px, \" \/><\/div><\/div><\/li><li class=\"fusion-carousel-item\"><div class=\"fusion-carousel-item-wrapper\"><div class=\"fusion-image-wrapper hover-type-none\"><img decoding=\"async\" width=\"1440\" height=\"1080\" src=\"https:\/\/jimiactuators.com\/wp-content\/uploads\/2021\/10\/21d8bc70bdac42f4646b4ccf8ddf256.jpg\" class=\"attachment-full size-full\" alt=\"\" srcset=\"https:\/\/jimiactuators.com\/wp-content\/uploads\/2021\/10\/21d8bc70bdac42f4646b4ccf8ddf256-200x150.jpg 200w, https:\/\/jimiactuators.com\/wp-content\/uploads\/2021\/10\/21d8bc70bdac42f4646b4ccf8ddf256-400x300.jpg 400w, https:\/\/jimiactuators.com\/wp-content\/uploads\/2021\/10\/21d8bc70bdac42f4646b4ccf8ddf256-600x450.jpg 600w, https:\/\/jimiactuators.com\/wp-content\/uploads\/2021\/10\/21d8bc70bdac42f4646b4ccf8ddf256-800x600.jpg 800w, https:\/\/jimiactuators.com\/wp-content\/uploads\/2021\/10\/21d8bc70bdac42f4646b4ccf8ddf256-1200x900.jpg 1200w, https:\/\/jimiactuators.com\/wp-content\/uploads\/2021\/10\/21d8bc70bdac42f4646b4ccf8ddf256.jpg 1440w\" sizes=\"(min-width: 2200px) 100vw, (min-width: 928px) 230px, (min-width: 856px) 287px, (min-width: 784px) 383px, (min-width: 712px) 574px, (min-width: 640px) 712px, \" \/><\/div><\/div><\/li><li class=\"fusion-carousel-item\"><div class=\"fusion-carousel-item-wrapper\"><div class=\"fusion-image-wrapper hover-type-none\"><img decoding=\"async\" width=\"1440\" height=\"1080\" src=\"https:\/\/jimiactuators.com\/wp-content\/uploads\/2021\/10\/677c5c51d02eb81652c21e31c665192.jpg\" class=\"attachment-full size-full\" alt=\"\" srcset=\"https:\/\/jimiactuators.com\/wp-content\/uploads\/2021\/10\/677c5c51d02eb81652c21e31c665192-200x150.jpg 200w, https:\/\/jimiactuators.com\/wp-content\/uploads\/2021\/10\/677c5c51d02eb81652c21e31c665192-400x300.jpg 400w, https:\/\/jimiactuators.com\/wp-content\/uploads\/2021\/10\/677c5c51d02eb81652c21e31c665192-600x450.jpg 600w, https:\/\/jimiactuators.com\/wp-content\/uploads\/2021\/10\/677c5c51d02eb81652c21e31c665192-800x600.jpg 800w, https:\/\/jimiactuators.com\/wp-content\/uploads\/2021\/10\/677c5c51d02eb81652c21e31c665192-1200x900.jpg 1200w, https:\/\/jimiactuators.com\/wp-content\/uploads\/2021\/10\/677c5c51d02eb81652c21e31c665192.jpg 1440w\" sizes=\"(min-width: 2200px) 100vw, (min-width: 928px) 230px, (min-width: 856px) 287px, (min-width: 784px) 383px, (min-width: 712px) 574px, (min-width: 640px) 712px, \" \/><\/div><\/div><\/li><li class=\"fusion-carousel-item\"><div class=\"fusion-carousel-item-wrapper\"><div class=\"fusion-image-wrapper hover-type-none\"><img decoding=\"async\" width=\"1440\" height=\"1080\" src=\"https:\/\/jimiactuators.com\/wp-content\/uploads\/2021\/10\/a0b5732b31e9007d28f96650280c7a0.jpg\" class=\"attachment-full size-full\" alt=\"\" srcset=\"https:\/\/jimiactuators.com\/wp-content\/uploads\/2021\/10\/a0b5732b31e9007d28f96650280c7a0-200x150.jpg 200w, https:\/\/jimiactuators.com\/wp-content\/uploads\/2021\/10\/a0b5732b31e9007d28f96650280c7a0-400x300.jpg 400w, https:\/\/jimiactuators.com\/wp-content\/uploads\/2021\/10\/a0b5732b31e9007d28f96650280c7a0-600x450.jpg 600w, https:\/\/jimiactuators.com\/wp-content\/uploads\/2021\/10\/a0b5732b31e9007d28f96650280c7a0-800x600.jpg 800w, https:\/\/jimiactuators.com\/wp-content\/uploads\/2021\/10\/a0b5732b31e9007d28f96650280c7a0-1200x900.jpg 1200w, https:\/\/jimiactuators.com\/wp-content\/uploads\/2021\/10\/a0b5732b31e9007d28f96650280c7a0.jpg 1440w\" sizes=\"(min-width: 2200px) 100vw, (min-width: 928px) 230px, (min-width: 856px) 287px, (min-width: 784px) 383px, (min-width: 712px) 574px, (min-width: 640px) 712px, \" \/><\/div><\/div><\/li><li class=\"fusion-carousel-item\"><div class=\"fusion-carousel-item-wrapper\"><div class=\"fusion-image-wrapper hover-type-none\"><img decoding=\"async\" width=\"1440\" height=\"1080\" src=\"https:\/\/jimiactuators.com\/wp-content\/uploads\/2021\/10\/ce03c53525e751a7d3b9a0772dddbe4.jpg\" class=\"attachment-full size-full\" alt=\"\" srcset=\"https:\/\/jimiactuators.com\/wp-content\/uploads\/2021\/10\/ce03c53525e751a7d3b9a0772dddbe4-200x150.jpg 200w, https:\/\/jimiactuators.com\/wp-content\/uploads\/2021\/10\/ce03c53525e751a7d3b9a0772dddbe4-400x300.jpg 400w, https:\/\/jimiactuators.com\/wp-content\/uploads\/2021\/10\/ce03c53525e751a7d3b9a0772dddbe4-600x450.jpg 600w, https:\/\/jimiactuators.com\/wp-content\/uploads\/2021\/10\/ce03c53525e751a7d3b9a0772dddbe4-800x600.jpg 800w, https:\/\/jimiactuators.com\/wp-content\/uploads\/2021\/10\/ce03c53525e751a7d3b9a0772dddbe4-1200x900.jpg 1200w, https:\/\/jimiactuators.com\/wp-content\/uploads\/2021\/10\/ce03c53525e751a7d3b9a0772dddbe4.jpg 1440w\" sizes=\"(min-width: 2200px) 100vw, (min-width: 928px) 230px, (min-width: 856px) 287px, (min-width: 784px) 383px, (min-width: 712px) 574px, (min-width: 640px) 712px, \" \/><\/div><\/div><\/li><\/ul><div class=\"fusion-carousel-nav\"><span class=\"fusion-nav-prev\"><\/span><span class=\"fusion-nav-next\"><\/span><\/div><\/div><\/div><\/div><div class=\"fusion-text fusion-text-5\"><h1 style=\"text-align: center;\">Geschichte des Unternehmens<\/h1>\n<p>Jimi-Tech Aktuator-Technologie hat \u00fcber 10 Jahre und f\u00fchren die Industrie seit. Jimi-Tech ist eine anerkannte und vertrauensw\u00fcrdige Marke, die in China f\u00fchrend in der mechanischen Bewegungstechnologie ist.<\/p>\n<p>Seit 2008, als Jimi-Tech in Shenzhen gegr\u00fcndet wurde, ist unsere Produktpalette erheblich gewachsen. Unsere Produktfamilie f\u00fcr lineare und mechanische Bewegungen umfasst <span style=\"color: #0000ff;\"><a style=\"color: #0000ff;\" href=\"http:\/\/jimiactuators.com\/de\/produkte\/linear-motors\/linearantriebe\/\"><strong>Linearantriebe<\/strong><\/a>,<\/span><strong> <span style=\"color: #0000ff;\"><a style=\"color: #0000ff;\" href=\"http:\/\/jimiactuators.com\/de\/produkte\/linear-motors\/elektrozylinder\/\">Elektrozylinder<\/a>, <a style=\"color: #0000ff;\" href=\"http:\/\/jimiactuators.com\/de\/produkte\/schwenkantriebe\/\">Schwenkantriebe<\/a>, <a style=\"color: #0000ff;\" href=\"http:\/\/jimiactuators.com\/de\/produkte\/motoren\/\">DC-Motoren<\/a>, <a style=\"color: #0000ff;\" href=\"http:\/\/jimiactuators.com\/de\/produkte\/solarkomponenten\/solar-tracker\/solar-tracker-steuerungen\/\">Solar-Tracker-Steuerungen<\/a>,<a style=\"color: #0000ff;\" href=\"http:\/\/jimiactuators.com\/de\/produkte\/solarkomponenten\/solar-tracker\/fertiges-solartrackersystem\/\">fertiges Solartrackersystem<\/a>, und <a href=\"http:\/\/jimiactuators.com\/de\/produkte\/hohenverstellbare-schreibtische\/\"><span style=\"color: #0000ff;\">Fluktuationstabelle<\/span>e<\/a><\/span><\/strong> - alle jetzt Teil von Jimi-Tech.<\/p>\n<p><strong>Wussten Sie das?<\/strong><\/p>\n<p>Jimi-Tech hat die Antriebstechnik erfunden. Wir verf\u00fcgen \u00fcber das breiteste Standardproduktangebot an mechanischen Bewegungssteuerungs-Technologien in der Branche.<\/p>\n<p>Modifizierte Versionen von Standardprodukten sind Routine. F\u00fcr unser gesamtes Produktportfolio gibt es L\u00f6sungen f\u00fcr die Gestaltung von Wei\u00dfblechen.<\/p>\n<p>Entscheiden Sie sich f\u00fcr Jimi-Tech und erhalten Sie Zugang zu mehr als 10 Jahren globaler Anwendungserfahrung in verschiedenen Branchen, darunter <span style=\"color: #0000ff;\"><strong><a style=\"color: #0000ff;\" href=\"https:\/\/www.youtube.com\/channel\/UCffoEhKhBwrfPt6sOZwmEsQ?view_as=subscriber\" target=\"_blank\" rel=\"noopener\">Solar-Tracker<\/a><\/strong><\/span>,Verpackung, Fabrikautomation, Materialtransport, Medizintechnik,<span style=\"color: #0000ff;\"><strong> <a style=\"color: #0000ff;\" href=\"https:\/\/www.youtube.com\/channel\/UCffoEhKhBwrfPt6sOZwmEsQ?view_as=subscriber\" target=\"_blank\" rel=\"noopener\">saubere Energie,<\/a><\/strong><\/span> Druckindustrie, Automobilindustrie, Werkzeugmaschinen, Luft- und Raumfahrt und Verteidigung.<\/p>\n<p>Als Teil der Fortive Corporation hat Jimi-tech die einzigartige F\u00e4higkeit, komplette Systeml\u00f6sungen durch unsere Steuerungs-, Antriebs-, Motor-, Kraft\u00fcbertragungs- und Pr\u00e4zisionslinearbewegungstechnologien anzubieten.<\/p>\n<p><strong><em>Jimi-tech ist der Name, dem Sie vertrauen k\u00f6nnen, wenn es um hohe Qualit\u00e4t, Innovation, p\u00fcnktliche Lieferung, kontrollierte Kosten und geringes Risiko geht.<\/em><\/strong><\/p>\n<p>Mit einer weltweiten Service- und Support-Infrastruktur stehen unsere Au\u00dfendiensttechniker und Support-Teams jederzeit zur Verf\u00fcgung, wenn sie gebraucht werden. Diese Website enth\u00e4lt auch eine F\u00fclle von Ressourcen wie herunterladbare 3D-Modelle, Design-Tools, Produktspezifikationen und vieles mehr.<\/p>\n<p>Sprechen Sie fr\u00fchzeitig mit uns, um zu erfahren, wie Jimi-tech Ihnen helfen kann, das optimale Gleichgewicht zwischen Leistung, Lebensdauer und Kosten f\u00fcr Ihre n\u00e4chste Anwendung zu finden. Und rufen Sie uns oder einen unserer mehr als 200 Vertriebspartner auf der ganzen Welt an, um eine schnelle Lieferung von Ersatzteilen zu erhalten.<\/p>\n<p>Geschichte des Unternehmens:<\/p>\n<p>2008 - Das Unternehmen wurde von zur\u00fcckgekehrten \u00dcbersee-Chinesen mit 2 Millionen RMB gegr\u00fcndet. Hauptgesch\u00e4ft war der Handel mit Linearantrieben in China.<\/p>\n<p>2010 - Die erste Fabrik wurde in der Stadt Suzou in Zusammenarbeit mit anderen Unternehmen gegr\u00fcndet. Die Zahl der Kunden stieg auf \u00fcber 200.<\/p>\n<p>2012- Einf\u00fchrung neuer Produktkategorien: verstellbarer elektrischer Schreibtisch und Solar-Tracker-System.<\/p>\n<p>2013 - Die B\u00fcros in Wuhan, Peking und Xian wurden gegr\u00fcndet. Das B\u00fcro in Vietnam wurde gegr\u00fcndet.<\/p>\n<p>2015 - Das Produktentwicklungszentrum in Shenzhen wurde gegr\u00fcndet und die Zusammenarbeit mit Universit\u00e4ten ausgebaut. DC-Motoren Fabrik wurde in Shenzhen gegr\u00fcndet<\/p>\n<p>2016- Das Entwicklungszentrum war erfolgreich bei der Entwicklung integrierter Solar-Tracker-Systeme. Einf\u00fchrung von Produkten mit elektrischen Zylindern.<\/p>\n<p>2017 - Die Gruppe konzentriert sich wieder auf Produkte f\u00fcr Linearantriebe und bereitet eine neue Fabrik vor.<\/p>\n<p>2018- Eine neue Fabrik mit automatischen Produktionslinien wird in Dongguan City gegr\u00fcndet.<\/p>\n<p>2019 - Konzentration auf das Gesch\u00e4ft mit Solartrackern.<\/p>\n<p>2020 - Gr\u00fcndung einer Vertriebsgesellschaft in Huizhou.<\/p>\n<p>2021- Neue GPS-Solar-Tracker-Steuerungen wurden entwickelt.<\/p>\n<\/div><\/div><\/div><style type=\"text\/css\">.fusion-body .fusion-builder-column-0{width:100% !important;margin-top : 0px;margin-bottom : 0px;}.fusion-builder-column-0 > .fusion-column-wrapper {padding-top : 0px !important;padding-right : 0px !important;margin-right : 1.92%;padding-bottom : 0px !important;padding-left : 0px !important;margin-left : 1.92%;}@media only screen and (max-width:1024px) {.fusion-body .fusion-builder-column-0{width:100% !important;}.fusion-builder-column-0 > .fusion-column-wrapper {margin-right : 1.92%;margin-left : 1.92%;}}@media only screen and (max-width:640px) {.fusion-body .fusion-builder-column-0{width:100% !important;}.fusion-builder-column-0 > .fusion-column-wrapper {margin-right : 1.92%;margin-left : 1.92%;}}<\/style><\/div><style type=\"text\/css\">.fusion-body .fusion-flex-container.fusion-builder-row-1{ padding-top : 0px;margin-top : 0px;padding-right : 0px;padding-bottom : 0px;margin-bottom : 0px;padding-left : 0px;}<\/style><\/div>","protected":false},"excerpt":{"rendered":"","protected":false},"author":2,"featured_media":0,"parent":0,"menu_order":0,"comment_status":"closed","ping_status":"closed","template":"","meta":{"footnotes":""},"class_list":["post-4","page","type-page","status-publish","hentry"],"_links":{"self":[{"href":"https:\/\/jimiactuators.com\/de\/wp-json\/wp\/v2\/pages\/4","targetHints":{"allow":["GET"]}}],"collection":[{"href":"https:\/\/jimiactuators.com\/de\/wp-json\/wp\/v2\/pages"}],"about":[{"href":"https:\/\/jimiactuators.com\/de\/wp-json\/wp\/v2\/types\/page"}],"author":[{"embeddable":true,"href":"https:\/\/jimiactuators.com\/de\/wp-json\/wp\/v2\/users\/2"}],"replies":[{"embeddable":true,"href":"https:\/\/jimiactuators.com\/de\/wp-json\/wp\/v2\/comments?post=4"}],"version-history":[{"count":0,"href":"https:\/\/jimiactuators.com\/de\/wp-json\/wp\/v2\/pages\/4\/revisions"}],"wp:attachment":[{"href":"https:\/\/jimiactuators.com\/de\/wp-json\/wp\/v2\/media?parent=4"}],"curies":[{"name":"wp","href":"https:\/\/api.w.org\/{rel}","templated":true}]}}