{"id":1818,"date":"2019-08-13T10:57:37","date_gmt":"2019-08-13T10:57:37","guid":{"rendered":"http:\/\/jimiactuators.com\/?page_id=1818"},"modified":"2021-10-03T13:00:25","modified_gmt":"2021-10-03T13:00:25","slug":"motores-cc","status":"publish","type":"page","link":"https:\/\/jimiactuators.com\/es\/productos\/motores\/motores-cc\/","title":{"rendered":"Motores de CC"},"content":{"rendered":"<div class=\"fusion-fullwidth fullwidth-box fusion-builder-row-1 fusion-flex-container nonhundred-percent-fullwidth non-hundred-percent-height-scrolling\" style=\"background-color: rgba(255,255,255,0);background-position: center center;background-repeat: no-repeat;border-width: 0px 0px 0px 0px;border-color:#e2e2e2;border-style:solid;\" ><div class=\"fusion-builder-row fusion-row fusion-flex-align-items-flex-start\" style=\"max-width:1248px;margin-left: calc(-4% \/ 2 );margin-right: calc(-4% \/ 2 );\"><div class=\"fusion-layout-column fusion_builder_column fusion-builder-column-0 fusion_builder_column_1_1 1_1 fusion-flex-column\"><div class=\"fusion-column-wrapper fusion-flex-justify-content-flex-start fusion-content-layout-column\" style=\"background-position:left top;background-repeat:no-repeat;-webkit-background-size:cover;-moz-background-size:cover;-o-background-size:cover;background-size:cover;padding: 0px 0px 0px 0px;\"><div class=\"fusion-text fusion-text-1\"><p>Compre motores de CC aqu\u00ed<\/p>\n<div class=\"snippets-actions\">\n<p>H\u00e1gase con los motores de CC del fabricante l\u00edder de China: JimiTech. Nuestros motores no s\u00f3lo son \u00fatiles para muchas aplicaciones industriales, sino que tambi\u00e9n se aplican para servir a las industrias aeroespacial y militar. Se aplican ampliamente a <a href=\"https:\/\/www.youtube.com\/watch?v=I2cXoKMQ-4w\" target=\"_blank\" rel=\"noopener\"><span style=\"color: #0000ff;\">l\u00ednea<\/span>ar actuadores<\/a> y <a href=\"https:\/\/www.youtube.com\/watch?v=FxBuHsDsTaQ\" target=\"_blank\" rel=\"noopener\">mecanismos de giro<\/a> en seguidores solares. [read more=\u201dRead More\u201d less=\u201dRead Less\u201d] Nuestros motores de CC de alta calidad no s\u00f3lo se aplican a procesos de automatizaci\u00f3n industrial, sino tambi\u00e9n a entornos industriales para girar, empujar, transportar o elevar piezas y equipos durante la fabricaci\u00f3n.<\/p>\n<p>Nuestros actuadores pueden aplicarse en presencia de vac\u00edo, en entornos submarinos e incluso en otras condiciones inusuales. Al ser un nombre fiable en este campo, contribuimos al buen funcionamiento de todos los procesos rob\u00f3ticos en una amplia gama de industrias diferentes. Por ejemplo, en los sectores de automoci\u00f3n, farmac\u00e9utico, alimentario, biotecnol\u00f3gico, de envasado y electr\u00f3nico.<\/p>\n<h3>\u00bfQu\u00e9 nos hace \u00fanicos?<\/h3>\n<p>Cuando voy a compartir algunas de las mejores aplicaciones de nuestros motores de corriente continua de alta calidad, que me gustar\u00eda decirle acerca de c\u00f3mo trabajamos. Tenemos el mejor equipo de t\u00e9cnicos e ingenieros. Ellos est\u00e1n listos no s\u00f3lo para mantener cada paso con usted, sino tambi\u00e9n trabajar con usted para asegurar lo que quieres.<\/p>\n<p>Echemos un vistazo a algunas de las mejores aplicaciones de nuestros actuadores para cargas pesadas en diversas operaciones, entre las que se incluyen:<\/p>\n<ul>\n<li>Alto horno<\/li>\n<li>Plantas de coque<\/li>\n<li>Controles de la compuerta del ventilador<\/li>\n<li>Compuertas deslizantes<\/li>\n<li>Zonas calientes del molino<\/li>\n<li>Salas de calderas<\/li>\n<li>Valvulado de la cerradura<\/li>\n<li>V\u00e1lvulas de control de vapor<\/li>\n<li>Molinos en fr\u00edo<\/li>\n<\/ul>\n<h3><strong>\u00bfQu\u00e9 tipos de motores de calidad ofrecemos?<\/strong><\/h3>\n<p>Porque somos una marca reputada y l\u00edder de motores de corriente continua de alta calidad, que proporcionar\u00e1 soluciones para todos nuestros clientes podr\u00edan pedir. Especialmente la necesidad de satisfacer sus necesidades de proyectos industriales y mec\u00e1nicos. En JimiTech Actuadores, usted descubrir\u00e1 diferentes tipos de actuadores como:<\/p>\n<ul>\n<li>Motores de CC de alta resoluci\u00f3n<\/li>\n<li>Actuador el\u00e9ctrico de varilla<\/li>\n<li>Actuador neum\u00e1tico de varilla<\/li>\n<li>Actuadores de correa y tornillo<\/li>\n<\/ul>\n<h3><strong>Venga hoy mismo y haga el mejor negocio<\/strong><\/h3>\n<p>No s\u00f3lo transmitir art\u00edculos incre\u00edbles para usted, sino tambi\u00e9n la estructura de un art\u00edculo se ajusta a lo que usted est\u00e1 buscando. Nuestra gama se en todo el pa\u00eds con el objetivo final, dondequiera que usted nos requiere. P\u00f3ngase en contacto con nosotros para obtener m\u00e1s informaci\u00f3n hoy mismo o visite nuestro sitio web para obtener m\u00e1s informaci\u00f3n.<\/p>\n<p>Puedes ir a conocer m\u00e1s productos similares: <span style=\"color: #0000ff;\"><a style=\"color: #0000ff;\" href=\"http:\/\/jimiactuators.com\/es\/product\/mt-1344\/\">MT-1344 <\/a><a style=\"color: #0000ff;\" href=\"http:\/\/jimiactuators.com\/es\/product\/mt-300\/\">MT-300<\/a><\/span>[\/leer]\n<\/div>\n<\/div><div class=\"fusion-recent-works fusion-portfolio-element fusion-portfolio fusion-portfolio-1 fusion-portfolio-carousel fusion-portfolio-paging-pagination recent-works-carousel portfolio-carousel picture-size-auto fusion-portfolio-rollover\" data-id=\"-rw-1\"><div class=\"fusion-carousel\" data-autoplay=\"no\" data-columns=\"3\" data-itemmargin=\"30\" data-itemwidth=\"180\" data-touchscroll=\"no\" data-imagesize=\"auto\"><div class=\"fusion-carousel-positioner\"><ul class=\"fusion-carousel-holder\"><li class=\"fusion-carousel-item\"><div class=\"fusion-carousel-item-wrapper\"><span class=\"entry-title rich-snippet-hidden\">MOTORES DE CORRIENTE CONTINUA MT-300<\/span><span class=\"vcard rich-snippet-hidden\"><span class=\"fn\"><a href=\"https:\/\/jimiactuators.com\/es\/author\/adminn\/\" title=\"Entradas de jimiactuators team\" rel=\"author\">equipo de jimiactuadores<\/a><\/span><\/span><span class=\"updated rich-snippet-hidden\">2021-10-03T07:41:39+00:00<\/span>\n\n<div  class=\"fusion-image-wrapper\" aria-haspopup=\"true\">\n\t\n\t\n\t\t\n\t\t\t\t\t<img decoding=\"async\" width=\"500\" height=\"500\" src=\"https:\/\/jimiactuators.com\/wp-content\/uploads\/2019\/08\/300w-500.jpg\" class=\"attachment-full size-full wp-post-image\" alt=\"motor de corriente continua de carga pesada\" \/>\n\t\n\n\t\t<div class=\"fusion-rollover\">\n\t<div class=\"fusion-rollover-content\">\n\n\t\t\t\t\t\t\t\t\t\t\t\t\t\t<a class=\"fusion-rollover-link\" href=\"https:\/\/jimiactuators.com\/es\/articulos-de-la-cartera\/mt-300-dc-motors\/\">MOTORES DE CORRIENTE CONTINUA MT-300<\/a>\n\t\t\t\n\t\t\t\t\t\t\t\t\t\t\t\t\t\t\n\t\t\t\t\t\t\t\t\n\t\t\t\t\t\t\t\t\t\t\t\t\t<div class=\"fusion-rollover-sep\"><\/div>\n\t\t\t\t\n\t\t\t\t\t\t\t\t\t\t\t\t\t\t\t\t\t\t<a class=\"fusion-rollover-gallery\" href=\"https:\/\/jimiactuators.com\/wp-content\/uploads\/2019\/08\/300w-500.jpg\" data-id=\"2633\" data-rel=\"iLightbox[gallery-rw-1]\" data-title=\"300w-500\" data-caption=\"\">\n\t\t\t\t\t\tGallery\t\t\t\t\t<\/a>\n\t\t\t\t\t\t\t\t\t\t\t\t\t\t\n\t\t\t\t\n\t\t\t\t\t\t\t\t\t\t\t\t<h4 class=\"fusion-rollover-title\">\n\t\t\t\t\t<a class=\"fusion-rollover-title-link\" href=\"https:\/\/jimiactuators.com\/es\/articulos-de-la-cartera\/mt-300-dc-motors\/\">\n\t\t\t\t\t\tMOTORES DE CORRIENTE CONTINUA MT-300\t\t\t\t\t<\/a>\n\t\t\t\t<\/h4>\n\t\t\t\n\t\t\t\t\t\t\t\t\t\t\t\t\t\t<div class=\"fusion-rollover-categories\"><a href=\"https:\/\/jimiactuators.com\/es\/categoria_cartera\/motores-cc\/\" rel=\"tag\">Motores de CC<\/a><\/div>\t\t\t\t\t\n\t\t\n\t\t\t\t<a class=\"fusion-link-wrapper\" href=\"https:\/\/jimiactuators.com\/es\/articulos-de-la-cartera\/mt-300-dc-motors\/\" aria-label=\"MOTORES DE CORRIENTE CONTINUA MT-300\"><\/a>\n\t<\/div>\n<\/div>\n\n\t\n<\/div>\n<\/div><\/li><li class=\"fusion-carousel-item\"><div class=\"fusion-carousel-item-wrapper\"><span class=\"entry-title rich-snippet-hidden\">MT-500 MOTOR DE C.C.<\/span><span class=\"vcard rich-snippet-hidden\"><span class=\"fn\"><a href=\"https:\/\/jimiactuators.com\/es\/author\/adminn\/\" title=\"Entradas de jimiactuators team\" rel=\"author\">equipo de jimiactuadores<\/a><\/span><\/span><span class=\"updated rich-snippet-hidden\">2021-10-03T07:38:32+00:00<\/span>\n\n<div  class=\"fusion-image-wrapper\" aria-haspopup=\"true\">\n\t\n\t\n\t\t\n\t\t\t\t\t<img decoding=\"async\" width=\"1920\" height=\"924\" src=\"https:\/\/jimiactuators.com\/wp-content\/uploads\/2020\/03\/41f5824c3429dc82dd823c319a769a9.jpg\" class=\"attachment-full size-full wp-post-image\" alt=\"motores de corriente continua de gran potencia\" \/>\n\t\n\n\t\t<div class=\"fusion-rollover\">\n\t<div class=\"fusion-rollover-content\">\n\n\t\t\t\t\t\t\t\t\t\t\t\t\t\t<a class=\"fusion-rollover-link\" href=\"https:\/\/jimiactuators.com\/es\/articulos-de-la-cartera\/mt-500-dc-motor\/\">MT-500 MOTOR DE C.C.<\/a>\n\t\t\t\n\t\t\t\t\t\t\t\t\t\t\t\t\t\t\n\t\t\t\t\t\t\t\t\n\t\t\t\t\t\t\t\t\t\t\t\t\t<div class=\"fusion-rollover-sep\"><\/div>\n\t\t\t\t\n\t\t\t\t\t\t\t\t\t\t\t\t\t\t\t\t\t\t<a class=\"fusion-rollover-gallery\" href=\"https:\/\/jimiactuators.com\/wp-content\/uploads\/2020\/03\/41f5824c3429dc82dd823c319a769a9.jpg\" data-id=\"2630\" data-rel=\"iLightbox[gallery-rw-1]\" data-title=\"heavy duty DC motors\" data-caption=\"1.5 N.m twist force\">\n\t\t\t\t\t\tGallery\t\t\t\t\t<\/a>\n\t\t\t\t\t\t\t\t\t\t\t\t\t\t\n\t\t\t\t\n\t\t\t\t\t\t\t\t\t\t\t\t<h4 class=\"fusion-rollover-title\">\n\t\t\t\t\t<a class=\"fusion-rollover-title-link\" href=\"https:\/\/jimiactuators.com\/es\/articulos-de-la-cartera\/mt-500-dc-motor\/\">\n\t\t\t\t\t\tMT-500 MOTOR DE C.C.\t\t\t\t\t<\/a>\n\t\t\t\t<\/h4>\n\t\t\t\n\t\t\t\t\t\t\t\t\t\t\t\t\t\t<div class=\"fusion-rollover-categories\"><a href=\"https:\/\/jimiactuators.com\/es\/categoria_cartera\/motores-cc\/\" rel=\"tag\">Motores de CC<\/a><\/div>\t\t\t\t\t\n\t\t\n\t\t\t\t<a class=\"fusion-link-wrapper\" href=\"https:\/\/jimiactuators.com\/es\/articulos-de-la-cartera\/mt-500-dc-motor\/\" aria-label=\"MT-500 MOTOR DE C.C.\"><\/a>\n\t<\/div>\n<\/div>\n\n\t\n<\/div>\n<\/div><\/li><\/ul><div class=\"fusion-carousel-nav\"><span class=\"fusion-nav-prev\"><\/span><span class=\"fusion-nav-next\"><\/span><\/div><\/div><\/div><\/div><\/div><\/div><style type=\"text\/css\">.fusion-body .fusion-builder-column-0{width:100% !important;margin-top : 0px;margin-bottom : 0px;}.fusion-builder-column-0 > .fusion-column-wrapper {padding-top : 0px !important;padding-right : 0px !important;margin-right : 1.92%;padding-bottom : 0px !important;padding-left : 0px !important;margin-left : 1.92%;}@media only screen and (max-width:1024px) {.fusion-body .fusion-builder-column-0{width:100% !important;}.fusion-builder-column-0 > .fusion-column-wrapper {margin-right : 1.92%;margin-left : 1.92%;}}@media only screen and (max-width:640px) {.fusion-body .fusion-builder-column-0{width:100% !important;}.fusion-builder-column-0 > .fusion-column-wrapper {margin-right : 1.92%;margin-left : 1.92%;}}<\/style><\/div><style type=\"text\/css\">.fusion-body .fusion-flex-container.fusion-builder-row-1{ padding-top : 0px;margin-top : 0px;padding-right : 0px;padding-bottom : 0px;margin-bottom : 0px;padding-left : 0px;}<\/style><\/div>","protected":false},"excerpt":{"rendered":"","protected":false},"author":2,"featured_media":0,"parent":2747,"menu_order":0,"comment_status":"closed","ping_status":"closed","template":"","meta":{"footnotes":""},"class_list":["post-1818","page","type-page","status-publish","hentry"],"_links":{"self":[{"href":"https:\/\/jimiactuators.com\/es\/wp-json\/wp\/v2\/pages\/1818","targetHints":{"allow":["GET"]}}],"collection":[{"href":"https:\/\/jimiactuators.com\/es\/wp-json\/wp\/v2\/pages"}],"about":[{"href":"https:\/\/jimiactuators.com\/es\/wp-json\/wp\/v2\/types\/page"}],"author":[{"embeddable":true,"href":"https:\/\/jimiactuators.com\/es\/wp-json\/wp\/v2\/users\/2"}],"replies":[{"embeddable":true,"href":"https:\/\/jimiactuators.com\/es\/wp-json\/wp\/v2\/comments?post=1818"}],"version-history":[{"count":0,"href":"https:\/\/jimiactuators.com\/es\/wp-json\/wp\/v2\/pages\/1818\/revisions"}],"up":[{"embeddable":true,"href":"https:\/\/jimiactuators.com\/es\/wp-json\/wp\/v2\/pages\/2747"}],"wp:attachment":[{"href":"https:\/\/jimiactuators.com\/es\/wp-json\/wp\/v2\/media?parent=1818"}],"curies":[{"name":"wp","href":"https:\/\/api.w.org\/{rel}","templated":true}]}}