{"id":2236,"date":"2020-03-07T08:23:26","date_gmt":"2020-03-07T08:23:26","guid":{"rendered":"http:\/\/jimiactuators.com\/?page_id=2236"},"modified":"2021-10-03T13:20:49","modified_gmt":"2021-10-03T13:20:49","slug":"servomotores","status":"publish","type":"page","link":"https:\/\/jimiactuators.com\/es\/productos\/motores\/servomotores\/","title":{"rendered":"Servomotores"},"content":{"rendered":"<div class=\"fusion-fullwidth fullwidth-box fusion-builder-row-1 fusion-flex-container nonhundred-percent-fullwidth non-hundred-percent-height-scrolling\" style=\"background-color: rgba(255,255,255,0);background-position: center center;background-repeat: no-repeat;border-width: 0px 0px 0px 0px;border-color:#e2e2e2;border-style:solid;\" ><div class=\"fusion-builder-row fusion-row fusion-flex-align-items-flex-start\" style=\"max-width:1248px;margin-left: calc(-4% \/ 2 );margin-right: calc(-4% \/ 2 );\"><div class=\"fusion-layout-column fusion_builder_column fusion-builder-column-0 fusion_builder_column_1_1 1_1 fusion-flex-column\"><div class=\"fusion-column-wrapper fusion-flex-justify-content-flex-start fusion-content-layout-column\" style=\"background-position:left top;background-repeat:no-repeat;-webkit-background-size:cover;-moz-background-size:cover;-o-background-size:cover;background-size:cover;padding: 0px 0px 0px 0px;\"><div class=\"fusion-text fusion-text-1\"><div class=\"snippets-actions\">\n<h2>Compre motores de CC aqu\u00ed<\/h2>\n<p>H\u00e1gase con los motores de CC del fabricante l\u00edder de China: JimiTech. Nuestros motores no s\u00f3lo son \u00fatiles para muchas aplicaciones industriales, sino que tambi\u00e9n se aplican para servir a las industrias aeroespacial y militar. Se aplican ampliamente a <a href=\"https:\/\/www.youtube.com\/watch?v=I2cXoKMQ-4w\" target=\"_blank\" rel=\"noopener\"><span style=\"color: #0000ff;\">l\u00ednea<\/span>ar actuadores<\/a> y <a href=\"https:\/\/www.youtube.com\/watch?v=FxBuHsDsTaQ\" target=\"_blank\" rel=\"noopener\">mecanismos de giro<\/a> en seguidores solares. [read more=\u201dRead More\u201d less=\u201dRead Less\u201d] Nuestros motores de CC de alta calidad no s\u00f3lo se aplican a procesos de automatizaci\u00f3n industrial, sino tambi\u00e9n a entornos industriales para girar, empujar, transportar o elevar piezas y equipos durante la fabricaci\u00f3n.<\/p>\n<p>Nuestros actuadores pueden aplicarse en presencia de vac\u00edo, en entornos submarinos e incluso en otras condiciones inusuales. Al ser un nombre fiable en este campo, contribuimos al buen funcionamiento de todos los procesos rob\u00f3ticos en una amplia gama de industrias diferentes. Por ejemplo, en los sectores de automoci\u00f3n, farmac\u00e9utico, alimentario, biotecnol\u00f3gico, de envasado y electr\u00f3nico.<\/p>\n<h3>\u00bfQu\u00e9 nos hace \u00fanicos?<\/h3>\n<p>Cuando voy a compartir algunas de las mejores aplicaciones de nuestros motores de corriente continua de alta calidad, que me gustar\u00eda decirle acerca de c\u00f3mo trabajamos. Tenemos el mejor equipo de t\u00e9cnicos e ingenieros. Ellos est\u00e1n listos no s\u00f3lo para mantener cada paso con usted, sino tambi\u00e9n trabajar con usted para asegurar lo que quieres.<\/p>\n<p>Echemos un vistazo a algunas de las mejores aplicaciones de nuestros actuadores para cargas pesadas en diversas operaciones, entre las que se incluyen:<\/p>\n<ul>\n<li>Alto horno<\/li>\n<li>Plantas de coque<\/li>\n<li>Controles de la compuerta del ventilador<\/li>\n<li>Compuertas deslizantes<\/li>\n<li>Zonas calientes del molino<\/li>\n<li>Salas de calderas<\/li>\n<li>Valvulado de la cerradura<\/li>\n<li>V\u00e1lvulas de control de vapor<\/li>\n<li>Molinos en fr\u00edo<\/li>\n<\/ul>\n<h3><strong>\u00bfQu\u00e9 tipos de motores de calidad ofrecemos?<\/strong><\/h3>\n<p>Porque somos una marca reputada y l\u00edder de motores de corriente continua de alta calidad, que proporcionar\u00e1 soluciones para todos nuestros clientes podr\u00edan pedir. Especialmente la necesidad de satisfacer sus necesidades de proyectos industriales y mec\u00e1nicos. En JimiTech Actuadores, usted descubrir\u00e1 diferentes tipos de actuadores como:<\/p>\n<ul>\n<li>Motores de CC de alta resoluci\u00f3n<\/li>\n<li>Actuador el\u00e9ctrico de varilla<\/li>\n<li>Actuador neum\u00e1tico de varilla<\/li>\n<li>Actuadores de correa y tornillo<\/li>\n<\/ul>\n<h3><strong>Venga hoy mismo y haga el mejor negocio<\/strong><\/h3>\n<p>No s\u00f3lo transmitir art\u00edculos incre\u00edbles para usted, sino tambi\u00e9n la estructura de un art\u00edculo se ajusta a lo que usted est\u00e1 buscando. Nuestra gama se en todo el pa\u00eds con el objetivo final, dondequiera que usted nos requiere. P\u00f3ngase en contacto con nosotros para obtener m\u00e1s informaci\u00f3n hoy mismo o visite nuestro sitio web para obtener m\u00e1s informaci\u00f3n.<\/p>\n<p>Puedes ir a conocer m\u00e1s productos similares: <span style=\"color: #0000ff;\"><a style=\"color: #0000ff;\" href=\"http:\/\/jimiactuators.com\/es\/product\/mt-1344\/\">MT-1344 <\/a><a style=\"color: #0000ff;\" href=\"http:\/\/jimiactuators.com\/es\/product\/mt-300\/\">MT-300<\/a><\/span>[\/leer]\n<\/div>\n<\/div><div class=\"fusion-recent-works fusion-portfolio-element fusion-portfolio fusion-portfolio-1 fusion-portfolio-carousel fusion-portfolio-paging-pagination recent-works-carousel portfolio-carousel picture-size-auto fusion-portfolio-rollover\" data-id=\"-rw-1\"><div class=\"fusion-carousel\" data-autoplay=\"no\" data-columns=\"3\" data-itemmargin=\"30\" data-itemwidth=\"180\" data-touchscroll=\"no\" data-imagesize=\"auto\"><div class=\"fusion-carousel-positioner\"><ul class=\"fusion-carousel-holder\"><li class=\"fusion-carousel-item\"><div class=\"fusion-carousel-item-wrapper\"><span class=\"entry-title rich-snippet-hidden\">Servomotor serie 260<\/span><span class=\"vcard rich-snippet-hidden\"><span class=\"fn\"><a href=\"https:\/\/jimiactuators.com\/es\/author\/adminn\/\" title=\"Entradas de jimiactuators team\" rel=\"author\">equipo de jimiactuadores<\/a><\/span><\/span><span class=\"updated rich-snippet-hidden\">2026-01-23T12:43:18+00:00<\/span>\n\n<div  class=\"fusion-image-wrapper\" aria-haspopup=\"true\">\n\t\n\t\n\t\t\n\t\t\t\t\t<img decoding=\"async\" width=\"1042\" height=\"1094\" src=\"https:\/\/jimiactuators.com\/wp-content\/uploads\/2020\/02\/329650686268980502.jpg\" class=\"attachment-full size-full wp-post-image\" alt=\"servomotor de bajo precio\" \/>\n\t\n\n\t\t<div class=\"fusion-rollover\">\n\t<div class=\"fusion-rollover-content\">\n\n\t\t\t\t\t\t\t\t\t\t\t\t\t\t<a class=\"fusion-rollover-link\" href=\"https:\/\/jimiactuators.com\/es\/articulos-de-la-cartera\/servo-motor-260-series\/\">Servomotor serie 260<\/a>\n\t\t\t\n\t\t\t\t\t\t\t\t\t\t\t\t\t\t\n\t\t\t\t\t\t\t\t\n\t\t\t\t\t\t\t\t\t\t\t\t\t<div class=\"fusion-rollover-sep\"><\/div>\n\t\t\t\t\n\t\t\t\t\t\t\t\t\t\t\t\t\t\t\t\t\t\t<a class=\"fusion-rollover-gallery\" href=\"https:\/\/jimiactuators.com\/wp-content\/uploads\/2020\/02\/329650686268980502.jpg\" data-id=\"2651\" data-rel=\"iLightbox[gallery-rw-1]\" data-title=\"329650686268980502\" data-caption=\"\">\n\t\t\t\t\t\tGallery\t\t\t\t\t<\/a>\n\t\t\t\t\t\t\t\t\t\t\t\t\t\t\n\t\t\t\t\n\t\t\t\t\t\t\t\t\t\t\t\t<h4 class=\"fusion-rollover-title\">\n\t\t\t\t\t<a class=\"fusion-rollover-title-link\" href=\"https:\/\/jimiactuators.com\/es\/articulos-de-la-cartera\/servo-motor-260-series\/\">\n\t\t\t\t\t\tServomotor serie 260\t\t\t\t\t<\/a>\n\t\t\t\t<\/h4>\n\t\t\t\n\t\t\t\t\t\t\t\t\t\t\t\t\t\t<div class=\"fusion-rollover-categories\"><a href=\"https:\/\/jimiactuators.com\/es\/categoria_cartera\/motores-reductores-planetarios\/\" rel=\"tag\">motores reductores planetarios<\/a>, <a href=\"https:\/\/jimiactuators.com\/es\/categoria_cartera\/servomotores\/\" rel=\"tag\">servomotores<\/a><\/div>\t\t\t\t\t\n\t\t\n\t\t\t\t<a class=\"fusion-link-wrapper\" href=\"https:\/\/jimiactuators.com\/es\/articulos-de-la-cartera\/servo-motor-260-series\/\" aria-label=\"Servomotor serie 260\"><\/a>\n\t<\/div>\n<\/div>\n\n\t\n<\/div>\n<\/div><\/li><li class=\"fusion-carousel-item\"><div class=\"fusion-carousel-item-wrapper\"><span class=\"entry-title rich-snippet-hidden\">Servomotor serie 220<\/span><span class=\"vcard rich-snippet-hidden\"><span class=\"fn\"><a href=\"https:\/\/jimiactuators.com\/es\/author\/adminn\/\" title=\"Entradas de jimiactuators team\" rel=\"author\">equipo de jimiactuadores<\/a><\/span><\/span><span class=\"updated rich-snippet-hidden\">2021-10-03T08:05:39+00:00<\/span>\n\n<div  class=\"fusion-image-wrapper\" aria-haspopup=\"true\">\n\t\n\t\n\t\t\n\t\t\t\t\t<img decoding=\"async\" width=\"1028\" height=\"1089\" src=\"https:\/\/jimiactuators.com\/wp-content\/uploads\/2020\/02\/676057929875271670.jpg\" class=\"attachment-full size-full wp-post-image\" alt=\"servomotor de carga pesada\" \/>\n\t\n\n\t\t<div class=\"fusion-rollover\">\n\t<div class=\"fusion-rollover-content\">\n\n\t\t\t\t\t\t\t\t\t\t\t\t\t\t<a class=\"fusion-rollover-link\" href=\"https:\/\/jimiactuators.com\/es\/articulos-de-la-cartera\/servo-motor-220-series\/\">Servomotor serie 220<\/a>\n\t\t\t\n\t\t\t\t\t\t\t\t\t\t\t\t\t\t\n\t\t\t\t\t\t\t\t\n\t\t\t\t\t\t\t\t\t\t\t\t\t<div class=\"fusion-rollover-sep\"><\/div>\n\t\t\t\t\n\t\t\t\t\t\t\t\t\t\t\t\t\t\t\t\t\t\t<a class=\"fusion-rollover-gallery\" href=\"https:\/\/jimiactuators.com\/wp-content\/uploads\/2020\/02\/676057929875271670.jpg\" data-id=\"2648\" data-rel=\"iLightbox[gallery-rw-1]\" data-title=\"676057929875271670\" data-caption=\"\">\n\t\t\t\t\t\tGallery\t\t\t\t\t<\/a>\n\t\t\t\t\t\t\t\t\t\t\t\t\t\t\n\t\t\t\t\n\t\t\t\t\t\t\t\t\t\t\t\t<h4 class=\"fusion-rollover-title\">\n\t\t\t\t\t<a class=\"fusion-rollover-title-link\" href=\"https:\/\/jimiactuators.com\/es\/articulos-de-la-cartera\/servo-motor-220-series\/\">\n\t\t\t\t\t\tServomotor serie 220\t\t\t\t\t<\/a>\n\t\t\t\t<\/h4>\n\t\t\t\n\t\t\t\t\t\t\t\t\t\t\t\t\t\t<div class=\"fusion-rollover-categories\"><a href=\"https:\/\/jimiactuators.com\/es\/categoria_cartera\/servomotores\/\" rel=\"tag\">servomotores<\/a><\/div>\t\t\t\t\t\n\t\t\n\t\t\t\t<a class=\"fusion-link-wrapper\" href=\"https:\/\/jimiactuators.com\/es\/articulos-de-la-cartera\/servo-motor-220-series\/\" aria-label=\"Servomotor serie 220\"><\/a>\n\t<\/div>\n<\/div>\n\n\t\n<\/div>\n<\/div><\/li><li class=\"fusion-carousel-item\"><div class=\"fusion-carousel-item-wrapper\"><span class=\"entry-title rich-snippet-hidden\">Servomotor serie 200<\/span><span class=\"vcard rich-snippet-hidden\"><span class=\"fn\"><a href=\"https:\/\/jimiactuators.com\/es\/author\/adminn\/\" title=\"Entradas de jimiactuators team\" rel=\"author\">equipo de jimiactuadores<\/a><\/span><\/span><span class=\"updated rich-snippet-hidden\">2021-10-03T08:02:31+00:00<\/span>\n\n<div  class=\"fusion-image-wrapper\" aria-haspopup=\"true\">\n\t\n\t\n\t\t\n\t\t\t\t\t<img decoding=\"async\" width=\"1014\" height=\"1095\" src=\"https:\/\/jimiactuators.com\/wp-content\/uploads\/2020\/02\/496137119264641931.jpg\" class=\"attachment-full size-full wp-post-image\" alt=\"servomotor de alta precisi\u00f3n\" \/>\n\t\n\n\t\t<div class=\"fusion-rollover\">\n\t<div class=\"fusion-rollover-content\">\n\n\t\t\t\t\t\t\t\t\t\t\t\t\t\t<a class=\"fusion-rollover-link\" href=\"https:\/\/jimiactuators.com\/es\/articulos-de-la-cartera\/servo-motor-200-series\/\">Servomotor serie 200<\/a>\n\t\t\t\n\t\t\t\t\t\t\t\t\t\t\t\t\t\t\n\t\t\t\t\t\t\t\t\n\t\t\t\t\t\t\t\t\t\t\t\t\t<div class=\"fusion-rollover-sep\"><\/div>\n\t\t\t\t\n\t\t\t\t\t\t\t\t\t\t\t\t\t\t\t\t\t\t<a class=\"fusion-rollover-gallery\" href=\"https:\/\/jimiactuators.com\/wp-content\/uploads\/2020\/02\/496137119264641931.jpg\" data-id=\"2645\" data-rel=\"iLightbox[gallery-rw-1]\" data-title=\"496137119264641931\" data-caption=\"\">\n\t\t\t\t\t\tGallery\t\t\t\t\t<\/a>\n\t\t\t\t\t\t\t\t\t\t\t\t\t\t\n\t\t\t\t\n\t\t\t\t\t\t\t\t\t\t\t\t<h4 class=\"fusion-rollover-title\">\n\t\t\t\t\t<a class=\"fusion-rollover-title-link\" href=\"https:\/\/jimiactuators.com\/es\/articulos-de-la-cartera\/servo-motor-200-series\/\">\n\t\t\t\t\t\tServomotor serie 200\t\t\t\t\t<\/a>\n\t\t\t\t<\/h4>\n\t\t\t\n\t\t\t\t\t\t\t\t\t\t\t\t\t\t<div class=\"fusion-rollover-categories\"><a href=\"https:\/\/jimiactuators.com\/es\/categoria_cartera\/servomotores\/\" rel=\"tag\">servomotores<\/a><\/div>\t\t\t\t\t\n\t\t\n\t\t\t\t<a class=\"fusion-link-wrapper\" href=\"https:\/\/jimiactuators.com\/es\/articulos-de-la-cartera\/servo-motor-200-series\/\" aria-label=\"Servomotor serie 200\"><\/a>\n\t<\/div>\n<\/div>\n\n\t\n<\/div>\n<\/div><\/li><li class=\"fusion-carousel-item\"><div class=\"fusion-carousel-item-wrapper\"><span class=\"entry-title rich-snippet-hidden\">Servomotor serie 180<\/span><span class=\"vcard rich-snippet-hidden\"><span class=\"fn\"><a href=\"https:\/\/jimiactuators.com\/es\/author\/adminn\/\" title=\"Entradas de jimiactuators team\" rel=\"author\">equipo de jimiactuadores<\/a><\/span><\/span><span class=\"updated rich-snippet-hidden\">2021-10-03T07:59:13+00:00<\/span>\n\n<div  class=\"fusion-image-wrapper\" aria-haspopup=\"true\">\n\t\n\t\n\t\t\n\t\t\t\t\t<img decoding=\"async\" width=\"954\" height=\"1086\" src=\"https:\/\/jimiactuators.com\/wp-content\/uploads\/2020\/02\/158074296238122592.jpg\" class=\"attachment-full size-full wp-post-image\" alt=\"servomotor de gran potencia\" \/>\n\t\n\n\t\t<div class=\"fusion-rollover\">\n\t<div class=\"fusion-rollover-content\">\n\n\t\t\t\t\t\t\t\t\t\t\t\t\t\t<a class=\"fusion-rollover-link\" href=\"https:\/\/jimiactuators.com\/es\/articulos-de-la-cartera\/servo-motor-180-series\/\">Servomotor serie 180<\/a>\n\t\t\t\n\t\t\t\t\t\t\t\t\t\t\t\t\t\t\n\t\t\t\t\t\t\t\t\n\t\t\t\t\t\t\t\t\t\t\t\t\t<div class=\"fusion-rollover-sep\"><\/div>\n\t\t\t\t\n\t\t\t\t\t\t\t\t\t\t\t\t\t\t\t\t\t\t<a class=\"fusion-rollover-gallery\" href=\"https:\/\/jimiactuators.com\/wp-content\/uploads\/2020\/02\/158074296238122592.jpg\" data-id=\"2642\" data-rel=\"iLightbox[gallery-rw-1]\" data-title=\"158074296238122592\" data-caption=\"\">\n\t\t\t\t\t\tGallery\t\t\t\t\t<\/a>\n\t\t\t\t\t\t\t\t\t\t\t\t\t\t\n\t\t\t\t\n\t\t\t\t\t\t\t\t\t\t\t\t<h4 class=\"fusion-rollover-title\">\n\t\t\t\t\t<a class=\"fusion-rollover-title-link\" href=\"https:\/\/jimiactuators.com\/es\/articulos-de-la-cartera\/servo-motor-180-series\/\">\n\t\t\t\t\t\tServomotor serie 180\t\t\t\t\t<\/a>\n\t\t\t\t<\/h4>\n\t\t\t\n\t\t\t\t\t\t\t\t\t\t\t\t\t\t<div class=\"fusion-rollover-categories\"><a href=\"https:\/\/jimiactuators.com\/es\/categoria_cartera\/servomotores\/\" rel=\"tag\">servomotores<\/a><\/div>\t\t\t\t\t\n\t\t\n\t\t\t\t<a class=\"fusion-link-wrapper\" href=\"https:\/\/jimiactuators.com\/es\/articulos-de-la-cartera\/servo-motor-180-series\/\" aria-label=\"Servomotor serie 180\"><\/a>\n\t<\/div>\n<\/div>\n\n\t\n<\/div>\n<\/div><\/li><li class=\"fusion-carousel-item\"><div class=\"fusion-carousel-item-wrapper\"><span class=\"entry-title rich-snippet-hidden\">Motor de servidor serie 110-130<\/span><span class=\"vcard rich-snippet-hidden\"><span class=\"fn\"><a href=\"https:\/\/jimiactuators.com\/es\/author\/adminn\/\" title=\"Entradas de jimiactuators team\" rel=\"author\">equipo de jimiactuadores<\/a><\/span><\/span><span class=\"updated rich-snippet-hidden\">2021-10-03T07:54:48+00:00<\/span>\n\n<div  class=\"fusion-image-wrapper\" aria-haspopup=\"true\">\n\t\n\t\n\t\t\n\t\t\t\t\t<img decoding=\"async\" width=\"800\" height=\"802\" src=\"https:\/\/jimiactuators.com\/wp-content\/uploads\/2020\/02\/60.jpg\" class=\"attachment-full size-full wp-post-image\" alt=\"servomotor de alta calidad\" \/>\n\t\n\n\t\t<div class=\"fusion-rollover\">\n\t<div class=\"fusion-rollover-content\">\n\n\t\t\t\t\t\t\t\t\t\t\t\t\t\t<a class=\"fusion-rollover-link\" href=\"https:\/\/jimiactuators.com\/es\/articulos-de-la-cartera\/server-motor-110-130-series\/\">Motor de servidor serie 110-130<\/a>\n\t\t\t\n\t\t\t\t\t\t\t\t\t\t\t\t\t\t\n\t\t\t\t\t\t\t\t\n\t\t\t\t\t\t\t\t\t\t\t\t\t<div class=\"fusion-rollover-sep\"><\/div>\n\t\t\t\t\n\t\t\t\t\t\t\t\t\t\t\t\t\t\t\t\t\t\t<a class=\"fusion-rollover-gallery\" href=\"https:\/\/jimiactuators.com\/wp-content\/uploads\/2020\/02\/60.jpg\" data-id=\"2639\" data-rel=\"iLightbox[gallery-rw-1]\" data-title=\"60\" data-caption=\"\">\n\t\t\t\t\t\tGallery\t\t\t\t\t<\/a>\n\t\t\t\t\t\t\t\t\t\t\t\t\t\t\n\t\t\t\t\n\t\t\t\t\t\t\t\t\t\t\t\t<h4 class=\"fusion-rollover-title\">\n\t\t\t\t\t<a class=\"fusion-rollover-title-link\" href=\"https:\/\/jimiactuators.com\/es\/articulos-de-la-cartera\/server-motor-110-130-series\/\">\n\t\t\t\t\t\tMotor de servidor serie 110-130\t\t\t\t\t<\/a>\n\t\t\t\t<\/h4>\n\t\t\t\n\t\t\t\t\t\t\t\t\t\t\t\t\t\t<div class=\"fusion-rollover-categories\"><a href=\"https:\/\/jimiactuators.com\/es\/categoria_cartera\/servomotores\/\" rel=\"tag\">servomotores<\/a><\/div>\t\t\t\t\t\n\t\t\n\t\t\t\t<a class=\"fusion-link-wrapper\" href=\"https:\/\/jimiactuators.com\/es\/articulos-de-la-cartera\/server-motor-110-130-series\/\" aria-label=\"Motor de servidor serie 110-130\"><\/a>\n\t<\/div>\n<\/div>\n\n\t\n<\/div>\n<\/div><\/li><li class=\"fusion-carousel-item\"><div class=\"fusion-carousel-item-wrapper\"><span class=\"entry-title rich-snippet-hidden\">SERVOMOTOR SERIE 60-80<\/span><span class=\"vcard rich-snippet-hidden\"><span class=\"fn\"><a href=\"https:\/\/jimiactuators.com\/es\/author\/adminn\/\" title=\"Entradas de jimiactuators team\" rel=\"author\">equipo de jimiactuadores<\/a><\/span><\/span><span class=\"updated rich-snippet-hidden\">2021-10-03T07:47:29+00:00<\/span>\n\n<div  class=\"fusion-image-wrapper\" aria-haspopup=\"true\">\n\t\n\t\n\t\t\n\t\t\t\t\t<img decoding=\"async\" width=\"995\" height=\"1052\" src=\"https:\/\/jimiactuators.com\/wp-content\/uploads\/2020\/02\/807209291763402708.jpg\" class=\"attachment-full size-full wp-post-image\" alt=\"servomotor de alta velocidad\" \/>\n\t\n\n\t\t<div class=\"fusion-rollover\">\n\t<div class=\"fusion-rollover-content\">\n\n\t\t\t\t\t\t\t\t\t\t\t\t\t\t<a class=\"fusion-rollover-link\" href=\"https:\/\/jimiactuators.com\/es\/articulos-de-la-cartera\/servo-motor-60-80-series\/\">SERVOMOTOR SERIE 60-80<\/a>\n\t\t\t\n\t\t\t\t\t\t\t\t\t\t\t\t\t\t\n\t\t\t\t\t\t\t\t\n\t\t\t\t\t\t\t\t\t\t\t\t\t<div class=\"fusion-rollover-sep\"><\/div>\n\t\t\t\t\n\t\t\t\t\t\t\t\t\t\t\t\t\t\t\t\t\t\t<a class=\"fusion-rollover-gallery\" href=\"https:\/\/jimiactuators.com\/wp-content\/uploads\/2020\/02\/807209291763402708.jpg\" data-id=\"2636\" data-rel=\"iLightbox[gallery-rw-1]\" data-title=\"807209291763402708\" data-caption=\"\">\n\t\t\t\t\t\tGallery\t\t\t\t\t<\/a>\n\t\t\t\t\t\t\t\t\t\t\t\t\t\t\n\t\t\t\t\n\t\t\t\t\t\t\t\t\t\t\t\t<h4 class=\"fusion-rollover-title\">\n\t\t\t\t\t<a class=\"fusion-rollover-title-link\" href=\"https:\/\/jimiactuators.com\/es\/articulos-de-la-cartera\/servo-motor-60-80-series\/\">\n\t\t\t\t\t\tSERVOMOTOR SERIE 60-80\t\t\t\t\t<\/a>\n\t\t\t\t<\/h4>\n\t\t\t\n\t\t\t\t\t\t\t\t\t\t\t\t\t\t<div class=\"fusion-rollover-categories\"><a href=\"https:\/\/jimiactuators.com\/es\/categoria_cartera\/servomotores\/\" rel=\"tag\">servomotores<\/a><\/div>\t\t\t\t\t\n\t\t\n\t\t\t\t<a class=\"fusion-link-wrapper\" href=\"https:\/\/jimiactuators.com\/es\/articulos-de-la-cartera\/servo-motor-60-80-series\/\" aria-label=\"SERVOMOTOR SERIE 60-80\"><\/a>\n\t<\/div>\n<\/div>\n\n\t\n<\/div>\n<\/div><\/li><\/ul><div class=\"fusion-carousel-nav\"><span class=\"fusion-nav-prev\"><\/span><span class=\"fusion-nav-next\"><\/span><\/div><\/div><\/div><\/div><\/div><\/div><style type=\"text\/css\">.fusion-body .fusion-builder-column-0{width:100% !important;margin-top : 0px;margin-bottom : 0px;}.fusion-builder-column-0 > .fusion-column-wrapper {padding-top : 0px !important;padding-right : 0px !important;margin-right : 1.92%;padding-bottom : 0px !important;padding-left : 0px !important;margin-left : 1.92%;}@media only screen and (max-width:1024px) {.fusion-body .fusion-builder-column-0{width:100% !important;}.fusion-builder-column-0 > .fusion-column-wrapper {margin-right : 1.92%;margin-left : 1.92%;}}@media only screen and (max-width:640px) {.fusion-body .fusion-builder-column-0{width:100% !important;}.fusion-builder-column-0 > .fusion-column-wrapper {margin-right : 1.92%;margin-left : 1.92%;}}<\/style><\/div><style type=\"text\/css\">.fusion-body .fusion-flex-container.fusion-builder-row-1{ padding-top : 0px;margin-top : 0px;padding-right : 0px;padding-bottom : 0px;margin-bottom : 0px;padding-left : 0px;}<\/style><\/div>","protected":false},"excerpt":{"rendered":"","protected":false},"author":2,"featured_media":0,"parent":2747,"menu_order":0,"comment_status":"closed","ping_status":"closed","template":"","meta":{"footnotes":""},"class_list":["post-2236","page","type-page","status-publish","hentry"],"_links":{"self":[{"href":"https:\/\/jimiactuators.com\/es\/wp-json\/wp\/v2\/pages\/2236","targetHints":{"allow":["GET"]}}],"collection":[{"href":"https:\/\/jimiactuators.com\/es\/wp-json\/wp\/v2\/pages"}],"about":[{"href":"https:\/\/jimiactuators.com\/es\/wp-json\/wp\/v2\/types\/page"}],"author":[{"embeddable":true,"href":"https:\/\/jimiactuators.com\/es\/wp-json\/wp\/v2\/users\/2"}],"replies":[{"embeddable":true,"href":"https:\/\/jimiactuators.com\/es\/wp-json\/wp\/v2\/comments?post=2236"}],"version-history":[{"count":0,"href":"https:\/\/jimiactuators.com\/es\/wp-json\/wp\/v2\/pages\/2236\/revisions"}],"up":[{"embeddable":true,"href":"https:\/\/jimiactuators.com\/es\/wp-json\/wp\/v2\/pages\/2747"}],"wp:attachment":[{"href":"https:\/\/jimiactuators.com\/es\/wp-json\/wp\/v2\/media?parent=2236"}],"curies":[{"name":"wp","href":"https:\/\/api.w.org\/{rel}","templated":true}]}}