{"id":4,"date":"2017-09-14T06:14:44","date_gmt":"2017-09-14T06:14:44","guid":{"rendered":"http:\/\/designscubix.com\/demo\/milinco\/?page_id=4"},"modified":"2026-01-09T14:12:59","modified_gmt":"2026-01-09T14:12:59","slug":"acerca-de-nosotros","status":"publish","type":"page","link":"https:\/\/jimiactuators.com\/es\/acerca-de-nosotros\/","title":{"rendered":"Qui\u00e9nes somos"},"content":{"rendered":"<div class=\"fusion-fullwidth fullwidth-box fusion-builder-row-1 fusion-flex-container nonhundred-percent-fullwidth non-hundred-percent-height-scrolling\" style=\"background-color: rgba(255,255,255,0);background-position: center center;background-repeat: no-repeat;border-width: 0px 0px 0px 0px;border-color:#e2e2e2;border-style:solid;\" ><div class=\"fusion-builder-row fusion-row fusion-flex-align-items-flex-start\" style=\"max-width:1248px;margin-left: calc(-4% \/ 2 );margin-right: calc(-4% \/ 2 );\"><div class=\"fusion-layout-column fusion_builder_column fusion-builder-column-0 fusion_builder_column_1_1 1_1 fusion-flex-column\"><div class=\"fusion-column-wrapper fusion-flex-justify-content-flex-start fusion-content-layout-column\" style=\"background-position:left top;background-repeat:no-repeat;-webkit-background-size:cover;-moz-background-size:cover;-o-background-size:cover;background-size:cover;padding: 0px 0px 0px 0px;\"><div class=\"fusion-text fusion-text-1\"><h1>Nuestras f\u00e1bricas introducen:<\/h1>\n<\/div><div class=\"fusion-text fusion-text-2\"><h4>F\u00e1brica de motores lineales<\/h4>\n<\/div><div class=\"fusion-image-carousel fusion-image-carousel-auto fusion-no-medium-visibility fusion-carousel-border\"><div class=\"fusion-carousel\" data-autoplay=\"no\" data-columns=\"5\" data-itemmargin=\"13\" data-itemwidth=\"180\" data-touchscroll=\"no\" data-imagesize=\"auto\"><div class=\"fusion-carousel-positioner\"><ul class=\"fusion-carousel-holder\"><li class=\"fusion-carousel-item\"><div class=\"fusion-carousel-item-wrapper\"><div class=\"fusion-image-wrapper hover-type-none\"><img decoding=\"async\" width=\"1443\" height=\"1080\" src=\"https:\/\/jimiactuators.com\/wp-content\/uploads\/2019\/08\/404147288576890070.jpg\" class=\"attachment-full size-full\" alt=\"\" \/><\/div><\/div><\/li><li class=\"fusion-carousel-item\"><div class=\"fusion-carousel-item-wrapper\"><div class=\"fusion-image-wrapper hover-type-none\"><img decoding=\"async\" width=\"1080\" height=\"1443\" src=\"https:\/\/jimiactuators.com\/wp-content\/uploads\/2019\/08\/811503816835355409.jpg\" class=\"attachment-full size-full\" alt=\"\" \/><\/div><\/div><\/li><li class=\"fusion-carousel-item\"><div class=\"fusion-carousel-item-wrapper\"><div class=\"fusion-image-wrapper hover-type-none\"><img decoding=\"async\" width=\"1443\" height=\"1080\" src=\"https:\/\/jimiactuators.com\/wp-content\/uploads\/2019\/08\/31045778976196468.jpg\" class=\"attachment-full size-full\" alt=\"f\u00e1brica\" \/><\/div><\/div><\/li><li class=\"fusion-carousel-item\"><div class=\"fusion-carousel-item-wrapper\"><div class=\"fusion-image-wrapper hover-type-none\"><img decoding=\"async\" width=\"1443\" height=\"1080\" src=\"https:\/\/jimiactuators.com\/wp-content\/uploads\/2019\/08\/918357305927202333.jpg\" class=\"attachment-full size-full\" alt=\"fabricante de actuadores lineales\" \/><\/div><\/div><\/li><li class=\"fusion-carousel-item\"><div class=\"fusion-carousel-item-wrapper\"><div class=\"fusion-image-wrapper hover-type-none\"><img decoding=\"async\" width=\"1080\" height=\"1080\" src=\"https:\/\/jimiactuators.com\/wp-content\/uploads\/2021\/10\/d5d8591c6541a0485361c493e69bc33.jpg\" class=\"attachment-full size-full\" alt=\"\" srcset=\"https:\/\/jimiactuators.com\/wp-content\/uploads\/2021\/10\/d5d8591c6541a0485361c493e69bc33-200x200.jpg 200w, https:\/\/jimiactuators.com\/wp-content\/uploads\/2021\/10\/d5d8591c6541a0485361c493e69bc33-400x400.jpg 400w, https:\/\/jimiactuators.com\/wp-content\/uploads\/2021\/10\/d5d8591c6541a0485361c493e69bc33-600x600.jpg 600w, https:\/\/jimiactuators.com\/wp-content\/uploads\/2021\/10\/d5d8591c6541a0485361c493e69bc33-800x800.jpg 800w, https:\/\/jimiactuators.com\/wp-content\/uploads\/2021\/10\/d5d8591c6541a0485361c493e69bc33.jpg 1080w\" sizes=\"(min-width: 2200px) 100vw, (min-width: 928px) 230px, (min-width: 856px) 287px, (min-width: 784px) 383px, (min-width: 712px) 574px, (min-width: 640px) 712px, \" \/><\/div><\/div><\/li><\/ul><div class=\"fusion-carousel-nav\"><span class=\"fusion-nav-prev\"><\/span><span class=\"fusion-nav-next\"><\/span><\/div><\/div><\/div><\/div><div class=\"fusion-text fusion-text-3\"><h4>F\u00e1brica de seguidores solares<\/h4>\n<\/div><div class=\"fusion-image-carousel fusion-image-carousel-auto fusion-no-medium-visibility fusion-carousel-border\"><div class=\"fusion-carousel\" data-autoplay=\"no\" data-columns=\"5\" data-itemmargin=\"13\" data-itemwidth=\"180\" data-touchscroll=\"no\" data-imagesize=\"auto\"><div class=\"fusion-carousel-positioner\"><ul class=\"fusion-carousel-holder\"><li class=\"fusion-carousel-item\"><div class=\"fusion-carousel-item-wrapper\"><div class=\"fusion-image-wrapper hover-type-none\"><img decoding=\"async\" width=\"742\" height=\"400\" src=\"https:\/\/jimiactuators.com\/wp-content\/uploads\/2021\/10\/1-4.jpg\" class=\"attachment-full size-full\" alt=\"\" srcset=\"https:\/\/jimiactuators.com\/wp-content\/uploads\/2021\/10\/1-4-200x108.jpg 200w, https:\/\/jimiactuators.com\/wp-content\/uploads\/2021\/10\/1-4-400x216.jpg 400w, https:\/\/jimiactuators.com\/wp-content\/uploads\/2021\/10\/1-4-600x323.jpg 600w, https:\/\/jimiactuators.com\/wp-content\/uploads\/2021\/10\/1-4.jpg 742w\" sizes=\"(min-width: 2200px) 100vw, (min-width: 928px) 230px, (min-width: 856px) 287px, (min-width: 784px) 383px, (min-width: 712px) 574px, (min-width: 640px) 712px, \" \/><\/div><\/div><\/li><li class=\"fusion-carousel-item\"><div class=\"fusion-carousel-item-wrapper\"><div class=\"fusion-image-wrapper hover-type-none\"><img decoding=\"async\" width=\"742\" height=\"400\" src=\"https:\/\/jimiactuators.com\/wp-content\/uploads\/2021\/10\/2-4.jpg\" class=\"attachment-full size-full\" alt=\"\" srcset=\"https:\/\/jimiactuators.com\/wp-content\/uploads\/2021\/10\/2-4-200x108.jpg 200w, https:\/\/jimiactuators.com\/wp-content\/uploads\/2021\/10\/2-4-400x216.jpg 400w, https:\/\/jimiactuators.com\/wp-content\/uploads\/2021\/10\/2-4-600x323.jpg 600w, https:\/\/jimiactuators.com\/wp-content\/uploads\/2021\/10\/2-4.jpg 742w\" sizes=\"(min-width: 2200px) 100vw, (min-width: 928px) 230px, (min-width: 856px) 287px, (min-width: 784px) 383px, (min-width: 712px) 574px, (min-width: 640px) 712px, \" \/><\/div><\/div><\/li><li class=\"fusion-carousel-item\"><div class=\"fusion-carousel-item-wrapper\"><div class=\"fusion-image-wrapper hover-type-none\"><img decoding=\"async\" width=\"1000\" height=\"539\" src=\"https:\/\/jimiactuators.com\/wp-content\/uploads\/2021\/10\/3-4.jpg\" class=\"attachment-full size-full\" alt=\"\" srcset=\"https:\/\/jimiactuators.com\/wp-content\/uploads\/2021\/10\/3-4-200x108.jpg 200w, https:\/\/jimiactuators.com\/wp-content\/uploads\/2021\/10\/3-4-400x216.jpg 400w, https:\/\/jimiactuators.com\/wp-content\/uploads\/2021\/10\/3-4-600x323.jpg 600w, https:\/\/jimiactuators.com\/wp-content\/uploads\/2021\/10\/3-4-800x431.jpg 800w, https:\/\/jimiactuators.com\/wp-content\/uploads\/2021\/10\/3-4.jpg 1000w\" sizes=\"(min-width: 2200px) 100vw, (min-width: 928px) 230px, (min-width: 856px) 287px, (min-width: 784px) 383px, (min-width: 712px) 574px, (min-width: 640px) 712px, \" \/><\/div><\/div><\/li><li class=\"fusion-carousel-item\"><div class=\"fusion-carousel-item-wrapper\"><div class=\"fusion-image-wrapper hover-type-none\"><img decoding=\"async\" width=\"1600\" height=\"862\" src=\"https:\/\/jimiactuators.com\/wp-content\/uploads\/2021\/10\/4-3.jpg\" class=\"attachment-full size-full\" alt=\"\" srcset=\"https:\/\/jimiactuators.com\/wp-content\/uploads\/2021\/10\/4-3-200x108.jpg 200w, https:\/\/jimiactuators.com\/wp-content\/uploads\/2021\/10\/4-3-400x216.jpg 400w, https:\/\/jimiactuators.com\/wp-content\/uploads\/2021\/10\/4-3-600x323.jpg 600w, https:\/\/jimiactuators.com\/wp-content\/uploads\/2021\/10\/4-3-800x431.jpg 800w, https:\/\/jimiactuators.com\/wp-content\/uploads\/2021\/10\/4-3-1200x647.jpg 1200w, https:\/\/jimiactuators.com\/wp-content\/uploads\/2021\/10\/4-3.jpg 1600w\" sizes=\"(min-width: 2200px) 100vw, (min-width: 928px) 230px, (min-width: 856px) 287px, (min-width: 784px) 383px, (min-width: 712px) 574px, (min-width: 640px) 712px, \" \/><\/div><\/div><\/li><li class=\"fusion-carousel-item\"><div class=\"fusion-carousel-item-wrapper\"><div class=\"fusion-image-wrapper hover-type-none\"><img decoding=\"async\" width=\"960\" height=\"540\" src=\"https:\/\/jimiactuators.com\/wp-content\/uploads\/2021\/10\/5-5.jpg\" class=\"attachment-full size-full\" alt=\"\" srcset=\"https:\/\/jimiactuators.com\/wp-content\/uploads\/2021\/10\/5-5-200x113.jpg 200w, https:\/\/jimiactuators.com\/wp-content\/uploads\/2021\/10\/5-5-400x225.jpg 400w, https:\/\/jimiactuators.com\/wp-content\/uploads\/2021\/10\/5-5-600x338.jpg 600w, https:\/\/jimiactuators.com\/wp-content\/uploads\/2021\/10\/5-5-800x450.jpg 800w, https:\/\/jimiactuators.com\/wp-content\/uploads\/2021\/10\/5-5.jpg 960w\" sizes=\"(min-width: 2200px) 100vw, (min-width: 928px) 230px, (min-width: 856px) 287px, (min-width: 784px) 383px, (min-width: 712px) 574px, (min-width: 640px) 712px, \" \/><\/div><\/div><\/li><\/ul><div class=\"fusion-carousel-nav\"><span class=\"fusion-nav-prev\"><\/span><span class=\"fusion-nav-next\"><\/span><\/div><\/div><\/div><\/div><div class=\"fusion-text fusion-text-4\"><h4>F\u00e1brica de accionamientos de giro<\/h4>\n<\/div><div class=\"fusion-image-carousel fusion-image-carousel-auto fusion-no-medium-visibility fusion-carousel-border\"><div class=\"fusion-carousel\" data-autoplay=\"no\" data-columns=\"5\" data-itemmargin=\"13\" data-itemwidth=\"180\" data-touchscroll=\"no\" data-imagesize=\"auto\"><div class=\"fusion-carousel-positioner\"><ul class=\"fusion-carousel-holder\"><li class=\"fusion-carousel-item\"><div class=\"fusion-carousel-item-wrapper\"><div class=\"fusion-image-wrapper hover-type-none\"><img decoding=\"async\" width=\"1440\" height=\"1080\" src=\"https:\/\/jimiactuators.com\/wp-content\/uploads\/2021\/10\/1b836a6bf85926bbf32b38cc625b6e5.jpg\" class=\"attachment-full size-full\" alt=\"\" srcset=\"https:\/\/jimiactuators.com\/wp-content\/uploads\/2021\/10\/1b836a6bf85926bbf32b38cc625b6e5-200x150.jpg 200w, https:\/\/jimiactuators.com\/wp-content\/uploads\/2021\/10\/1b836a6bf85926bbf32b38cc625b6e5-400x300.jpg 400w, https:\/\/jimiactuators.com\/wp-content\/uploads\/2021\/10\/1b836a6bf85926bbf32b38cc625b6e5-600x450.jpg 600w, https:\/\/jimiactuators.com\/wp-content\/uploads\/2021\/10\/1b836a6bf85926bbf32b38cc625b6e5-800x600.jpg 800w, https:\/\/jimiactuators.com\/wp-content\/uploads\/2021\/10\/1b836a6bf85926bbf32b38cc625b6e5-1200x900.jpg 1200w, https:\/\/jimiactuators.com\/wp-content\/uploads\/2021\/10\/1b836a6bf85926bbf32b38cc625b6e5.jpg 1440w\" sizes=\"(min-width: 2200px) 100vw, (min-width: 928px) 230px, (min-width: 856px) 287px, (min-width: 784px) 383px, (min-width: 712px) 574px, (min-width: 640px) 712px, \" \/><\/div><\/div><\/li><li class=\"fusion-carousel-item\"><div class=\"fusion-carousel-item-wrapper\"><div class=\"fusion-image-wrapper hover-type-none\"><img decoding=\"async\" width=\"1440\" height=\"1080\" src=\"https:\/\/jimiactuators.com\/wp-content\/uploads\/2021\/10\/3a82b216e40c06a461c319c0568e46d.jpg\" class=\"attachment-full size-full\" alt=\"\" srcset=\"https:\/\/jimiactuators.com\/wp-content\/uploads\/2021\/10\/3a82b216e40c06a461c319c0568e46d-200x150.jpg 200w, https:\/\/jimiactuators.com\/wp-content\/uploads\/2021\/10\/3a82b216e40c06a461c319c0568e46d-400x300.jpg 400w, https:\/\/jimiactuators.com\/wp-content\/uploads\/2021\/10\/3a82b216e40c06a461c319c0568e46d-600x450.jpg 600w, https:\/\/jimiactuators.com\/wp-content\/uploads\/2021\/10\/3a82b216e40c06a461c319c0568e46d-800x600.jpg 800w, https:\/\/jimiactuators.com\/wp-content\/uploads\/2021\/10\/3a82b216e40c06a461c319c0568e46d-1200x900.jpg 1200w, https:\/\/jimiactuators.com\/wp-content\/uploads\/2021\/10\/3a82b216e40c06a461c319c0568e46d.jpg 1440w\" sizes=\"(min-width: 2200px) 100vw, (min-width: 928px) 230px, (min-width: 856px) 287px, (min-width: 784px) 383px, (min-width: 712px) 574px, (min-width: 640px) 712px, \" \/><\/div><\/div><\/li><li class=\"fusion-carousel-item\"><div class=\"fusion-carousel-item-wrapper\"><div class=\"fusion-image-wrapper hover-type-none\"><img decoding=\"async\" width=\"1440\" height=\"1080\" src=\"https:\/\/jimiactuators.com\/wp-content\/uploads\/2021\/10\/7ba7691ee4eb5bff6775ca67d507819.jpg\" class=\"attachment-full size-full\" alt=\"\" srcset=\"https:\/\/jimiactuators.com\/wp-content\/uploads\/2021\/10\/7ba7691ee4eb5bff6775ca67d507819-200x150.jpg 200w, https:\/\/jimiactuators.com\/wp-content\/uploads\/2021\/10\/7ba7691ee4eb5bff6775ca67d507819-400x300.jpg 400w, https:\/\/jimiactuators.com\/wp-content\/uploads\/2021\/10\/7ba7691ee4eb5bff6775ca67d507819-600x450.jpg 600w, https:\/\/jimiactuators.com\/wp-content\/uploads\/2021\/10\/7ba7691ee4eb5bff6775ca67d507819-800x600.jpg 800w, https:\/\/jimiactuators.com\/wp-content\/uploads\/2021\/10\/7ba7691ee4eb5bff6775ca67d507819-1200x900.jpg 1200w, https:\/\/jimiactuators.com\/wp-content\/uploads\/2021\/10\/7ba7691ee4eb5bff6775ca67d507819.jpg 1440w\" sizes=\"(min-width: 2200px) 100vw, (min-width: 928px) 230px, (min-width: 856px) 287px, (min-width: 784px) 383px, (min-width: 712px) 574px, (min-width: 640px) 712px, \" \/><\/div><\/div><\/li><li class=\"fusion-carousel-item\"><div class=\"fusion-carousel-item-wrapper\"><div class=\"fusion-image-wrapper hover-type-none\"><img decoding=\"async\" width=\"1440\" height=\"1080\" src=\"https:\/\/jimiactuators.com\/wp-content\/uploads\/2021\/10\/7cf78f9a140a05e387b2546bf5660f5.jpg\" class=\"attachment-full size-full\" alt=\"\" srcset=\"https:\/\/jimiactuators.com\/wp-content\/uploads\/2021\/10\/7cf78f9a140a05e387b2546bf5660f5-200x150.jpg 200w, https:\/\/jimiactuators.com\/wp-content\/uploads\/2021\/10\/7cf78f9a140a05e387b2546bf5660f5-400x300.jpg 400w, https:\/\/jimiactuators.com\/wp-content\/uploads\/2021\/10\/7cf78f9a140a05e387b2546bf5660f5-600x450.jpg 600w, https:\/\/jimiactuators.com\/wp-content\/uploads\/2021\/10\/7cf78f9a140a05e387b2546bf5660f5-800x600.jpg 800w, https:\/\/jimiactuators.com\/wp-content\/uploads\/2021\/10\/7cf78f9a140a05e387b2546bf5660f5-1200x900.jpg 1200w, https:\/\/jimiactuators.com\/wp-content\/uploads\/2021\/10\/7cf78f9a140a05e387b2546bf5660f5.jpg 1440w\" sizes=\"(min-width: 2200px) 100vw, (min-width: 928px) 230px, (min-width: 856px) 287px, (min-width: 784px) 383px, (min-width: 712px) 574px, (min-width: 640px) 712px, \" \/><\/div><\/div><\/li><li class=\"fusion-carousel-item\"><div class=\"fusion-carousel-item-wrapper\"><div class=\"fusion-image-wrapper hover-type-none\"><img decoding=\"async\" width=\"1440\" height=\"1080\" src=\"https:\/\/jimiactuators.com\/wp-content\/uploads\/2021\/10\/21d8bc70bdac42f4646b4ccf8ddf256.jpg\" class=\"attachment-full size-full\" alt=\"\" srcset=\"https:\/\/jimiactuators.com\/wp-content\/uploads\/2021\/10\/21d8bc70bdac42f4646b4ccf8ddf256-200x150.jpg 200w, https:\/\/jimiactuators.com\/wp-content\/uploads\/2021\/10\/21d8bc70bdac42f4646b4ccf8ddf256-400x300.jpg 400w, https:\/\/jimiactuators.com\/wp-content\/uploads\/2021\/10\/21d8bc70bdac42f4646b4ccf8ddf256-600x450.jpg 600w, https:\/\/jimiactuators.com\/wp-content\/uploads\/2021\/10\/21d8bc70bdac42f4646b4ccf8ddf256-800x600.jpg 800w, https:\/\/jimiactuators.com\/wp-content\/uploads\/2021\/10\/21d8bc70bdac42f4646b4ccf8ddf256-1200x900.jpg 1200w, https:\/\/jimiactuators.com\/wp-content\/uploads\/2021\/10\/21d8bc70bdac42f4646b4ccf8ddf256.jpg 1440w\" sizes=\"(min-width: 2200px) 100vw, (min-width: 928px) 230px, (min-width: 856px) 287px, (min-width: 784px) 383px, (min-width: 712px) 574px, (min-width: 640px) 712px, \" \/><\/div><\/div><\/li><li class=\"fusion-carousel-item\"><div class=\"fusion-carousel-item-wrapper\"><div class=\"fusion-image-wrapper hover-type-none\"><img decoding=\"async\" width=\"1440\" height=\"1080\" src=\"https:\/\/jimiactuators.com\/wp-content\/uploads\/2021\/10\/677c5c51d02eb81652c21e31c665192.jpg\" class=\"attachment-full size-full\" alt=\"\" srcset=\"https:\/\/jimiactuators.com\/wp-content\/uploads\/2021\/10\/677c5c51d02eb81652c21e31c665192-200x150.jpg 200w, https:\/\/jimiactuators.com\/wp-content\/uploads\/2021\/10\/677c5c51d02eb81652c21e31c665192-400x300.jpg 400w, https:\/\/jimiactuators.com\/wp-content\/uploads\/2021\/10\/677c5c51d02eb81652c21e31c665192-600x450.jpg 600w, https:\/\/jimiactuators.com\/wp-content\/uploads\/2021\/10\/677c5c51d02eb81652c21e31c665192-800x600.jpg 800w, https:\/\/jimiactuators.com\/wp-content\/uploads\/2021\/10\/677c5c51d02eb81652c21e31c665192-1200x900.jpg 1200w, https:\/\/jimiactuators.com\/wp-content\/uploads\/2021\/10\/677c5c51d02eb81652c21e31c665192.jpg 1440w\" sizes=\"(min-width: 2200px) 100vw, (min-width: 928px) 230px, (min-width: 856px) 287px, (min-width: 784px) 383px, (min-width: 712px) 574px, (min-width: 640px) 712px, \" \/><\/div><\/div><\/li><li class=\"fusion-carousel-item\"><div class=\"fusion-carousel-item-wrapper\"><div class=\"fusion-image-wrapper hover-type-none\"><img decoding=\"async\" width=\"1440\" height=\"1080\" src=\"https:\/\/jimiactuators.com\/wp-content\/uploads\/2021\/10\/a0b5732b31e9007d28f96650280c7a0.jpg\" class=\"attachment-full size-full\" alt=\"\" srcset=\"https:\/\/jimiactuators.com\/wp-content\/uploads\/2021\/10\/a0b5732b31e9007d28f96650280c7a0-200x150.jpg 200w, https:\/\/jimiactuators.com\/wp-content\/uploads\/2021\/10\/a0b5732b31e9007d28f96650280c7a0-400x300.jpg 400w, https:\/\/jimiactuators.com\/wp-content\/uploads\/2021\/10\/a0b5732b31e9007d28f96650280c7a0-600x450.jpg 600w, https:\/\/jimiactuators.com\/wp-content\/uploads\/2021\/10\/a0b5732b31e9007d28f96650280c7a0-800x600.jpg 800w, https:\/\/jimiactuators.com\/wp-content\/uploads\/2021\/10\/a0b5732b31e9007d28f96650280c7a0-1200x900.jpg 1200w, https:\/\/jimiactuators.com\/wp-content\/uploads\/2021\/10\/a0b5732b31e9007d28f96650280c7a0.jpg 1440w\" sizes=\"(min-width: 2200px) 100vw, (min-width: 928px) 230px, (min-width: 856px) 287px, (min-width: 784px) 383px, (min-width: 712px) 574px, (min-width: 640px) 712px, \" \/><\/div><\/div><\/li><li class=\"fusion-carousel-item\"><div class=\"fusion-carousel-item-wrapper\"><div class=\"fusion-image-wrapper hover-type-none\"><img decoding=\"async\" width=\"1440\" height=\"1080\" src=\"https:\/\/jimiactuators.com\/wp-content\/uploads\/2021\/10\/ce03c53525e751a7d3b9a0772dddbe4.jpg\" class=\"attachment-full size-full\" alt=\"\" srcset=\"https:\/\/jimiactuators.com\/wp-content\/uploads\/2021\/10\/ce03c53525e751a7d3b9a0772dddbe4-200x150.jpg 200w, https:\/\/jimiactuators.com\/wp-content\/uploads\/2021\/10\/ce03c53525e751a7d3b9a0772dddbe4-400x300.jpg 400w, https:\/\/jimiactuators.com\/wp-content\/uploads\/2021\/10\/ce03c53525e751a7d3b9a0772dddbe4-600x450.jpg 600w, https:\/\/jimiactuators.com\/wp-content\/uploads\/2021\/10\/ce03c53525e751a7d3b9a0772dddbe4-800x600.jpg 800w, https:\/\/jimiactuators.com\/wp-content\/uploads\/2021\/10\/ce03c53525e751a7d3b9a0772dddbe4-1200x900.jpg 1200w, https:\/\/jimiactuators.com\/wp-content\/uploads\/2021\/10\/ce03c53525e751a7d3b9a0772dddbe4.jpg 1440w\" sizes=\"(min-width: 2200px) 100vw, (min-width: 928px) 230px, (min-width: 856px) 287px, (min-width: 784px) 383px, (min-width: 712px) 574px, (min-width: 640px) 712px, \" \/><\/div><\/div><\/li><\/ul><div class=\"fusion-carousel-nav\"><span class=\"fusion-nav-prev\"><\/span><span class=\"fusion-nav-next\"><\/span><\/div><\/div><\/div><\/div><div class=\"fusion-text fusion-text-5\"><h1 style=\"text-align: center;\">Historia de la empresa<\/h1>\n<p>Jimi-tech tecnolog\u00eda de actuadores tiene m\u00e1s de 10 a\u00f1os y liderar la industria desde entonces. El Jimi-tech es una marca reconocida y de confianza como el l\u00edder de China en la tecnolog\u00eda de movimiento mec\u00e1nico.<\/p>\n<p>Desde 2008, a\u00f1o en que se fund\u00f3 Jimi-tech en Shenzhen, nuestra gama de productos ha crecido significativamente. Nuestra familia de productos de movimiento lineal y mec\u00e1nico incluye <span style=\"color: #0000ff;\"><a style=\"color: #0000ff;\" href=\"http:\/\/jimiactuators.com\/es\/productos\/linear-motors\/actuadores-lineales\/\"><strong>actuadores lineales<\/strong><\/a>,<\/span><strong> <span style=\"color: #0000ff;\"><a style=\"color: #0000ff;\" href=\"http:\/\/jimiactuators.com\/es\/productos\/linear-motors\/cilindros-electricos\/\">cilindros el\u00e9ctricos<\/a>, <a style=\"color: #0000ff;\" href=\"http:\/\/jimiactuators.com\/es\/productos\/mecanismos-de-giro\/\">mecanismos de giro<\/a>, <a style=\"color: #0000ff;\" href=\"http:\/\/jimiactuators.com\/es\/productos\/motores\/\">Motores de CC<\/a>, <a style=\"color: #0000ff;\" href=\"http:\/\/jimiactuators.com\/es\/productos\/componentes-solares\/seguidores-solares\/reguladores-de-seguidores-solares\/\">reguladores de seguidores solares<\/a>,<a style=\"color: #0000ff;\" href=\"http:\/\/jimiactuators.com\/es\/productos\/componentes-solares\/seguidores-solares\/sistema-de-seguimiento-solar-terminado\/\">sistema de seguimiento solar terminado<\/a>, y <a href=\"http:\/\/jimiactuators.com\/es\/productos\/escritorios-regulables-en-altura\/\"><span style=\"color: #0000ff;\">cuadro de fluctuaci\u00f3n<\/span>e<\/a><\/span><\/strong> - todos ahora parte de Jimi-tech.<\/p>\n<p><strong>\u00bfLo sab\u00edas?<\/strong><\/p>\n<p>Jimi-tech invent\u00f3 la tecnolog\u00eda de actuadores. Poseemos la oferta de productos est\u00e1ndar m\u00e1s amplia de tecnolog\u00edas de control de movimiento mec\u00e1nico del sector.<\/p>\n<p>Las versiones modificadas de productos est\u00e1ndar son habituales. Disponemos de soluciones de dise\u00f1o en hojas blancas para toda nuestra cartera de productos.<\/p>\n<p>Elija Jimi-tech y acceda a m\u00e1s de 10 a\u00f1os de experiencia en aplicaciones globales en diversas industrias, incluyendo <span style=\"color: #0000ff;\"><strong><a style=\"color: #0000ff;\" href=\"https:\/\/www.youtube.com\/channel\/UCffoEhKhBwrfPt6sOZwmEsQ?view_as=subscriber\" target=\"_blank\" rel=\"noopener\">seguidores solares<\/a><\/strong><\/span>,envasado, automatizaci\u00f3n de f\u00e1bricas, manipulaci\u00f3n de materiales, medicina,<span style=\"color: #0000ff;\"><strong> <a style=\"color: #0000ff;\" href=\"https:\/\/www.youtube.com\/channel\/UCffoEhKhBwrfPt6sOZwmEsQ?view_as=subscriber\" target=\"_blank\" rel=\"noopener\">energ\u00eda limpia,<\/a><\/strong><\/span> impresi\u00f3n, automoci\u00f3n, m\u00e1quina herramienta, aeroespacial y defensa.<\/p>\n<p>Como parte de Fortive Corporation, Jimi-tech tiene la capacidad \u00fanica de proporcionar soluciones de sistemas completos a trav\u00e9s de nuestras tecnolog\u00edas de control, accionamiento, motor, transmisi\u00f3n de potencia y movimiento lineal de precisi\u00f3n.<\/p>\n<p><strong><em>Jimi-tech es el nombre en el que puede confiar por su alta calidad, innovaci\u00f3n, entrega a tiempo, costes controlados y riesgo reducido.<\/em><\/strong><\/p>\n<p>Con una infraestructura de servicio y asistencia en todo el mundo, nuestros ingenieros de servicio de campo y equipos de asistencia est\u00e1n disponibles para ayudar siempre que se les necesite. Este sitio web tambi\u00e9n contiene una gran cantidad de recursos, como modelos 3D descargables, herramientas de dise\u00f1o, especificaciones de productos y mucho m\u00e1s.<\/p>\n<p>Hable con nosotros al principio del proceso de dise\u00f1o para ver c\u00f3mo Jimi-tech puede ayudarle a identificar el equilibrio \u00f3ptimo entre rendimiento, vida \u00fatil y coste para su pr\u00f3xima aplicaci\u00f3n. Y ll\u00e1menos a nosotros o a cualquiera de nuestros m\u00e1s de 200 distribuidores en todo el mundo para recibir r\u00e1pidamente las piezas de repuesto.<\/p>\n<p>Historia de la empresa:<\/p>\n<p>2008- La empresa fue fundada por los chinos de ultramar regres\u00f3 con 2 millones de RMB. El negocio principal era el comercio de actuadores lineales en China.<\/p>\n<p>2010- Primera f\u00e1brica fue fundada en la ciudad de Suzou con la cooperaci\u00f3n de otras empresas. Los clientes estaban desarrollando a 200+.<\/p>\n<p>2012- Se introducen nuevas categor\u00edas de productos: escritorio el\u00e9ctrico ajustable y sistema de seguimiento solar.<\/p>\n<p>2013- Creaci\u00f3n de las oficinas de Wuhan, Pek\u00edn y Xian. Se crea la oficina de Vietnam.<\/p>\n<p>2015- Shenzhen centro de desarrollo de productos fue fundada y tomar m\u00e1s cooperaci\u00f3n con las universidades. DC motores f\u00e1brica fue fundada en Shenzhen<\/p>\n<p>2016- El Centro de Desarrollo consigui\u00f3 desarrollar sistemas completos de seguimiento solar integrado. Introducci\u00f3n de productos de cilindros el\u00e9ctricos.<\/p>\n<p>2017- Group Company se centr\u00f3 de nuevo en los productos de actuadores lineales y se prepar\u00f3 para la nueva f\u00e1brica.<\/p>\n<p>2018- Nueva f\u00e1brica con l\u00edneas de producci\u00f3n autom\u00e1ticas fue fundada en la ciudad de Dongguan.<\/p>\n<p>2019- Vamos a centrarnos en el negocio de los seguidores solares.<\/p>\n<p>2020- Se funda la empresa de ventas Huizhou.<\/p>\n<p>2021- Se desarrollan nuevos controladores GPS de seguimiento solar.<\/p>\n<\/div><\/div><\/div><style type=\"text\/css\">.fusion-body .fusion-builder-column-0{width:100% !important;margin-top : 0px;margin-bottom : 0px;}.fusion-builder-column-0 > .fusion-column-wrapper {padding-top : 0px !important;padding-right : 0px !important;margin-right : 1.92%;padding-bottom : 0px !important;padding-left : 0px !important;margin-left : 1.92%;}@media only screen and (max-width:1024px) {.fusion-body .fusion-builder-column-0{width:100% !important;}.fusion-builder-column-0 > .fusion-column-wrapper {margin-right : 1.92%;margin-left : 1.92%;}}@media only screen and (max-width:640px) {.fusion-body .fusion-builder-column-0{width:100% !important;}.fusion-builder-column-0 > .fusion-column-wrapper {margin-right : 1.92%;margin-left : 1.92%;}}<\/style><\/div><style type=\"text\/css\">.fusion-body .fusion-flex-container.fusion-builder-row-1{ padding-top : 0px;margin-top : 0px;padding-right : 0px;padding-bottom : 0px;margin-bottom : 0px;padding-left : 0px;}<\/style><\/div>","protected":false},"excerpt":{"rendered":"","protected":false},"author":2,"featured_media":0,"parent":0,"menu_order":0,"comment_status":"closed","ping_status":"closed","template":"","meta":{"footnotes":""},"class_list":["post-4","page","type-page","status-publish","hentry"],"_links":{"self":[{"href":"https:\/\/jimiactuators.com\/es\/wp-json\/wp\/v2\/pages\/4","targetHints":{"allow":["GET"]}}],"collection":[{"href":"https:\/\/jimiactuators.com\/es\/wp-json\/wp\/v2\/pages"}],"about":[{"href":"https:\/\/jimiactuators.com\/es\/wp-json\/wp\/v2\/types\/page"}],"author":[{"embeddable":true,"href":"https:\/\/jimiactuators.com\/es\/wp-json\/wp\/v2\/users\/2"}],"replies":[{"embeddable":true,"href":"https:\/\/jimiactuators.com\/es\/wp-json\/wp\/v2\/comments?post=4"}],"version-history":[{"count":0,"href":"https:\/\/jimiactuators.com\/es\/wp-json\/wp\/v2\/pages\/4\/revisions"}],"wp:attachment":[{"href":"https:\/\/jimiactuators.com\/es\/wp-json\/wp\/v2\/media?parent=4"}],"curies":[{"name":"wp","href":"https:\/\/api.w.org\/{rel}","templated":true}]}}