{"id":1810,"date":"2019-08-13T10:31:36","date_gmt":"2019-08-13T10:31:36","guid":{"rendered":"http:\/\/jimiactuators.com\/?page_id=1810"},"modified":"2021-10-03T13:22:43","modified_gmt":"2021-10-03T13:22:43","slug":"controleurs-de-suiveurs-solaires","status":"publish","type":"page","link":"https:\/\/jimiactuators.com\/fr\/produits\/composants-solaires\/trackers-solaires\/controleurs-de-suiveurs-solaires\/","title":{"rendered":"contr\u00f4leurs de suiveurs solaires"},"content":{"rendered":"<div class=\"fusion-fullwidth fullwidth-box fusion-builder-row-1 fusion-flex-container nonhundred-percent-fullwidth non-hundred-percent-height-scrolling\" style=\"background-color: rgba(255,255,255,0);background-position: center center;background-repeat: no-repeat;border-width: 0px 0px 0px 0px;border-color:#e2e2e2;border-style:solid;\" ><div class=\"fusion-builder-row fusion-row fusion-flex-align-items-flex-start\" style=\"max-width:1248px;margin-left: calc(-4% \/ 2 );margin-right: calc(-4% \/ 2 );\"><div class=\"fusion-layout-column fusion_builder_column fusion-builder-column-0 fusion_builder_column_1_1 1_1 fusion-flex-column\"><div class=\"fusion-column-wrapper fusion-flex-justify-content-flex-start fusion-content-layout-column\" style=\"background-position:left top;background-repeat:no-repeat;-webkit-background-size:cover;-moz-background-size:cover;-o-background-size:cover;background-size:cover;padding: 0px 0px 0px 0px;\"><div class=\"fusion-text fusion-text-1\"><h3>Contr\u00f4leurs de suiveurs solaires - conception professionnelle<\/h3>\n<p>M\u00eame s'il s'agit d'un fabricant de r\u00e9gulateurs pour suiveurs solaires, JIMI TECH a d\u00e9velopp\u00e9 un nouveau mod\u00e8le de r\u00e9gulateur TG 009-X. Vous pouvez regarder<span style=\"color: #0000ff;\"><a style=\"color: #0000ff;\" href=\"https:\/\/www.youtube.com\/watch?v=e_JcxBeQ8pM&amp;t=5s\" target=\"_blank\" rel=\"noopener\"> cette vid\u00e9o<\/a><\/span> pour en savoir plus, si vous voulez savoir ce qu'est l'application des contr\u00f4leurs. [read more=\u201dRead More\u201d less=\u201dRead Less\u201d] Vous pouvez \u00e9galement consulter le site suivant <span style=\"color: #0000ff;\"><a style=\"color: #0000ff;\" href=\"https:\/\/www.youtube.com\/channel\/UCffoEhKhBwrfPt6sOZwmEsQ?view_as=subscriber\" target=\"_blank\" rel=\"noopener\">la cha\u00eene YouTube de notre entreprise<\/a><\/span> pour en savoir plus sur les suiveurs solaires.<\/p>\n<p>Les r\u00e9gulateurs de suiveurs solaires de la s\u00e9rie TG009-X peuvent assurer le contr\u00f4le du suivi solaire dans la direction est-ouest, lorsqu'ils s'appliquent \u00e0 une plate-forme \u00e0 un seul axe. Le r\u00e9gulateur pr\u00e9sente les caract\u00e9ristiques suivantes :<\/p>\n<p>1. Suivi en double mode : lorsqu'il est contr\u00f4l\u00e9 par une d\u00e9tection pr\u00e9cise de la lumi\u00e8re par temps ensoleill\u00e9, il peut enregistrer l'angle toutes les dix minutes. M\u00eame par temps nuageux, l'angle de suivi est enregistr\u00e9 dans la m\u00e9moire en fonction de l'angle le plus r\u00e9cent. Le d\u00e9tecteur de t\u00eate est \u00e9quip\u00e9 non seulement d'un capteur de suivi de la lumi\u00e8re, mais aussi d'un capteur d'angle gyroscopique.<\/p>\n<p>2. L'\u00e9cran LCD peut afficher les param\u00e8tres et l'\u00e9tat de fonctionnement des r\u00e9gulateurs de suiveurs solaires. .<\/p>\n<p>3. Vous pouvez r\u00e9gler manuellement les param\u00e8tres de la t\u00e9l\u00e9commande infrarouge.<\/p>\n<p>4. Circuit d'horloge, avec fonction d'\u00e9conomie d'\u00e9nergie, peut d\u00e9terminer avec pr\u00e9cision l'heure de l'\u00e9quipement \u00e0 contr\u00f4ler.<\/p>\n<p>5. L'unit\u00e9 de commande \u00e0 pont FET \u00e0 semi-conducteurs entra\u00eene le moteur et dispose d'une LED bicolore pour indiquer le sens de d\u00e9placement du moteur. Il peut am\u00e9liorer consid\u00e9rablement la dur\u00e9e de vie du contr\u00f4leur et l'efficacit\u00e9 du travail. Les actionneurs lin\u00e9aires sont fortement recommand\u00e9s.<\/p>\n<p>6. Gr\u00e2ce \u00e0 sa fonction de protection contre l'inversion de l'alimentation \u00e9lectrique, il ne peut pas endommager le contr\u00f4leur en cas d'inversion de l'alimentation \u00e9lectrique.<\/p>\n<p>7. Le circuit a la fonction de d\u00e9tection du courant du moteur, qui peut surveiller et prot\u00e9ger le courant du moteur \u00e0 tout moment.<\/p>\n<p>8. La communication 485 et la fonction de contr\u00f4le PC peuvent \u00eatre connect\u00e9es \u00e0 un groupe de lignes de communication 485 par plusieurs appareils (100), et le logiciel PC peut fonctionner et contr\u00f4ler pour am\u00e9liorer l'efficacit\u00e9 du travail.<\/p>\n<h3>Besoin d'aide ?<\/h3>\n<p>Si vous avez besoin d'actionneurs lin\u00e9aires, vous pouvez consulter le site suivant <span style=\"color: #0000ff;\"><a style=\"color: #0000ff;\" href=\"http:\/\/jimiactuators.com\/fr\/product\/\">notre page produits<\/a><\/span> pour en choisir un.<\/p>\n<p>Si vous avez besoin d'aide, veuillez envoyer un courriel \u00e0 notre service d'assistance. Nous vous aiderons \u00e0 r\u00e9pondre \u00e0 vos questions d\u00e8s que nous aurons pris connaissance de vos besoins. [\/read]<\/p>\n<\/div><div class=\"fusion-recent-works fusion-portfolio-element fusion-portfolio fusion-portfolio-1 fusion-portfolio-carousel fusion-portfolio-paging-pagination recent-works-carousel portfolio-carousel picture-size-auto fusion-portfolio-rollover\" data-id=\"-rw-1\"><div class=\"fusion-carousel\" data-autoplay=\"no\" data-columns=\"3\" data-itemmargin=\"30\" data-itemwidth=\"180\" data-touchscroll=\"no\" data-imagesize=\"auto\"><div class=\"fusion-carousel-positioner\"><ul class=\"fusion-carousel-holder\"><li class=\"fusion-carousel-item\"><div class=\"fusion-carousel-item-wrapper\"><span class=\"entry-title rich-snippet-hidden\">GPSST-C R\u00c9GULATEURS DE SUIVEURS SOLAIRES<\/span><span class=\"vcard rich-snippet-hidden\"><span class=\"fn\"><a href=\"https:\/\/jimiactuators.com\/fr\/author\/adminn\/\" title=\"Articles par jimiactuators team\" rel=\"author\">\u00e9quipe jimiactuateurs<\/a><\/span><\/span><span class=\"updated rich-snippet-hidden\">2021-10-06T05:05:54+00:00<\/span>\n\n<div  class=\"fusion-image-wrapper\" aria-haspopup=\"true\">\n\t\n\t\n\t\t\n\t\t\t\t\t<img decoding=\"async\" width=\"950\" height=\"500\" src=\"https:\/\/jimiactuators.com\/wp-content\/uploads\/2021\/10\/5-3.jpg\" class=\"attachment-full size-full wp-post-image\" alt=\"\" srcset=\"https:\/\/jimiactuators.com\/wp-content\/uploads\/2021\/10\/5-3-200x105.jpg 200w, https:\/\/jimiactuators.com\/wp-content\/uploads\/2021\/10\/5-3-400x211.jpg 400w, https:\/\/jimiactuators.com\/wp-content\/uploads\/2021\/10\/5-3-600x316.jpg 600w, https:\/\/jimiactuators.com\/wp-content\/uploads\/2021\/10\/5-3-800x421.jpg 800w, https:\/\/jimiactuators.com\/wp-content\/uploads\/2021\/10\/5-3.jpg 950w\" sizes=\"(min-width: 2200px) 100vw, (min-width: 784px) 380px, (min-width: 712px) 570px, (min-width: 640px) 712px, \" \/>\n\t\n\n\t\t<div class=\"fusion-rollover\">\n\t<div class=\"fusion-rollover-content\">\n\n\t\t\t\t\t\t\t\t\t\t\t\t\t\t<a class=\"fusion-rollover-link\" href=\"https:\/\/jimiactuators.com\/fr\/elements-du-portefeuille\/gpsst-c-solar-tracker-controllers\/\">GPSST-C R\u00c9GULATEURS DE SUIVEURS SOLAIRES<\/a>\n\t\t\t\n\t\t\t\t\t\t\t\t\t\t\t\t\t\t\n\t\t\t\t\t\t\t\t\n\t\t\t\t\t\t\t\t\t\t\t\t\t<div class=\"fusion-rollover-sep\"><\/div>\n\t\t\t\t\n\t\t\t\t\t\t\t\t\t\t\t\t\t\t\t\t\t\t<a class=\"fusion-rollover-gallery\" href=\"https:\/\/jimiactuators.com\/wp-content\/uploads\/2021\/10\/5-3.jpg\" data-id=\"2709\" data-rel=\"iLightbox[gallery-rw-1]\" data-title=\"5\" data-caption=\"\">\n\t\t\t\t\t\tGallery\t\t\t\t\t<\/a>\n\t\t\t\t\t\t\t\t\t\t\t\t\t\t\n\t\t\t\t\n\t\t\t\t\t\t\t\t\t\t\t\t<h4 class=\"fusion-rollover-title\">\n\t\t\t\t\t<a class=\"fusion-rollover-title-link\" href=\"https:\/\/jimiactuators.com\/fr\/elements-du-portefeuille\/gpsst-c-solar-tracker-controllers\/\">\n\t\t\t\t\t\tGPSST-C R\u00c9GULATEURS DE SUIVEURS SOLAIRES\t\t\t\t\t<\/a>\n\t\t\t\t<\/h4>\n\t\t\t\n\t\t\t\t\t\t\t\t\t\t\t\t\t\t<div class=\"fusion-rollover-categories\"><a href=\"https:\/\/jimiactuators.com\/fr\/categorie_portefeuille\/regulateurs-de-poursuite-solaire\/\" rel=\"tag\">r\u00e9gulateurs de poursuite solaire<\/a><\/div>\t\t\t\t\t\n\t\t\n\t\t\t\t<a class=\"fusion-link-wrapper\" href=\"https:\/\/jimiactuators.com\/fr\/elements-du-portefeuille\/gpsst-c-solar-tracker-controllers\/\" aria-label=\"GPSST-C R\u00c9GULATEURS DE SUIVEURS SOLAIRES\"><\/a>\n\t<\/div>\n<\/div>\n\n\t\n<\/div>\n<\/div><\/li><li class=\"fusion-carousel-item\"><div class=\"fusion-carousel-item-wrapper\"><span class=\"entry-title rich-snippet-hidden\">GPSST-SM SOLAR TRACKER CONTROLLER<\/span><span class=\"vcard rich-snippet-hidden\"><span class=\"fn\"><a href=\"https:\/\/jimiactuators.com\/fr\/author\/adminn\/\" title=\"Articles par jimiactuators team\" rel=\"author\">\u00e9quipe jimiactuateurs<\/a><\/span><\/span><span class=\"updated rich-snippet-hidden\">2021-10-06T05:03:08+00:00<\/span>\n\n<div  class=\"fusion-image-wrapper\" aria-haspopup=\"true\">\n\t\n\t\n\t\t\n\t\t\t\t\t<img decoding=\"async\" width=\"950\" height=\"500\" src=\"https:\/\/jimiactuators.com\/wp-content\/uploads\/2021\/10\/4-2.jpg\" class=\"attachment-full size-full wp-post-image\" alt=\"\" srcset=\"https:\/\/jimiactuators.com\/wp-content\/uploads\/2021\/10\/4-2-200x105.jpg 200w, https:\/\/jimiactuators.com\/wp-content\/uploads\/2021\/10\/4-2-400x211.jpg 400w, https:\/\/jimiactuators.com\/wp-content\/uploads\/2021\/10\/4-2-600x316.jpg 600w, https:\/\/jimiactuators.com\/wp-content\/uploads\/2021\/10\/4-2-800x421.jpg 800w, https:\/\/jimiactuators.com\/wp-content\/uploads\/2021\/10\/4-2.jpg 950w\" sizes=\"(min-width: 2200px) 100vw, (min-width: 784px) 380px, (min-width: 712px) 570px, (min-width: 640px) 712px, \" \/>\n\t\n\n\t\t<div class=\"fusion-rollover\">\n\t<div class=\"fusion-rollover-content\">\n\n\t\t\t\t\t\t\t\t\t\t\t\t\t\t<a class=\"fusion-rollover-link\" href=\"https:\/\/jimiactuators.com\/fr\/elements-du-portefeuille\/gpsst-sm-solar-tracker-controller\/\">GPSST-SM SOLAR TRACKER CONTROLLER<\/a>\n\t\t\t\n\t\t\t\t\t\t\t\t\t\t\t\t\t\t\n\t\t\t\t\t\t\t\t\n\t\t\t\t\t\t\t\t\t\t\t\t\t<div class=\"fusion-rollover-sep\"><\/div>\n\t\t\t\t\n\t\t\t\t\t\t\t\t\t\t\t\t\t\t\t\t\t\t<a class=\"fusion-rollover-gallery\" href=\"https:\/\/jimiactuators.com\/wp-content\/uploads\/2021\/10\/4-2.jpg\" data-id=\"2705\" data-rel=\"iLightbox[gallery-rw-1]\" data-title=\"4\" data-caption=\"\">\n\t\t\t\t\t\tGallery\t\t\t\t\t<\/a>\n\t\t\t\t\t\t\t\t\t\t\t\t\t\t\n\t\t\t\t\n\t\t\t\t\t\t\t\t\t\t\t\t<h4 class=\"fusion-rollover-title\">\n\t\t\t\t\t<a class=\"fusion-rollover-title-link\" href=\"https:\/\/jimiactuators.com\/fr\/elements-du-portefeuille\/gpsst-sm-solar-tracker-controller\/\">\n\t\t\t\t\t\tGPSST-SM SOLAR TRACKER CONTROLLER\t\t\t\t\t<\/a>\n\t\t\t\t<\/h4>\n\t\t\t\n\t\t\t\t\t\t\t\t\t\t\t\t\t\t<div class=\"fusion-rollover-categories\"><a href=\"https:\/\/jimiactuators.com\/fr\/categorie_portefeuille\/regulateurs-de-poursuite-solaire\/\" rel=\"tag\">r\u00e9gulateurs de poursuite solaire<\/a><\/div>\t\t\t\t\t\n\t\t\n\t\t\t\t<a class=\"fusion-link-wrapper\" href=\"https:\/\/jimiactuators.com\/fr\/elements-du-portefeuille\/gpsst-sm-solar-tracker-controller\/\" aria-label=\"GPSST-SM SOLAR TRACKER CONTROLLER\"><\/a>\n\t<\/div>\n<\/div>\n\n\t\n<\/div>\n<\/div><\/li><li class=\"fusion-carousel-item\"><div class=\"fusion-carousel-item-wrapper\"><span class=\"entry-title rich-snippet-hidden\">GPSST-S2 SOLAR TRACKER CONTROLLER<\/span><span class=\"vcard rich-snippet-hidden\"><span class=\"fn\"><a href=\"https:\/\/jimiactuators.com\/fr\/author\/adminn\/\" title=\"Articles par jimiactuators team\" rel=\"author\">\u00e9quipe jimiactuateurs<\/a><\/span><\/span><span class=\"updated rich-snippet-hidden\">2021-10-06T04:57:47+00:00<\/span>\n\n<div  class=\"fusion-image-wrapper\" aria-haspopup=\"true\">\n\t\n\t\n\t\t\n\t\t\t\t\t<img decoding=\"async\" width=\"950\" height=\"500\" src=\"https:\/\/jimiactuators.com\/wp-content\/uploads\/2021\/10\/2-3.jpg\" class=\"attachment-full size-full wp-post-image\" alt=\"\" srcset=\"https:\/\/jimiactuators.com\/wp-content\/uploads\/2021\/10\/2-3-200x105.jpg 200w, https:\/\/jimiactuators.com\/wp-content\/uploads\/2021\/10\/2-3-400x211.jpg 400w, https:\/\/jimiactuators.com\/wp-content\/uploads\/2021\/10\/2-3-600x316.jpg 600w, https:\/\/jimiactuators.com\/wp-content\/uploads\/2021\/10\/2-3-800x421.jpg 800w, https:\/\/jimiactuators.com\/wp-content\/uploads\/2021\/10\/2-3.jpg 950w\" sizes=\"(min-width: 2200px) 100vw, (min-width: 784px) 380px, (min-width: 712px) 570px, (min-width: 640px) 712px, \" \/>\n\t\n\n\t\t<div class=\"fusion-rollover\">\n\t<div class=\"fusion-rollover-content\">\n\n\t\t\t\t\t\t\t\t\t\t\t\t\t\t<a class=\"fusion-rollover-link\" href=\"https:\/\/jimiactuators.com\/fr\/elements-du-portefeuille\/gpsst-s2-solar-tracker-controller\/\">GPSST-S2 SOLAR TRACKER CONTROLLER<\/a>\n\t\t\t\n\t\t\t\t\t\t\t\t\t\t\t\t\t\t\n\t\t\t\t\t\t\t\t\n\t\t\t\t\t\t\t\t\t\t\t\t\t<div class=\"fusion-rollover-sep\"><\/div>\n\t\t\t\t\n\t\t\t\t\t\t\t\t\t\t\t\t\t\t\t\t\t\t<a class=\"fusion-rollover-gallery\" href=\"https:\/\/jimiactuators.com\/wp-content\/uploads\/2021\/10\/2-3.jpg\" data-id=\"2701\" data-rel=\"iLightbox[gallery-rw-1]\" data-title=\"2\" data-caption=\"\">\n\t\t\t\t\t\tGallery\t\t\t\t\t<\/a>\n\t\t\t\t\t\t\t\t\t\t\t\t\t\t\n\t\t\t\t\n\t\t\t\t\t\t\t\t\t\t\t\t<h4 class=\"fusion-rollover-title\">\n\t\t\t\t\t<a class=\"fusion-rollover-title-link\" href=\"https:\/\/jimiactuators.com\/fr\/elements-du-portefeuille\/gpsst-s2-solar-tracker-controller\/\">\n\t\t\t\t\t\tGPSST-S2 SOLAR TRACKER CONTROLLER\t\t\t\t\t<\/a>\n\t\t\t\t<\/h4>\n\t\t\t\n\t\t\t\t\t\t\t\t\t\t\t\t\t\t<div class=\"fusion-rollover-categories\"><a href=\"https:\/\/jimiactuators.com\/fr\/categorie_portefeuille\/regulateurs-de-poursuite-solaire\/\" rel=\"tag\">r\u00e9gulateurs de poursuite solaire<\/a><\/div>\t\t\t\t\t\n\t\t\n\t\t\t\t<a class=\"fusion-link-wrapper\" href=\"https:\/\/jimiactuators.com\/fr\/elements-du-portefeuille\/gpsst-s2-solar-tracker-controller\/\" aria-label=\"GPSST-S2 SOLAR TRACKER CONTROLLER\"><\/a>\n\t<\/div>\n<\/div>\n\n\t\n<\/div>\n<\/div><\/li><li class=\"fusion-carousel-item\"><div class=\"fusion-carousel-item-wrapper\"><span class=\"entry-title rich-snippet-hidden\">GPSST-S1 SOLAR TRACKER CONTROLLERS<\/span><span class=\"vcard rich-snippet-hidden\"><span class=\"fn\"><a href=\"https:\/\/jimiactuators.com\/fr\/author\/adminn\/\" title=\"Articles par jimiactuators team\" rel=\"author\">\u00e9quipe jimiactuateurs<\/a><\/span><\/span><span class=\"updated rich-snippet-hidden\">2021-10-06T04:53:42+00:00<\/span>\n\n<div  class=\"fusion-image-wrapper\" aria-haspopup=\"true\">\n\t\n\t\n\t\t\n\t\t\t\t\t<img decoding=\"async\" width=\"950\" height=\"500\" src=\"https:\/\/jimiactuators.com\/wp-content\/uploads\/2021\/10\/1-3.jpg\" class=\"attachment-full size-full wp-post-image\" alt=\"\" srcset=\"https:\/\/jimiactuators.com\/wp-content\/uploads\/2021\/10\/1-3-200x105.jpg 200w, https:\/\/jimiactuators.com\/wp-content\/uploads\/2021\/10\/1-3-400x211.jpg 400w, https:\/\/jimiactuators.com\/wp-content\/uploads\/2021\/10\/1-3-600x316.jpg 600w, https:\/\/jimiactuators.com\/wp-content\/uploads\/2021\/10\/1-3-800x421.jpg 800w, https:\/\/jimiactuators.com\/wp-content\/uploads\/2021\/10\/1-3.jpg 950w\" sizes=\"(min-width: 2200px) 100vw, (min-width: 784px) 380px, (min-width: 712px) 570px, (min-width: 640px) 712px, \" \/>\n\t\n\n\t\t<div class=\"fusion-rollover\">\n\t<div class=\"fusion-rollover-content\">\n\n\t\t\t\t\t\t\t\t\t\t\t\t\t\t<a class=\"fusion-rollover-link\" href=\"https:\/\/jimiactuators.com\/fr\/elements-du-portefeuille\/gpsst-s1-solar-tracker-controllers\/\">GPSST-S1 SOLAR TRACKER CONTROLLERS<\/a>\n\t\t\t\n\t\t\t\t\t\t\t\t\t\t\t\t\t\t\n\t\t\t\t\t\t\t\t\n\t\t\t\t\t\t\t\t\t\t\t\t\t<div class=\"fusion-rollover-sep\"><\/div>\n\t\t\t\t\n\t\t\t\t\t\t\t\t\t\t\t\t\t\t\t\t\t\t<a class=\"fusion-rollover-gallery\" href=\"https:\/\/jimiactuators.com\/wp-content\/uploads\/2021\/10\/1-3.jpg\" data-id=\"2697\" data-rel=\"iLightbox[gallery-rw-1]\" data-title=\"1\" data-caption=\"\">\n\t\t\t\t\t\tGallery\t\t\t\t\t<\/a>\n\t\t\t\t\t\t\t\t\t\t\t\t\t\t\n\t\t\t\t\n\t\t\t\t\t\t\t\t\t\t\t\t<h4 class=\"fusion-rollover-title\">\n\t\t\t\t\t<a class=\"fusion-rollover-title-link\" href=\"https:\/\/jimiactuators.com\/fr\/elements-du-portefeuille\/gpsst-s1-solar-tracker-controllers\/\">\n\t\t\t\t\t\tGPSST-S1 SOLAR TRACKER CONTROLLERS\t\t\t\t\t<\/a>\n\t\t\t\t<\/h4>\n\t\t\t\n\t\t\t\t\t\t\t\t\t\t\t\t\t\t<div class=\"fusion-rollover-categories\"><a href=\"https:\/\/jimiactuators.com\/fr\/categorie_portefeuille\/regulateurs-de-poursuite-solaire\/\" rel=\"tag\">r\u00e9gulateurs de poursuite solaire<\/a><\/div>\t\t\t\t\t\n\t\t\n\t\t\t\t<a class=\"fusion-link-wrapper\" href=\"https:\/\/jimiactuators.com\/fr\/elements-du-portefeuille\/gpsst-s1-solar-tracker-controllers\/\" aria-label=\"GPSST-S1 SOLAR TRACKER CONTROLLERS\"><\/a>\n\t<\/div>\n<\/div>\n\n\t\n<\/div>\n<\/div><\/li><li class=\"fusion-carousel-item\"><div class=\"fusion-carousel-item-wrapper\"><span class=\"entry-title rich-snippet-hidden\">GPSST-D SOLAR TRACKER CONTROLLER<\/span><span class=\"vcard rich-snippet-hidden\"><span class=\"fn\"><a href=\"https:\/\/jimiactuators.com\/fr\/author\/adminn\/\" title=\"Articles par jimiactuators team\" rel=\"author\">\u00e9quipe jimiactuateurs<\/a><\/span><\/span><span class=\"updated rich-snippet-hidden\">2021-10-06T04:52:33+00:00<\/span>\n\n<div  class=\"fusion-image-wrapper\" aria-haspopup=\"true\">\n\t\n\t\n\t\t\n\t\t\t\t\t<img decoding=\"async\" width=\"950\" height=\"500\" src=\"https:\/\/jimiactuators.com\/wp-content\/uploads\/2021\/10\/3-3.jpg\" class=\"attachment-full size-full wp-post-image\" alt=\"\" srcset=\"https:\/\/jimiactuators.com\/wp-content\/uploads\/2021\/10\/3-3-200x105.jpg 200w, https:\/\/jimiactuators.com\/wp-content\/uploads\/2021\/10\/3-3-400x211.jpg 400w, https:\/\/jimiactuators.com\/wp-content\/uploads\/2021\/10\/3-3-600x316.jpg 600w, https:\/\/jimiactuators.com\/wp-content\/uploads\/2021\/10\/3-3-800x421.jpg 800w, https:\/\/jimiactuators.com\/wp-content\/uploads\/2021\/10\/3-3.jpg 950w\" sizes=\"(min-width: 2200px) 100vw, (min-width: 784px) 380px, (min-width: 712px) 570px, (min-width: 640px) 712px, \" \/>\n\t\n\n\t\t<div class=\"fusion-rollover\">\n\t<div class=\"fusion-rollover-content\">\n\n\t\t\t\t\t\t\t\t\t\t\t\t\t\t<a class=\"fusion-rollover-link\" href=\"https:\/\/jimiactuators.com\/fr\/elements-du-portefeuille\/gpsst-d-solar-tracker-controller\/\">GPSST-D SOLAR TRACKER CONTROLLER<\/a>\n\t\t\t\n\t\t\t\t\t\t\t\t\t\t\t\t\t\t\n\t\t\t\t\t\t\t\t\n\t\t\t\t\t\t\t\t\t\t\t\t\t<div class=\"fusion-rollover-sep\"><\/div>\n\t\t\t\t\n\t\t\t\t\t\t\t\t\t\t\t\t\t\t\t\t\t\t<a class=\"fusion-rollover-gallery\" href=\"https:\/\/jimiactuators.com\/wp-content\/uploads\/2021\/10\/3-3.jpg\" data-id=\"2693\" data-rel=\"iLightbox[gallery-rw-1]\" data-title=\"3\" data-caption=\"\">\n\t\t\t\t\t\tGallery\t\t\t\t\t<\/a>\n\t\t\t\t\t\t\t\t\t\t\t\t\t\t\n\t\t\t\t\n\t\t\t\t\t\t\t\t\t\t\t\t<h4 class=\"fusion-rollover-title\">\n\t\t\t\t\t<a class=\"fusion-rollover-title-link\" href=\"https:\/\/jimiactuators.com\/fr\/elements-du-portefeuille\/gpsst-d-solar-tracker-controller\/\">\n\t\t\t\t\t\tGPSST-D SOLAR TRACKER CONTROLLER\t\t\t\t\t<\/a>\n\t\t\t\t<\/h4>\n\t\t\t\n\t\t\t\t\t\t\t\t\t\t\t\t\t\t<div class=\"fusion-rollover-categories\"><a href=\"https:\/\/jimiactuators.com\/fr\/categorie_portefeuille\/regulateurs-de-poursuite-solaire\/\" rel=\"tag\">r\u00e9gulateurs de poursuite solaire<\/a><\/div>\t\t\t\t\t\n\t\t\n\t\t\t\t<a class=\"fusion-link-wrapper\" href=\"https:\/\/jimiactuators.com\/fr\/elements-du-portefeuille\/gpsst-d-solar-tracker-controller\/\" aria-label=\"GPSST-D SOLAR TRACKER CONTROLLER\"><\/a>\n\t<\/div>\n<\/div>\n\n\t\n<\/div>\n<\/div><\/li><\/ul><div class=\"fusion-carousel-nav\"><span class=\"fusion-nav-prev\"><\/span><span class=\"fusion-nav-next\"><\/span><\/div><\/div><\/div><\/div><\/div><\/div><style type=\"text\/css\">.fusion-body .fusion-builder-column-0{width:100% !important;margin-top : 0px;margin-bottom : 0px;}.fusion-builder-column-0 > .fusion-column-wrapper {padding-top : 0px !important;padding-right : 0px !important;margin-right : 1.92%;padding-bottom : 0px !important;padding-left : 0px !important;margin-left : 1.92%;}@media only screen and (max-width:1024px) {.fusion-body .fusion-builder-column-0{width:100% !important;}.fusion-builder-column-0 > .fusion-column-wrapper {margin-right : 1.92%;margin-left : 1.92%;}}@media only screen and (max-width:640px) {.fusion-body .fusion-builder-column-0{width:100% !important;}.fusion-builder-column-0 > .fusion-column-wrapper {margin-right : 1.92%;margin-left : 1.92%;}}<\/style><\/div><style type=\"text\/css\">.fusion-body .fusion-flex-container.fusion-builder-row-1{ padding-top : 0px;margin-top : 0px;padding-right : 0px;padding-bottom : 0px;margin-bottom : 0px;padding-left : 0px;}<\/style><\/div>","protected":false},"excerpt":{"rendered":"","protected":false},"author":2,"featured_media":0,"parent":2755,"menu_order":0,"comment_status":"closed","ping_status":"closed","template":"","meta":{"footnotes":""},"class_list":["post-1810","page","type-page","status-publish","hentry"],"_links":{"self":[{"href":"https:\/\/jimiactuators.com\/fr\/wp-json\/wp\/v2\/pages\/1810","targetHints":{"allow":["GET"]}}],"collection":[{"href":"https:\/\/jimiactuators.com\/fr\/wp-json\/wp\/v2\/pages"}],"about":[{"href":"https:\/\/jimiactuators.com\/fr\/wp-json\/wp\/v2\/types\/page"}],"author":[{"embeddable":true,"href":"https:\/\/jimiactuators.com\/fr\/wp-json\/wp\/v2\/users\/2"}],"replies":[{"embeddable":true,"href":"https:\/\/jimiactuators.com\/fr\/wp-json\/wp\/v2\/comments?post=1810"}],"version-history":[{"count":0,"href":"https:\/\/jimiactuators.com\/fr\/wp-json\/wp\/v2\/pages\/1810\/revisions"}],"up":[{"embeddable":true,"href":"https:\/\/jimiactuators.com\/fr\/wp-json\/wp\/v2\/pages\/2755"}],"wp:attachment":[{"href":"https:\/\/jimiactuators.com\/fr\/wp-json\/wp\/v2\/media?parent=1810"}],"curies":[{"name":"wp","href":"https:\/\/api.w.org\/{rel}","templated":true}]}}