{"id":2236,"date":"2020-03-07T08:23:26","date_gmt":"2020-03-07T08:23:26","guid":{"rendered":"http:\/\/jimiactuators.com\/?page_id=2236"},"modified":"2021-10-03T13:20:49","modified_gmt":"2021-10-03T13:20:49","slug":"servomoteurs","status":"publish","type":"page","link":"https:\/\/jimiactuators.com\/fr\/produits\/moteurs\/servomoteurs\/","title":{"rendered":"Servomoteurs"},"content":{"rendered":"<div class=\"fusion-fullwidth fullwidth-box fusion-builder-row-1 fusion-flex-container nonhundred-percent-fullwidth non-hundred-percent-height-scrolling\" style=\"background-color: rgba(255,255,255,0);background-position: center center;background-repeat: no-repeat;border-width: 0px 0px 0px 0px;border-color:#e2e2e2;border-style:solid;\" ><div class=\"fusion-builder-row fusion-row fusion-flex-align-items-flex-start\" style=\"max-width:1248px;margin-left: calc(-4% \/ 2 );margin-right: calc(-4% \/ 2 );\"><div class=\"fusion-layout-column fusion_builder_column fusion-builder-column-0 fusion_builder_column_1_1 1_1 fusion-flex-column\"><div class=\"fusion-column-wrapper fusion-flex-justify-content-flex-start fusion-content-layout-column\" style=\"background-position:left top;background-repeat:no-repeat;-webkit-background-size:cover;-moz-background-size:cover;-o-background-size:cover;background-size:cover;padding: 0px 0px 0px 0px;\"><div class=\"fusion-text fusion-text-1\"><div class=\"snippets-actions\">\n<h2>Achetez des moteurs \u00e0 courant continu ici !<\/h2>\n<p>Mettez la main sur les moteurs \u00e0 courant continu du principal fabricant chinois - JimiTech. Nos moteurs sont non seulement utiles pour de nombreuses applications industrielles, mais aussi pour les industries a\u00e9rospatiales et militaires. Ils sont largement utilis\u00e9s pour <a href=\"https:\/\/www.youtube.com\/watch?v=I2cXoKMQ-4w\" target=\"_blank\" rel=\"noopener\"><span style=\"color: #0000ff;\">ligne<\/span>actionneurs ar<\/a> et <a href=\"https:\/\/www.youtube.com\/watch?v=FxBuHsDsTaQ\" target=\"_blank\" rel=\"noopener\">les m\u00e9canismes d'orientation<\/a> sur les suiveurs solaires. [read more=\u201dRead More\u201d less=\u201dRead Less\u201d] Nos moteurs \u00e0 courant continu de haute qualit\u00e9 ne s'appliquent pas seulement aux processus d'automatisation industrielle, mais \u00e9galement aux environnements industriels afin de faire tourner, pousser, transporter ou soulever des pi\u00e8ces et des \u00e9quipements lors de la fabrication.<\/p>\n<p>Nos actionneurs peuvent \u00eatre utilis\u00e9s en pr\u00e9sence de vide, dans des environnements sous-marins, voire dans d'autres conditions inhabituelles. En tant que nom fiable dans ce domaine, nous contribuons au bon fonctionnement de tous les processus robotiques dans un large \u00e9ventail d'industries diff\u00e9rentes. Il s'agit notamment de l'automobile, des produits pharmaceutiques, de l'alimentation, de la biotechnologie, de l'emballage et de l'\u00e9lectronique.<\/p>\n<h3>Qu'est-ce qui nous rend uniques ?<\/h3>\n<p>Avant de vous pr\u00e9senter les meilleures applications de nos moteurs \u00e0 courant continu de haute qualit\u00e9, j'aimerais vous expliquer comment nous travaillons. Nous poss\u00e9dons la meilleure \u00e9quipe de techniciens et d'ing\u00e9nieurs. Ils sont pr\u00eats non seulement \u00e0 suivre chaque \u00e9tape avec vous, mais aussi \u00e0 travailler avec vous pour assurer ce que vous voulez.<\/p>\n<p>Jetons un coup d'\u0153il sur les meilleures applications de nos actionneurs pour charges lourdes dans le cadre de diverses op\u00e9rations, notamment :<\/p>\n<ul>\n<li>Haut fourneau<\/li>\n<li>Usines de coke<\/li>\n<li>Commandes du registre du ventilateur<\/li>\n<li>Portes \u00e0 glissi\u00e8re et \u00e0 bascule<\/li>\n<li>Zones de broyage \u00e0 chaud<\/li>\n<li>Chaudi\u00e8res<\/li>\n<li>Valve de verrouillage<\/li>\n<li>Vannes de r\u00e9gulation de la vapeur<\/li>\n<li>Moulins \u00e0 froid<\/li>\n<\/ul>\n<h3><strong>Quels types de moteurs de qualit\u00e9 fournissons-nous ?<\/strong><\/h3>\n<p>Parce que nous sommes une marque r\u00e9put\u00e9e et leader dans le domaine des moteurs \u00e0 courant continu de haute qualit\u00e9, nous fournirons des solutions \u00e0 tous les besoins de nos clients. En particulier, nous r\u00e9pondons \u00e0 leurs besoins en mati\u00e8re de projets industriels et m\u00e9caniques. Chez JimiTech Actuators, vous d\u00e9couvrirez diff\u00e9rents types d'actionneurs tels que :<\/p>\n<ul>\n<li>Moteurs CC \u00e0 haute r\u00e9solution<\/li>\n<li>Actionneur \u00e9lectrique \u00e0 tige<\/li>\n<li>Actionneur pneumatique de type tige<\/li>\n<li>Actionneurs \u00e0 courroie et \u00e0 vis<\/li>\n<\/ul>\n<h3><strong>Venez nous voir aujourd'hui et faites la meilleure affaire possible.<\/strong><\/h3>\n<p>Non seulement nous vous transmettons des articles \u00e9tonnants, mais nous structurons \u00e9galement un article qui correspond \u00e0 ce que vous recherchez. Notre gamme s'\u00e9tend sur tout le territoire national avec pour objectif final, l'endroit o\u00f9 vous avez besoin de nous. Contactez-nous d\u00e8s aujourd'hui pour plus d'informations ou visitez notre site pour en savoir plus !<\/p>\n<p>Vous pouvez consulter d'autres produits similaires : <span style=\"color: #0000ff;\"><a style=\"color: #0000ff;\" href=\"http:\/\/jimiactuators.com\/fr\/product\/mt-1344\/\">MT-1344 <\/a><a style=\"color: #0000ff;\" href=\"http:\/\/jimiactuators.com\/fr\/product\/mt-300\/\">MT-300<\/a><\/span>[\/lire]\n<\/div>\n<\/div><div class=\"fusion-recent-works fusion-portfolio-element fusion-portfolio fusion-portfolio-1 fusion-portfolio-carousel fusion-portfolio-paging-pagination recent-works-carousel portfolio-carousel picture-size-auto fusion-portfolio-rollover\" data-id=\"-rw-1\"><div class=\"fusion-carousel\" data-autoplay=\"no\" data-columns=\"3\" data-itemmargin=\"30\" data-itemwidth=\"180\" data-touchscroll=\"no\" data-imagesize=\"auto\"><div class=\"fusion-carousel-positioner\"><ul class=\"fusion-carousel-holder\"><li class=\"fusion-carousel-item\"><div class=\"fusion-carousel-item-wrapper\"><span class=\"entry-title rich-snippet-hidden\">Servomoteur s\u00e9rie 260<\/span><span class=\"vcard rich-snippet-hidden\"><span class=\"fn\"><a href=\"https:\/\/jimiactuators.com\/fr\/author\/adminn\/\" title=\"Articles par jimiactuators team\" rel=\"author\">\u00e9quipe jimiactuateurs<\/a><\/span><\/span><span class=\"updated rich-snippet-hidden\">2026-01-23T12:43:18+00:00<\/span>\n\n<div  class=\"fusion-image-wrapper\" aria-haspopup=\"true\">\n\t\n\t\n\t\t\n\t\t\t\t\t<img decoding=\"async\" width=\"1042\" height=\"1094\" src=\"https:\/\/jimiactuators.com\/wp-content\/uploads\/2020\/02\/329650686268980502.jpg\" class=\"attachment-full size-full wp-post-image\" alt=\"servomoteur \u00e0 bas prix\" \/>\n\t\n\n\t\t<div class=\"fusion-rollover\">\n\t<div class=\"fusion-rollover-content\">\n\n\t\t\t\t\t\t\t\t\t\t\t\t\t\t<a class=\"fusion-rollover-link\" href=\"https:\/\/jimiactuators.com\/fr\/elements-du-portefeuille\/servo-motor-260-series\/\">Servomoteur s\u00e9rie 260<\/a>\n\t\t\t\n\t\t\t\t\t\t\t\t\t\t\t\t\t\t\n\t\t\t\t\t\t\t\t\n\t\t\t\t\t\t\t\t\t\t\t\t\t<div class=\"fusion-rollover-sep\"><\/div>\n\t\t\t\t\n\t\t\t\t\t\t\t\t\t\t\t\t\t\t\t\t\t\t<a class=\"fusion-rollover-gallery\" href=\"https:\/\/jimiactuators.com\/wp-content\/uploads\/2020\/02\/329650686268980502.jpg\" data-id=\"2651\" data-rel=\"iLightbox[gallery-rw-1]\" data-title=\"329650686268980502\" data-caption=\"\">\n\t\t\t\t\t\tGallery\t\t\t\t\t<\/a>\n\t\t\t\t\t\t\t\t\t\t\t\t\t\t\n\t\t\t\t\n\t\t\t\t\t\t\t\t\t\t\t\t<h4 class=\"fusion-rollover-title\">\n\t\t\t\t\t<a class=\"fusion-rollover-title-link\" href=\"https:\/\/jimiactuators.com\/fr\/elements-du-portefeuille\/servo-motor-260-series\/\">\n\t\t\t\t\t\tServomoteur s\u00e9rie 260\t\t\t\t\t<\/a>\n\t\t\t\t<\/h4>\n\t\t\t\n\t\t\t\t\t\t\t\t\t\t\t\t\t\t<div class=\"fusion-rollover-categories\"><a href=\"https:\/\/jimiactuators.com\/fr\/categorie_portefeuille\/moteurs-de-reducteurs-planetaires\/\" rel=\"tag\">moteurs de r\u00e9ducteurs plan\u00e9taires<\/a>, <a href=\"https:\/\/jimiactuators.com\/fr\/categorie_portefeuille\/servomoteurs\/\" rel=\"tag\">servomoteurs<\/a><\/div>\t\t\t\t\t\n\t\t\n\t\t\t\t<a class=\"fusion-link-wrapper\" href=\"https:\/\/jimiactuators.com\/fr\/elements-du-portefeuille\/servo-motor-260-series\/\" aria-label=\"Servomoteur s\u00e9rie 260\"><\/a>\n\t<\/div>\n<\/div>\n\n\t\n<\/div>\n<\/div><\/li><li class=\"fusion-carousel-item\"><div class=\"fusion-carousel-item-wrapper\"><span class=\"entry-title rich-snippet-hidden\">Servomoteur s\u00e9rie 220<\/span><span class=\"vcard rich-snippet-hidden\"><span class=\"fn\"><a href=\"https:\/\/jimiactuators.com\/fr\/author\/adminn\/\" title=\"Articles par jimiactuators team\" rel=\"author\">\u00e9quipe jimiactuateurs<\/a><\/span><\/span><span class=\"updated rich-snippet-hidden\">2021-10-03T08:05:39+00:00<\/span>\n\n<div  class=\"fusion-image-wrapper\" aria-haspopup=\"true\">\n\t\n\t\n\t\t\n\t\t\t\t\t<img decoding=\"async\" width=\"1028\" height=\"1089\" src=\"https:\/\/jimiactuators.com\/wp-content\/uploads\/2020\/02\/676057929875271670.jpg\" class=\"attachment-full size-full wp-post-image\" alt=\"servomoteur pour charges lourdes\" \/>\n\t\n\n\t\t<div class=\"fusion-rollover\">\n\t<div class=\"fusion-rollover-content\">\n\n\t\t\t\t\t\t\t\t\t\t\t\t\t\t<a class=\"fusion-rollover-link\" href=\"https:\/\/jimiactuators.com\/fr\/elements-du-portefeuille\/servo-motor-220-series\/\">Servomoteur s\u00e9rie 220<\/a>\n\t\t\t\n\t\t\t\t\t\t\t\t\t\t\t\t\t\t\n\t\t\t\t\t\t\t\t\n\t\t\t\t\t\t\t\t\t\t\t\t\t<div class=\"fusion-rollover-sep\"><\/div>\n\t\t\t\t\n\t\t\t\t\t\t\t\t\t\t\t\t\t\t\t\t\t\t<a class=\"fusion-rollover-gallery\" href=\"https:\/\/jimiactuators.com\/wp-content\/uploads\/2020\/02\/676057929875271670.jpg\" data-id=\"2648\" data-rel=\"iLightbox[gallery-rw-1]\" data-title=\"676057929875271670\" data-caption=\"\">\n\t\t\t\t\t\tGallery\t\t\t\t\t<\/a>\n\t\t\t\t\t\t\t\t\t\t\t\t\t\t\n\t\t\t\t\n\t\t\t\t\t\t\t\t\t\t\t\t<h4 class=\"fusion-rollover-title\">\n\t\t\t\t\t<a class=\"fusion-rollover-title-link\" href=\"https:\/\/jimiactuators.com\/fr\/elements-du-portefeuille\/servo-motor-220-series\/\">\n\t\t\t\t\t\tServomoteur s\u00e9rie 220\t\t\t\t\t<\/a>\n\t\t\t\t<\/h4>\n\t\t\t\n\t\t\t\t\t\t\t\t\t\t\t\t\t\t<div class=\"fusion-rollover-categories\"><a href=\"https:\/\/jimiactuators.com\/fr\/categorie_portefeuille\/servomoteurs\/\" rel=\"tag\">servomoteurs<\/a><\/div>\t\t\t\t\t\n\t\t\n\t\t\t\t<a class=\"fusion-link-wrapper\" href=\"https:\/\/jimiactuators.com\/fr\/elements-du-portefeuille\/servo-motor-220-series\/\" aria-label=\"Servomoteur s\u00e9rie 220\"><\/a>\n\t<\/div>\n<\/div>\n\n\t\n<\/div>\n<\/div><\/li><li class=\"fusion-carousel-item\"><div class=\"fusion-carousel-item-wrapper\"><span class=\"entry-title rich-snippet-hidden\">Servomoteur s\u00e9rie 200<\/span><span class=\"vcard rich-snippet-hidden\"><span class=\"fn\"><a href=\"https:\/\/jimiactuators.com\/fr\/author\/adminn\/\" title=\"Articles par jimiactuators team\" rel=\"author\">\u00e9quipe jimiactuateurs<\/a><\/span><\/span><span class=\"updated rich-snippet-hidden\">2021-10-03T08:02:31+00:00<\/span>\n\n<div  class=\"fusion-image-wrapper\" aria-haspopup=\"true\">\n\t\n\t\n\t\t\n\t\t\t\t\t<img decoding=\"async\" width=\"1014\" height=\"1095\" src=\"https:\/\/jimiactuators.com\/wp-content\/uploads\/2020\/02\/496137119264641931.jpg\" class=\"attachment-full size-full wp-post-image\" alt=\"servomoteur de haute pr\u00e9cision\" \/>\n\t\n\n\t\t<div class=\"fusion-rollover\">\n\t<div class=\"fusion-rollover-content\">\n\n\t\t\t\t\t\t\t\t\t\t\t\t\t\t<a class=\"fusion-rollover-link\" href=\"https:\/\/jimiactuators.com\/fr\/elements-du-portefeuille\/servo-motor-200-series\/\">Servomoteur s\u00e9rie 200<\/a>\n\t\t\t\n\t\t\t\t\t\t\t\t\t\t\t\t\t\t\n\t\t\t\t\t\t\t\t\n\t\t\t\t\t\t\t\t\t\t\t\t\t<div class=\"fusion-rollover-sep\"><\/div>\n\t\t\t\t\n\t\t\t\t\t\t\t\t\t\t\t\t\t\t\t\t\t\t<a class=\"fusion-rollover-gallery\" href=\"https:\/\/jimiactuators.com\/wp-content\/uploads\/2020\/02\/496137119264641931.jpg\" data-id=\"2645\" data-rel=\"iLightbox[gallery-rw-1]\" data-title=\"496137119264641931\" data-caption=\"\">\n\t\t\t\t\t\tGallery\t\t\t\t\t<\/a>\n\t\t\t\t\t\t\t\t\t\t\t\t\t\t\n\t\t\t\t\n\t\t\t\t\t\t\t\t\t\t\t\t<h4 class=\"fusion-rollover-title\">\n\t\t\t\t\t<a class=\"fusion-rollover-title-link\" href=\"https:\/\/jimiactuators.com\/fr\/elements-du-portefeuille\/servo-motor-200-series\/\">\n\t\t\t\t\t\tServomoteur s\u00e9rie 200\t\t\t\t\t<\/a>\n\t\t\t\t<\/h4>\n\t\t\t\n\t\t\t\t\t\t\t\t\t\t\t\t\t\t<div class=\"fusion-rollover-categories\"><a href=\"https:\/\/jimiactuators.com\/fr\/categorie_portefeuille\/servomoteurs\/\" rel=\"tag\">servomoteurs<\/a><\/div>\t\t\t\t\t\n\t\t\n\t\t\t\t<a class=\"fusion-link-wrapper\" href=\"https:\/\/jimiactuators.com\/fr\/elements-du-portefeuille\/servo-motor-200-series\/\" aria-label=\"Servomoteur s\u00e9rie 200\"><\/a>\n\t<\/div>\n<\/div>\n\n\t\n<\/div>\n<\/div><\/li><li class=\"fusion-carousel-item\"><div class=\"fusion-carousel-item-wrapper\"><span class=\"entry-title rich-snippet-hidden\">Servomoteur s\u00e9rie 180<\/span><span class=\"vcard rich-snippet-hidden\"><span class=\"fn\"><a href=\"https:\/\/jimiactuators.com\/fr\/author\/adminn\/\" title=\"Articles par jimiactuators team\" rel=\"author\">\u00e9quipe jimiactuateurs<\/a><\/span><\/span><span class=\"updated rich-snippet-hidden\">2021-10-03T07:59:13+00:00<\/span>\n\n<div  class=\"fusion-image-wrapper\" aria-haspopup=\"true\">\n\t\n\t\n\t\t\n\t\t\t\t\t<img decoding=\"async\" width=\"954\" height=\"1086\" src=\"https:\/\/jimiactuators.com\/wp-content\/uploads\/2020\/02\/158074296238122592.jpg\" class=\"attachment-full size-full wp-post-image\" alt=\"servomoteur \u00e0 haut rendement\" \/>\n\t\n\n\t\t<div class=\"fusion-rollover\">\n\t<div class=\"fusion-rollover-content\">\n\n\t\t\t\t\t\t\t\t\t\t\t\t\t\t<a class=\"fusion-rollover-link\" href=\"https:\/\/jimiactuators.com\/fr\/elements-du-portefeuille\/servo-motor-180-series\/\">Servomoteur s\u00e9rie 180<\/a>\n\t\t\t\n\t\t\t\t\t\t\t\t\t\t\t\t\t\t\n\t\t\t\t\t\t\t\t\n\t\t\t\t\t\t\t\t\t\t\t\t\t<div class=\"fusion-rollover-sep\"><\/div>\n\t\t\t\t\n\t\t\t\t\t\t\t\t\t\t\t\t\t\t\t\t\t\t<a class=\"fusion-rollover-gallery\" href=\"https:\/\/jimiactuators.com\/wp-content\/uploads\/2020\/02\/158074296238122592.jpg\" data-id=\"2642\" data-rel=\"iLightbox[gallery-rw-1]\" data-title=\"158074296238122592\" data-caption=\"\">\n\t\t\t\t\t\tGallery\t\t\t\t\t<\/a>\n\t\t\t\t\t\t\t\t\t\t\t\t\t\t\n\t\t\t\t\n\t\t\t\t\t\t\t\t\t\t\t\t<h4 class=\"fusion-rollover-title\">\n\t\t\t\t\t<a class=\"fusion-rollover-title-link\" href=\"https:\/\/jimiactuators.com\/fr\/elements-du-portefeuille\/servo-motor-180-series\/\">\n\t\t\t\t\t\tServomoteur s\u00e9rie 180\t\t\t\t\t<\/a>\n\t\t\t\t<\/h4>\n\t\t\t\n\t\t\t\t\t\t\t\t\t\t\t\t\t\t<div class=\"fusion-rollover-categories\"><a href=\"https:\/\/jimiactuators.com\/fr\/categorie_portefeuille\/servomoteurs\/\" rel=\"tag\">servomoteurs<\/a><\/div>\t\t\t\t\t\n\t\t\n\t\t\t\t<a class=\"fusion-link-wrapper\" href=\"https:\/\/jimiactuators.com\/fr\/elements-du-portefeuille\/servo-motor-180-series\/\" aria-label=\"Servomoteur s\u00e9rie 180\"><\/a>\n\t<\/div>\n<\/div>\n\n\t\n<\/div>\n<\/div><\/li><li class=\"fusion-carousel-item\"><div class=\"fusion-carousel-item-wrapper\"><span class=\"entry-title rich-snippet-hidden\">Moteur du serveur s\u00e9rie 110-130<\/span><span class=\"vcard rich-snippet-hidden\"><span class=\"fn\"><a href=\"https:\/\/jimiactuators.com\/fr\/author\/adminn\/\" title=\"Articles par jimiactuators team\" rel=\"author\">\u00e9quipe jimiactuateurs<\/a><\/span><\/span><span class=\"updated rich-snippet-hidden\">2021-10-03T07:54:48+00:00<\/span>\n\n<div  class=\"fusion-image-wrapper\" aria-haspopup=\"true\">\n\t\n\t\n\t\t\n\t\t\t\t\t<img decoding=\"async\" width=\"800\" height=\"802\" src=\"https:\/\/jimiactuators.com\/wp-content\/uploads\/2020\/02\/60.jpg\" class=\"attachment-full size-full wp-post-image\" alt=\"servomoteur de haute qualit\u00e9\" \/>\n\t\n\n\t\t<div class=\"fusion-rollover\">\n\t<div class=\"fusion-rollover-content\">\n\n\t\t\t\t\t\t\t\t\t\t\t\t\t\t<a class=\"fusion-rollover-link\" href=\"https:\/\/jimiactuators.com\/fr\/elements-du-portefeuille\/server-motor-110-130-series\/\">Moteur du serveur s\u00e9rie 110-130<\/a>\n\t\t\t\n\t\t\t\t\t\t\t\t\t\t\t\t\t\t\n\t\t\t\t\t\t\t\t\n\t\t\t\t\t\t\t\t\t\t\t\t\t<div class=\"fusion-rollover-sep\"><\/div>\n\t\t\t\t\n\t\t\t\t\t\t\t\t\t\t\t\t\t\t\t\t\t\t<a class=\"fusion-rollover-gallery\" href=\"https:\/\/jimiactuators.com\/wp-content\/uploads\/2020\/02\/60.jpg\" data-id=\"2639\" data-rel=\"iLightbox[gallery-rw-1]\" data-title=\"60\" data-caption=\"\">\n\t\t\t\t\t\tGallery\t\t\t\t\t<\/a>\n\t\t\t\t\t\t\t\t\t\t\t\t\t\t\n\t\t\t\t\n\t\t\t\t\t\t\t\t\t\t\t\t<h4 class=\"fusion-rollover-title\">\n\t\t\t\t\t<a class=\"fusion-rollover-title-link\" href=\"https:\/\/jimiactuators.com\/fr\/elements-du-portefeuille\/server-motor-110-130-series\/\">\n\t\t\t\t\t\tMoteur du serveur s\u00e9rie 110-130\t\t\t\t\t<\/a>\n\t\t\t\t<\/h4>\n\t\t\t\n\t\t\t\t\t\t\t\t\t\t\t\t\t\t<div class=\"fusion-rollover-categories\"><a href=\"https:\/\/jimiactuators.com\/fr\/categorie_portefeuille\/servomoteurs\/\" rel=\"tag\">servomoteurs<\/a><\/div>\t\t\t\t\t\n\t\t\n\t\t\t\t<a class=\"fusion-link-wrapper\" href=\"https:\/\/jimiactuators.com\/fr\/elements-du-portefeuille\/server-motor-110-130-series\/\" aria-label=\"Moteur du serveur s\u00e9rie 110-130\"><\/a>\n\t<\/div>\n<\/div>\n\n\t\n<\/div>\n<\/div><\/li><li class=\"fusion-carousel-item\"><div class=\"fusion-carousel-item-wrapper\"><span class=\"entry-title rich-snippet-hidden\">SERVOMOTEUR S\u00c9RIE 60-80<\/span><span class=\"vcard rich-snippet-hidden\"><span class=\"fn\"><a href=\"https:\/\/jimiactuators.com\/fr\/author\/adminn\/\" title=\"Articles par jimiactuators team\" rel=\"author\">\u00e9quipe jimiactuateurs<\/a><\/span><\/span><span class=\"updated rich-snippet-hidden\">2021-10-03T07:47:29+00:00<\/span>\n\n<div  class=\"fusion-image-wrapper\" aria-haspopup=\"true\">\n\t\n\t\n\t\t\n\t\t\t\t\t<img decoding=\"async\" width=\"995\" height=\"1052\" src=\"https:\/\/jimiactuators.com\/wp-content\/uploads\/2020\/02\/807209291763402708.jpg\" class=\"attachment-full size-full wp-post-image\" alt=\"servomoteur \u00e0 grande vitesse\" \/>\n\t\n\n\t\t<div class=\"fusion-rollover\">\n\t<div class=\"fusion-rollover-content\">\n\n\t\t\t\t\t\t\t\t\t\t\t\t\t\t<a class=\"fusion-rollover-link\" href=\"https:\/\/jimiactuators.com\/fr\/elements-du-portefeuille\/servomoteur-serie-60-80\/\">SERVOMOTEUR S\u00c9RIE 60-80<\/a>\n\t\t\t\n\t\t\t\t\t\t\t\t\t\t\t\t\t\t\n\t\t\t\t\t\t\t\t\n\t\t\t\t\t\t\t\t\t\t\t\t\t<div class=\"fusion-rollover-sep\"><\/div>\n\t\t\t\t\n\t\t\t\t\t\t\t\t\t\t\t\t\t\t\t\t\t\t<a class=\"fusion-rollover-gallery\" href=\"https:\/\/jimiactuators.com\/wp-content\/uploads\/2020\/02\/807209291763402708.jpg\" data-id=\"2636\" data-rel=\"iLightbox[gallery-rw-1]\" data-title=\"807209291763402708\" data-caption=\"\">\n\t\t\t\t\t\tGallery\t\t\t\t\t<\/a>\n\t\t\t\t\t\t\t\t\t\t\t\t\t\t\n\t\t\t\t\n\t\t\t\t\t\t\t\t\t\t\t\t<h4 class=\"fusion-rollover-title\">\n\t\t\t\t\t<a class=\"fusion-rollover-title-link\" href=\"https:\/\/jimiactuators.com\/fr\/elements-du-portefeuille\/servomoteur-serie-60-80\/\">\n\t\t\t\t\t\tSERVOMOTEUR S\u00c9RIE 60-80\t\t\t\t\t<\/a>\n\t\t\t\t<\/h4>\n\t\t\t\n\t\t\t\t\t\t\t\t\t\t\t\t\t\t<div class=\"fusion-rollover-categories\"><a href=\"https:\/\/jimiactuators.com\/fr\/categorie_portefeuille\/servomoteurs\/\" rel=\"tag\">servomoteurs<\/a><\/div>\t\t\t\t\t\n\t\t\n\t\t\t\t<a class=\"fusion-link-wrapper\" href=\"https:\/\/jimiactuators.com\/fr\/elements-du-portefeuille\/servomoteur-serie-60-80\/\" aria-label=\"SERVOMOTEUR S\u00c9RIE 60-80\"><\/a>\n\t<\/div>\n<\/div>\n\n\t\n<\/div>\n<\/div><\/li><\/ul><div class=\"fusion-carousel-nav\"><span class=\"fusion-nav-prev\"><\/span><span class=\"fusion-nav-next\"><\/span><\/div><\/div><\/div><\/div><\/div><\/div><style type=\"text\/css\">.fusion-body .fusion-builder-column-0{width:100% !important;margin-top : 0px;margin-bottom : 0px;}.fusion-builder-column-0 > .fusion-column-wrapper {padding-top : 0px !important;padding-right : 0px !important;margin-right : 1.92%;padding-bottom : 0px !important;padding-left : 0px !important;margin-left : 1.92%;}@media only screen and (max-width:1024px) {.fusion-body .fusion-builder-column-0{width:100% !important;}.fusion-builder-column-0 > .fusion-column-wrapper {margin-right : 1.92%;margin-left : 1.92%;}}@media only screen and (max-width:640px) {.fusion-body .fusion-builder-column-0{width:100% !important;}.fusion-builder-column-0 > .fusion-column-wrapper {margin-right : 1.92%;margin-left : 1.92%;}}<\/style><\/div><style type=\"text\/css\">.fusion-body .fusion-flex-container.fusion-builder-row-1{ padding-top : 0px;margin-top : 0px;padding-right : 0px;padding-bottom : 0px;margin-bottom : 0px;padding-left : 0px;}<\/style><\/div>","protected":false},"excerpt":{"rendered":"","protected":false},"author":2,"featured_media":0,"parent":2747,"menu_order":0,"comment_status":"closed","ping_status":"closed","template":"","meta":{"footnotes":""},"class_list":["post-2236","page","type-page","status-publish","hentry"],"_links":{"self":[{"href":"https:\/\/jimiactuators.com\/fr\/wp-json\/wp\/v2\/pages\/2236","targetHints":{"allow":["GET"]}}],"collection":[{"href":"https:\/\/jimiactuators.com\/fr\/wp-json\/wp\/v2\/pages"}],"about":[{"href":"https:\/\/jimiactuators.com\/fr\/wp-json\/wp\/v2\/types\/page"}],"author":[{"embeddable":true,"href":"https:\/\/jimiactuators.com\/fr\/wp-json\/wp\/v2\/users\/2"}],"replies":[{"embeddable":true,"href":"https:\/\/jimiactuators.com\/fr\/wp-json\/wp\/v2\/comments?post=2236"}],"version-history":[{"count":0,"href":"https:\/\/jimiactuators.com\/fr\/wp-json\/wp\/v2\/pages\/2236\/revisions"}],"up":[{"embeddable":true,"href":"https:\/\/jimiactuators.com\/fr\/wp-json\/wp\/v2\/pages\/2747"}],"wp:attachment":[{"href":"https:\/\/jimiactuators.com\/fr\/wp-json\/wp\/v2\/media?parent=2236"}],"curies":[{"name":"wp","href":"https:\/\/api.w.org\/{rel}","templated":true}]}}