{"id":2238,"date":"2020-03-07T08:33:48","date_gmt":"2020-03-07T08:33:48","guid":{"rendered":"http:\/\/jimiactuators.com\/?page_id=2238"},"modified":"2021-10-03T13:18:54","modified_gmt":"2021-10-03T13:18:54","slug":"planetary-gear-box","status":"publish","type":"page","link":"https:\/\/jimiactuators.com\/fr\/produits\/moteurs\/planetary-gear-box\/","title":{"rendered":"R\u00e9ducteur plan\u00e9taire"},"content":{"rendered":"<div class=\"fusion-fullwidth fullwidth-box fusion-builder-row-1 fusion-flex-container nonhundred-percent-fullwidth non-hundred-percent-height-scrolling\" style=\"background-color: rgba(255,255,255,0);background-position: center center;background-repeat: no-repeat;border-width: 0px 0px 0px 0px;border-color:#e2e2e2;border-style:solid;\" ><div class=\"fusion-builder-row fusion-row fusion-flex-align-items-flex-start\" style=\"max-width:1248px;margin-left: calc(-4% \/ 2 );margin-right: calc(-4% \/ 2 );\"><div class=\"fusion-layout-column fusion_builder_column fusion-builder-column-0 fusion_builder_column_1_1 1_1 fusion-flex-column\"><div class=\"fusion-column-wrapper fusion-flex-justify-content-flex-start fusion-content-layout-column\" style=\"background-position:left top;background-repeat:no-repeat;-webkit-background-size:cover;-moz-background-size:cover;-o-background-size:cover;background-size:cover;padding: 0px 0px 0px 0px;\"><div class=\"fusion-text fusion-text-1\"><div class=\"snippets-actions\">\n<h1 class=\"sp-module-title\">Fabricant de r\u00e9ducteurs plan\u00e9taires en Chine<\/h1>\n<div class=\"sp-module-content\">\n<div class=\"custom\">\n<p>Jimi-tech company is specialize in manufacturing planetary gear box. Our planetary gear boxes are widely exported to many countries such as Chile, Mexico, Poland, Kenya, United states, Hungary, Colombia, Russia, Australia, South Africa, Turkey and so on. With good Performance in quality, we have earned a good share in this area. We are a younger company than Brevini, Bonfiglioli, Sumitomoand Flender. but we are growing faster and faster. Our gearboxes have the same dimension to theirs. However, we have some of our own designs which is different from theirs. Of courser, we also can make the gearboxes on customers&#8217; drawing. Anyway, we are younger but we are not lower.<\/p>\n<p>Our Planetary gear box is standardized gear unit solutions for higher power rating ranges in the proven quality. With 27 sizes and seven basic types the series ensures torque ranges of up to 2,600,000 N.m and transmission ratios of 4,000:1. .And it widely used for industry equipment of metallurgy ,Building Material , Chemical , Mining , Oil, Transportation , Paper making , Sugar making , engineering Machines ,etc . Parameter : Power: Up to 12000 KW Ratio: Up to 4000 : 1 Output torque : Up to 2600000 N.m<\/p>\n<p>Also our planetary gear box is widely used on solar tracker systems. You can go to visit <span style=\"color: #3366ff;\"><a style=\"color: #3366ff;\" href=\"https:\/\/www.youtube.com\/channel\/UCffoEhKhBwrfPt6sOZwmEsQ?view_as=subscriber\" target=\"_blank\" rel=\"noopener\">la cha\u00eene YouTube de notre entreprise<\/a><\/span>.<\/p>\n<p>We welcome customers from the world to see our factory or to inquiry us and we hope, we will make a bright cooperation relationship in future.<\/p>\n<\/div>\n<\/div>\n<\/div>\n<\/div><div class=\"fusion-recent-works fusion-portfolio-element fusion-portfolio fusion-portfolio-1 fusion-portfolio-carousel fusion-portfolio-paging-pagination recent-works-carousel portfolio-carousel picture-size-auto fusion-portfolio-rollover\" data-id=\"-rw-1\"><div class=\"fusion-carousel\" data-autoplay=\"no\" data-columns=\"3\" data-itemmargin=\"30\" data-itemwidth=\"180\" data-touchscroll=\"no\" data-imagesize=\"auto\"><div class=\"fusion-carousel-positioner\"><ul class=\"fusion-carousel-holder\"><li class=\"fusion-carousel-item\"><div class=\"fusion-carousel-item-wrapper\"><span class=\"entry-title rich-snippet-hidden\">R\u00c9DUCTEUR PLAN\u00c9TAIRE VGE85<\/span><span class=\"vcard rich-snippet-hidden\"><span class=\"fn\"><a href=\"https:\/\/jimiactuators.com\/fr\/author\/adminn\/\" title=\"Articles par jimiactuators team\" rel=\"author\">\u00e9quipe jimiactuateurs<\/a><\/span><\/span><span class=\"updated rich-snippet-hidden\">2021-10-03T08:14:23+00:00<\/span>\n\n<div  class=\"fusion-image-wrapper\" aria-haspopup=\"true\">\n\t\n\t\n\t\t\n\t\t\t\t\t<img decoding=\"async\" width=\"852\" height=\"640\" src=\"https:\/\/jimiactuators.com\/wp-content\/uploads\/2020\/03\/VGE85-7.jpg\" class=\"attachment-full size-full wp-post-image\" alt=\"r\u00e9ducteur \u00e0 engrenages plan\u00e9taires\" \/>\n\t\n\n\t\t<div class=\"fusion-rollover\">\n\t<div class=\"fusion-rollover-content\">\n\n\t\t\t\t\t\t\t\t\t\t\t\t\t\t<a class=\"fusion-rollover-link\" href=\"https:\/\/jimiactuators.com\/fr\/elements-du-portefeuille\/vge85-planetary-gearbox\/\">R\u00c9DUCTEUR PLAN\u00c9TAIRE VGE85<\/a>\n\t\t\t\n\t\t\t\t\t\t\t\t\t\t\t\t\t\t\n\t\t\t\t\t\t\t\t\n\t\t\t\t\t\t\t\t\t\t\t\t\t<div class=\"fusion-rollover-sep\"><\/div>\n\t\t\t\t\n\t\t\t\t\t\t\t\t\t\t\t\t\t\t\t\t\t\t<a class=\"fusion-rollover-gallery\" href=\"https:\/\/jimiactuators.com\/wp-content\/uploads\/2020\/03\/VGE85-7.jpg\" data-id=\"2657\" data-rel=\"iLightbox[gallery-rw-1]\" data-title=\"VGE85-7\" data-caption=\"\">\n\t\t\t\t\t\tGallery\t\t\t\t\t<\/a>\n\t\t\t\t\t\t\t\t\t\t\t\t\t\t\n\t\t\t\t\n\t\t\t\t\t\t\t\t\t\t\t\t<h4 class=\"fusion-rollover-title\">\n\t\t\t\t\t<a class=\"fusion-rollover-title-link\" href=\"https:\/\/jimiactuators.com\/fr\/elements-du-portefeuille\/vge85-planetary-gearbox\/\">\n\t\t\t\t\t\tR\u00c9DUCTEUR PLAN\u00c9TAIRE VGE85\t\t\t\t\t<\/a>\n\t\t\t\t<\/h4>\n\t\t\t\n\t\t\t\t\t\t\t\t\t\t\t\t\t\t<div class=\"fusion-rollover-categories\"><a href=\"https:\/\/jimiactuators.com\/fr\/categorie_portefeuille\/moteurs-de-reducteurs-planetaires\/\" rel=\"tag\">moteurs de r\u00e9ducteurs plan\u00e9taires<\/a><\/div>\t\t\t\t\t\n\t\t\n\t\t\t\t<a class=\"fusion-link-wrapper\" href=\"https:\/\/jimiactuators.com\/fr\/elements-du-portefeuille\/vge85-planetary-gearbox\/\" aria-label=\"R\u00c9DUCTEUR PLAN\u00c9TAIRE VGE85\"><\/a>\n\t<\/div>\n<\/div>\n\n\t\n<\/div>\n<\/div><\/li><li class=\"fusion-carousel-item\"><div class=\"fusion-carousel-item-wrapper\"><span class=\"entry-title rich-snippet-hidden\">R\u00c9DUCTEUR PLAN\u00c9TAIRE VGE60<\/span><span class=\"vcard rich-snippet-hidden\"><span class=\"fn\"><a href=\"https:\/\/jimiactuators.com\/fr\/author\/adminn\/\" title=\"Articles par jimiactuators team\" rel=\"author\">\u00e9quipe jimiactuateurs<\/a><\/span><\/span><span class=\"updated rich-snippet-hidden\">2021-10-03T08:12:50+00:00<\/span>\n\n<div  class=\"fusion-image-wrapper\" aria-haspopup=\"true\">\n\t\n\t\n\t\t\n\t\t\t\t\t<img decoding=\"async\" width=\"852\" height=\"640\" src=\"https:\/\/jimiactuators.com\/wp-content\/uploads\/2019\/08\/VGE60-5.jpg\" class=\"attachment-full size-full wp-post-image\" alt=\"r\u00e9ducteur plan\u00e9taire\" \/>\n\t\n\n\t\t<div class=\"fusion-rollover\">\n\t<div class=\"fusion-rollover-content\">\n\n\t\t\t\t\t\t\t\t\t\t\t\t\t\t<a class=\"fusion-rollover-link\" href=\"https:\/\/jimiactuators.com\/fr\/elements-du-portefeuille\/vge60-planetary-gearbox\/\">R\u00c9DUCTEUR PLAN\u00c9TAIRE VGE60<\/a>\n\t\t\t\n\t\t\t\t\t\t\t\t\t\t\t\t\t\t\n\t\t\t\t\t\t\t\t\n\t\t\t\t\t\t\t\t\t\t\t\t\t<div class=\"fusion-rollover-sep\"><\/div>\n\t\t\t\t\n\t\t\t\t\t\t\t\t\t\t\t\t\t\t\t\t\t\t<a class=\"fusion-rollover-gallery\" href=\"https:\/\/jimiactuators.com\/wp-content\/uploads\/2019\/08\/VGE60-5.jpg\" data-id=\"2655\" data-rel=\"iLightbox[gallery-rw-1]\" data-title=\"VGE60-5\" data-caption=\"\">\n\t\t\t\t\t\tGallery\t\t\t\t\t<\/a>\n\t\t\t\t\t\t\t\t\t\t\t\t\t\t\n\t\t\t\t\n\t\t\t\t\t\t\t\t\t\t\t\t<h4 class=\"fusion-rollover-title\">\n\t\t\t\t\t<a class=\"fusion-rollover-title-link\" href=\"https:\/\/jimiactuators.com\/fr\/elements-du-portefeuille\/vge60-planetary-gearbox\/\">\n\t\t\t\t\t\tR\u00c9DUCTEUR PLAN\u00c9TAIRE VGE60\t\t\t\t\t<\/a>\n\t\t\t\t<\/h4>\n\t\t\t\n\t\t\t\t\t\t\t\t\t\t\t\t\t\t<div class=\"fusion-rollover-categories\"><a href=\"https:\/\/jimiactuators.com\/fr\/categorie_portefeuille\/moteurs-de-reducteurs-planetaires\/\" rel=\"tag\">moteurs de r\u00e9ducteurs plan\u00e9taires<\/a><\/div>\t\t\t\t\t\n\t\t\n\t\t\t\t<a class=\"fusion-link-wrapper\" href=\"https:\/\/jimiactuators.com\/fr\/elements-du-portefeuille\/vge60-planetary-gearbox\/\" aria-label=\"R\u00c9DUCTEUR PLAN\u00c9TAIRE VGE60\"><\/a>\n\t<\/div>\n<\/div>\n\n\t\n<\/div>\n<\/div><\/li><li class=\"fusion-carousel-item\"><div class=\"fusion-carousel-item-wrapper\"><span class=\"entry-title rich-snippet-hidden\">Servomoteur s\u00e9rie 260<\/span><span class=\"vcard rich-snippet-hidden\"><span class=\"fn\"><a href=\"https:\/\/jimiactuators.com\/fr\/author\/adminn\/\" title=\"Articles par jimiactuators team\" rel=\"author\">\u00e9quipe jimiactuateurs<\/a><\/span><\/span><span class=\"updated rich-snippet-hidden\">2026-01-23T12:43:18+00:00<\/span>\n\n<div  class=\"fusion-image-wrapper\" aria-haspopup=\"true\">\n\t\n\t\n\t\t\n\t\t\t\t\t<img decoding=\"async\" width=\"1042\" height=\"1094\" src=\"https:\/\/jimiactuators.com\/wp-content\/uploads\/2020\/02\/329650686268980502.jpg\" class=\"attachment-full size-full wp-post-image\" alt=\"servomoteur \u00e0 bas prix\" \/>\n\t\n\n\t\t<div class=\"fusion-rollover\">\n\t<div class=\"fusion-rollover-content\">\n\n\t\t\t\t\t\t\t\t\t\t\t\t\t\t<a class=\"fusion-rollover-link\" href=\"https:\/\/jimiactuators.com\/fr\/elements-du-portefeuille\/servo-motor-260-series\/\">Servomoteur s\u00e9rie 260<\/a>\n\t\t\t\n\t\t\t\t\t\t\t\t\t\t\t\t\t\t\n\t\t\t\t\t\t\t\t\n\t\t\t\t\t\t\t\t\t\t\t\t\t<div class=\"fusion-rollover-sep\"><\/div>\n\t\t\t\t\n\t\t\t\t\t\t\t\t\t\t\t\t\t\t\t\t\t\t<a class=\"fusion-rollover-gallery\" href=\"https:\/\/jimiactuators.com\/wp-content\/uploads\/2020\/02\/329650686268980502.jpg\" data-id=\"2651\" data-rel=\"iLightbox[gallery-rw-1]\" data-title=\"329650686268980502\" data-caption=\"\">\n\t\t\t\t\t\tGallery\t\t\t\t\t<\/a>\n\t\t\t\t\t\t\t\t\t\t\t\t\t\t\n\t\t\t\t\n\t\t\t\t\t\t\t\t\t\t\t\t<h4 class=\"fusion-rollover-title\">\n\t\t\t\t\t<a class=\"fusion-rollover-title-link\" href=\"https:\/\/jimiactuators.com\/fr\/elements-du-portefeuille\/servo-motor-260-series\/\">\n\t\t\t\t\t\tServomoteur s\u00e9rie 260\t\t\t\t\t<\/a>\n\t\t\t\t<\/h4>\n\t\t\t\n\t\t\t\t\t\t\t\t\t\t\t\t\t\t<div class=\"fusion-rollover-categories\"><a href=\"https:\/\/jimiactuators.com\/fr\/categorie_portefeuille\/moteurs-de-reducteurs-planetaires\/\" rel=\"tag\">moteurs de r\u00e9ducteurs plan\u00e9taires<\/a>, <a href=\"https:\/\/jimiactuators.com\/fr\/categorie_portefeuille\/servomoteurs\/\" rel=\"tag\">servomoteurs<\/a><\/div>\t\t\t\t\t\n\t\t\n\t\t\t\t<a class=\"fusion-link-wrapper\" href=\"https:\/\/jimiactuators.com\/fr\/elements-du-portefeuille\/servo-motor-260-series\/\" aria-label=\"Servomoteur s\u00e9rie 260\"><\/a>\n\t<\/div>\n<\/div>\n\n\t\n<\/div>\n<\/div><\/li><\/ul><div class=\"fusion-carousel-nav\"><span class=\"fusion-nav-prev\"><\/span><span class=\"fusion-nav-next\"><\/span><\/div><\/div><\/div><\/div><\/div><\/div><style type=\"text\/css\">.fusion-body .fusion-builder-column-0{width:100% !important;margin-top : 0px;margin-bottom : 0px;}.fusion-builder-column-0 > .fusion-column-wrapper {padding-top : 0px !important;padding-right : 0px !important;margin-right : 1.92%;padding-bottom : 0px !important;padding-left : 0px !important;margin-left : 1.92%;}@media only screen and (max-width:1024px) {.fusion-body .fusion-builder-column-0{width:100% !important;}.fusion-builder-column-0 > .fusion-column-wrapper {margin-right : 1.92%;margin-left : 1.92%;}}@media only screen and (max-width:640px) {.fusion-body .fusion-builder-column-0{width:100% !important;}.fusion-builder-column-0 > .fusion-column-wrapper {margin-right : 1.92%;margin-left : 1.92%;}}<\/style><\/div><style type=\"text\/css\">.fusion-body .fusion-flex-container.fusion-builder-row-1{ padding-top : 0px;margin-top : 0px;padding-right : 0px;padding-bottom : 0px;margin-bottom : 0px;padding-left : 0px;}<\/style><\/div>","protected":false},"excerpt":{"rendered":"","protected":false},"author":2,"featured_media":0,"parent":2747,"menu_order":0,"comment_status":"closed","ping_status":"closed","template":"","meta":{"footnotes":""},"class_list":["post-2238","page","type-page","status-publish","hentry"],"_links":{"self":[{"href":"https:\/\/jimiactuators.com\/fr\/wp-json\/wp\/v2\/pages\/2238","targetHints":{"allow":["GET"]}}],"collection":[{"href":"https:\/\/jimiactuators.com\/fr\/wp-json\/wp\/v2\/pages"}],"about":[{"href":"https:\/\/jimiactuators.com\/fr\/wp-json\/wp\/v2\/types\/page"}],"author":[{"embeddable":true,"href":"https:\/\/jimiactuators.com\/fr\/wp-json\/wp\/v2\/users\/2"}],"replies":[{"embeddable":true,"href":"https:\/\/jimiactuators.com\/fr\/wp-json\/wp\/v2\/comments?post=2238"}],"version-history":[{"count":0,"href":"https:\/\/jimiactuators.com\/fr\/wp-json\/wp\/v2\/pages\/2238\/revisions"}],"up":[{"embeddable":true,"href":"https:\/\/jimiactuators.com\/fr\/wp-json\/wp\/v2\/pages\/2747"}],"wp:attachment":[{"href":"https:\/\/jimiactuators.com\/fr\/wp-json\/wp\/v2\/media?parent=2238"}],"curies":[{"name":"wp","href":"https:\/\/api.w.org\/{rel}","templated":true}]}}