{"id":2538,"date":"2021-10-03T02:02:49","date_gmt":"2021-10-03T02:02:49","guid":{"rendered":"http:\/\/jimiactuators.com\/?page_id=2538"},"modified":"2026-01-17T05:12:04","modified_gmt":"2026-01-17T05:12:04","slug":"mouvements-lineaires","status":"publish","type":"page","link":"https:\/\/jimiactuators.com\/fr\/produits\/actionneur-lineaire-cylindre-electrique\/mouvements-lineaires\/","title":{"rendered":"Mouvements lin\u00e9aires"},"content":{"rendered":"<div class=\"fusion-fullwidth fullwidth-box fusion-builder-row-1 fusion-flex-container nonhundred-percent-fullwidth non-hundred-percent-height-scrolling\" style=\"background-color: rgba(255,255,255,0);background-position: center center;background-repeat: no-repeat;border-width: 0px 0px 0px 0px;border-color:#e2e2e2;border-style:solid;\" ><div class=\"fusion-builder-row fusion-row fusion-flex-align-items-flex-start\" style=\"max-width:1248px;margin-left: calc(-4% \/ 2 );margin-right: calc(-4% \/ 2 );\"><div class=\"fusion-layout-column fusion_builder_column fusion-builder-column-0 fusion_builder_column_1_1 1_1 fusion-flex-column\"><div class=\"fusion-column-wrapper fusion-flex-justify-content-flex-start fusion-content-layout-column\" style=\"background-position:left top;background-repeat:no-repeat;-webkit-background-size:cover;-moz-background-size:cover;-o-background-size:cover;background-size:cover;padding: 0px 0px 0px 0px;\"><div class=\"fusion-text fusion-text-1\"><p class=\"ds-markdown-paragraph\"><strong>Mouvement lin\u00e9aire de pr\u00e9cision : La force motrice de l'automatisation et des machines modernes<\/strong><\/p>\n<p class=\"ds-markdown-paragraph\">Le mouvement lin\u00e9aire, le mouvement fondamental le long d'un seul axe droit, est une pierre angulaire de la conception m\u00e9canique et de l'automatisation industrielle. Il s'agit du d\u00e9placement contr\u00f4l\u00e9 et pr\u00e9cis d'un objet vers l'avant ou vers l'arri\u00e8re, par opposition au mouvement rotatif. L'obtention d'un mouvement lin\u00e9aire fiable, pr\u00e9cis et efficace est essentielle pour d'innombrables applications n\u00e9cessitant un positionnement, un levage, une pouss\u00e9e ou un alignement pr\u00e9cis.<\/p>\n<h3>Technologies de base permettant un mouvement lin\u00e9aire contr\u00f4l\u00e9<\/h3>\n<p class=\"ds-markdown-paragraph\">Plusieurs syst\u00e8mes m\u00e9caniques cl\u00e9s sont con\u00e7us pour cr\u00e9er et guider le mouvement lin\u00e9aire :<\/p>\n<ul>\n<li>\n<p class=\"ds-markdown-paragraph\"><strong>Actionneurs lin\u00e9aires \u00e9lectriques :<\/strong>\u00a0La solution la plus polyvalente, qui convertit le mouvement rotatif d'un moteur en un mouvement lin\u00e9aire souple et programmable par l'interm\u00e9diaire d'une vis sans fin ou d'une vis \u00e0 billes. Ils offrent un contr\u00f4le pr\u00e9cis de la vitesse, de la position et de la force.<\/p>\n<\/li>\n<li>\n<p class=\"ds-markdown-paragraph\"><strong>Cylindres pneumatiques et hydrauliques :<\/strong>\u00a0L'utilisation d'air ou de fluide comprim\u00e9 permet de g\u00e9n\u00e9rer des mouvements lin\u00e9aires puissants et rapides pour les applications industrielles lourdes.<\/p>\n<\/li>\n<li>\n<p class=\"ds-markdown-paragraph\"><strong>Guides et rails lin\u00e9aires :<\/strong>\u00a0Fournissent un support \u00e0 faible friction et \u00e0 haute rigidit\u00e9 pour les composants mobiles, assurant un d\u00e9placement r\u00e9gulier et pr\u00e9cis le long d'une trajectoire d\u00e9finie.<\/p>\n<\/li>\n<li>\n<p class=\"ds-markdown-paragraph\"><strong>Vis \u00e0 billes et vis de plomb :<\/strong>\u00a0Composants essentiels de l'entra\u00eenement qui traduisent une force de rotation en un d\u00e9placement lin\u00e9aire avec une efficacit\u00e9 et une pr\u00e9cision \u00e9lev\u00e9es.<\/p>\n<\/li>\n<\/ul>\n<h3>Avantages des syst\u00e8mes de mouvement lin\u00e9aire de pr\u00e9cision<\/h3>\n<p class=\"ds-markdown-paragraph\">La mise en \u0153uvre de solutions avanc\u00e9es de mouvement lin\u00e9aire offre des avantages op\u00e9rationnels significatifs :<\/p>\n<ul>\n<li>\n<p class=\"ds-markdown-paragraph\"><strong>Haute pr\u00e9cision et r\u00e9p\u00e9tabilit\u00e9 :<\/strong>\u00a0Permet un positionnement pr\u00e9cis pour des t\u00e2ches telles que l'assemblage, l'usinage et la mesure.<\/p>\n<\/li>\n<li>\n<p class=\"ds-markdown-paragraph\"><strong>Efficacit\u00e9 et rapidit\u00e9 accrues :<\/strong>\u00a0Automatise les processus manuels, augmentant ainsi le rendement et la coh\u00e9rence de la fabrication.<\/p>\n<\/li>\n<li>\n<p class=\"ds-markdown-paragraph\"><strong>Am\u00e9lioration de la manutention des charges :<\/strong>\u00a0Capable de d\u00e9placer des charges lourdes avec stabilit\u00e9 et contr\u00f4le, qu'il s'agisse d'appareils \u00e9lectroniques d\u00e9licats ou de machines industrielles.<\/p>\n<\/li>\n<li>\n<p class=\"ds-markdown-paragraph\"><strong>Durabilit\u00e9 et faible entretien :<\/strong>\u00a0Les syst\u00e8mes con\u00e7us r\u00e9duisent l'usure et offrent une longue dur\u00e9e de vie dans les environnements exigeants.<\/p>\n<\/li>\n<li>\n<p class=\"ds-markdown-paragraph\"><strong>Int\u00e9gration flexible :<\/strong>\u00a0Peut \u00eatre int\u00e9gr\u00e9 de mani\u00e8re transparente dans des syst\u00e8mes automatis\u00e9s complexes avec des contr\u00f4leurs logiques programmables (PLC) et des capteurs de r\u00e9troaction.<\/p>\n<\/li>\n<\/ul>\n<h3>Applications critiques dans tous les secteurs d'activit\u00e9<\/h3>\n<p class=\"ds-markdown-paragraph\">La technologie des mouvements lin\u00e9aires de pr\u00e9cision est indispensable dans un grand nombre de secteurs :<\/p>\n<ul>\n<li>\n<p class=\"ds-markdown-paragraph\"><strong>Automatisation industrielle :<\/strong>\u00a0Bras robotis\u00e9s, machines \u00e0 commande num\u00e9rique, syst\u00e8mes de pr\u00e9l\u00e8vement et de mise en place, r\u00e9glages de convoyeurs et lignes d'emballage automatis\u00e9es.<\/p>\n<\/li>\n<li>\n<p class=\"ds-markdown-paragraph\"><strong>\u00c9quipement m\u00e9dical et de laboratoire :<\/strong>\u00a0Tables chirurgicales r\u00e9glables, positionnement des scanners de diagnostic, pompes \u00e0 seringues et syst\u00e8mes de manipulation d'\u00e9chantillons.<\/p>\n<\/li>\n<li>\n<p class=\"ds-markdown-paragraph\"><strong>\u00c9nergies renouvelables :<\/strong>\u00a0Le c\u0153ur de l'activit\u00e9 de l'entreprise\u00a0<strong>syst\u00e8mes de suiveurs solaires<\/strong>, o\u00f9 l'alignement pr\u00e9cis des panneaux maximise la capture d'\u00e9nergie tout au long de la journ\u00e9e.<\/p>\n<\/li>\n<li>\n<p class=\"ds-markdown-paragraph\"><strong>Automobile et a\u00e9rospatiale :<\/strong>\u00a0Essais d'\u00e9quipements, de syst\u00e8mes de freinage, de surfaces de contr\u00f4le de vol et de robotique d'assemblage.<\/p>\n<\/li>\n<li>\n<p class=\"ds-markdown-paragraph\"><strong>Construction et \u00e9quipement lourd :<\/strong>\u00a0Contr\u00f4le des fl\u00e8ches, des lames, des \u00e9l\u00e9vateurs et des stabilisateurs des excavateurs, des chargeurs et des nacelles \u00e9l\u00e9vatrices.<\/p>\n<\/li>\n<li>\n<p class=\"ds-markdown-paragraph\"><strong>Applications grand public et sp\u00e9cialis\u00e9es :<\/strong>\u00a0Ascenseurs, mobilier ergonomique, positionnement de t\u00e9lescopes et d'antennes paraboliques, domotique.<\/p>\n<\/li>\n<\/ul>\n<h3>Mise en \u0153uvre de votre solution de mouvement lin\u00e9aire<\/h3>\n<p class=\"ds-markdown-paragraph\">Le choix du bon syst\u00e8me d\u00e9pend de facteurs tels que la force requise, la vitesse, la longueur de course, la pr\u00e9cision, le cycle de travail et les conditions environnementales. Des actionneurs \u00e9lectriques standard aux actionneurs enti\u00e8rement\u00a0<strong>syst\u00e8mes de mouvement lin\u00e9aire personnalis\u00e9s<\/strong>, Pour optimiser les performances, la fiabilit\u00e9 et la rentabilit\u00e9, il est essentiel de concevoir la bonne solution.<\/p>\n<p class=\"ds-markdown-paragraph\">Pour des conseils d'experts sur l'int\u00e9gration de la pr\u00e9cision\u00a0<strong>technologie du mouvement lin\u00e9aire<\/strong>\u00a0pour votre \u00e9quipement agricole, de construction, industriel ou d'\u00e9nergie renouvelable, explorez nos ressources d'ing\u00e9nierie et nos solutions de produits personnalis\u00e9es con\u00e7ues pour r\u00e9pondre \u00e0 vos demandes techniques sp\u00e9cifiques.<\/p>\n<\/div><div class=\"fusion-recent-works fusion-portfolio-element fusion-portfolio fusion-portfolio-1 fusion-portfolio-carousel fusion-portfolio-paging-pagination recent-works-carousel portfolio-carousel picture-size-auto fusion-portfolio-rollover\" data-id=\"-rw-1\"><div class=\"fusion-carousel\" data-autoplay=\"no\" data-columns=\"3\" data-itemmargin=\"30\" data-itemwidth=\"180\" data-touchscroll=\"no\" data-imagesize=\"auto\"><div class=\"fusion-carousel-positioner\"><ul class=\"fusion-carousel-holder\"><li class=\"fusion-carousel-item\"><div class=\"fusion-carousel-item-wrapper\"><span class=\"entry-title rich-snippet-hidden\">Mouvement lin\u00e9aire Wm60<\/span><span class=\"vcard rich-snippet-hidden\"><span class=\"fn\"><a href=\"https:\/\/jimiactuators.com\/fr\/author\/adminn\/\" title=\"Articles par jimiactuators team\" rel=\"author\">\u00e9quipe jimiactuateurs<\/a><\/span><\/span><span class=\"updated rich-snippet-hidden\">2026-01-23T12:42:24+00:00<\/span>\n\n<div  class=\"fusion-image-wrapper\" aria-haspopup=\"true\">\n\t\n\t\n\t\t\n\t\t\t\t\t<img decoding=\"async\" width=\"950\" height=\"500\" src=\"https:\/\/jimiactuators.com\/wp-content\/uploads\/2021\/10\/65-1.jpg\" class=\"attachment-full size-full wp-post-image\" alt=\"\" srcset=\"https:\/\/jimiactuators.com\/wp-content\/uploads\/2021\/10\/65-1-200x105.jpg 200w, https:\/\/jimiactuators.com\/wp-content\/uploads\/2021\/10\/65-1-400x211.jpg 400w, https:\/\/jimiactuators.com\/wp-content\/uploads\/2021\/10\/65-1-600x316.jpg 600w, https:\/\/jimiactuators.com\/wp-content\/uploads\/2021\/10\/65-1-800x421.jpg 800w, https:\/\/jimiactuators.com\/wp-content\/uploads\/2021\/10\/65-1.jpg 950w\" sizes=\"(min-width: 2200px) 100vw, (min-width: 784px) 380px, (min-width: 712px) 570px, (min-width: 640px) 712px, \" \/>\n\t\n\n\t\t<div class=\"fusion-rollover\">\n\t<div class=\"fusion-rollover-content\">\n\n\t\t\t\t\t\t\t\t\t\t\t\t\t\t<a class=\"fusion-rollover-link\" href=\"https:\/\/jimiactuators.com\/fr\/elements-du-portefeuille\/wm60-linear-motion\/\">Mouvement lin\u00e9aire Wm60<\/a>\n\t\t\t\n\t\t\t\t\t\t\t\t\t\t\t\t\t\t\n\t\t\t\t\t\t\t\t\n\t\t\t\t\t\t\t\t\t\t\t\t\t<div class=\"fusion-rollover-sep\"><\/div>\n\t\t\t\t\n\t\t\t\t\t\t\t\t\t\t\t\t\t\t\t\t\t\t<a class=\"fusion-rollover-gallery\" href=\"https:\/\/jimiactuators.com\/wp-content\/uploads\/2021\/10\/65-1.jpg\" data-id=\"2600\" data-rel=\"iLightbox[gallery-rw-1]\" data-title=\"65-1\" data-caption=\"\">\n\t\t\t\t\t\tGallery\t\t\t\t\t<\/a>\n\t\t\t\t\t\t\t\t\t\t\t\t\t\t\n\t\t\t\t\n\t\t\t\t\t\t\t\t\t\t\t\t<h4 class=\"fusion-rollover-title\">\n\t\t\t\t\t<a class=\"fusion-rollover-title-link\" href=\"https:\/\/jimiactuators.com\/fr\/elements-du-portefeuille\/wm60-linear-motion\/\">\n\t\t\t\t\t\tMouvement lin\u00e9aire Wm60\t\t\t\t\t<\/a>\n\t\t\t\t<\/h4>\n\t\t\t\n\t\t\t\t\t\t\t\t\t\t\t\t\t\t<div class=\"fusion-rollover-categories\"><a href=\"https:\/\/jimiactuators.com\/fr\/categorie_portefeuille\/actuators-with-position-feedback\/\" rel=\"tag\">Actionneurs avec retour de position<\/a>, <a href=\"https:\/\/jimiactuators.com\/fr\/categorie_portefeuille\/aerospace-defense\/\" rel=\"tag\">A\u00e9rospatiale et d\u00e9fense<\/a>, <a href=\"https:\/\/jimiactuators.com\/fr\/categorie_portefeuille\/actionneurs-a-vis-a-billes\/\" rel=\"tag\">Actionneurs \u00e0 vis \u00e0 billes<\/a>, <a href=\"https:\/\/jimiactuators.com\/fr\/categorie_portefeuille\/actionneurs-lineaires-coaxiaux\/\" rel=\"tag\">Actionneurs lin\u00e9aires coaxiaux<\/a>, <a href=\"https:\/\/jimiactuators.com\/fr\/categorie_portefeuille\/transformation-des-aliments\/\" rel=\"tag\">Transformation des aliments<\/a>, <a href=\"https:\/\/jimiactuators.com\/fr\/categorie_portefeuille\/actionneurs-lineaires-de-haute-vitesse-et-de-haute-precision\/\" rel=\"tag\">Actionneurs lin\u00e9aires de haute vitesse et de haute pr\u00e9cision<\/a>, <a href=\"https:\/\/jimiactuators.com\/fr\/categorie_portefeuille\/mobilier-de-maison\/\" rel=\"tag\">Mobilier de maison<\/a>, <a href=\"https:\/\/jimiactuators.com\/fr\/categorie_portefeuille\/lautomatisation-industrielle\/\" rel=\"tag\">Automatisation industrielle<\/a>, <a href=\"https:\/\/jimiactuators.com\/fr\/categorie_portefeuille\/kits-with-remote-control\/\" rel=\"tag\">Kits avec t\u00e9l\u00e9commande<\/a>, <a href=\"https:\/\/jimiactuators.com\/fr\/categorie_portefeuille\/lifting-columns\/\" rel=\"tag\">Colonnes de levage<\/a>, <a href=\"https:\/\/jimiactuators.com\/fr\/categorie_portefeuille\/light-duty-miniature-actuators\/\" rel=\"tag\">Actionneurs l\u00e9gers \/ miniatures<\/a>, <a href=\"https:\/\/jimiactuators.com\/fr\/categorie_portefeuille\/mouvements-lineaires\/\" rel=\"tag\">mouvements lin\u00e9aires<\/a>, <a href=\"https:\/\/jimiactuators.com\/fr\/categorie_portefeuille\/low-noise-actuators\/\" rel=\"tag\">Actionneurs \u00e0 faible bruit<\/a>, <a href=\"https:\/\/jimiactuators.com\/fr\/categorie_portefeuille\/medical-health\/\" rel=\"tag\">Sant\u00e9 m\u00e9dicale<\/a>, <a href=\"https:\/\/jimiactuators.com\/fr\/categorie_portefeuille\/packaging-and-converting\/\" rel=\"tag\">Emballage et transformation<\/a>, <a href=\"https:\/\/jimiactuators.com\/fr\/categorie_portefeuille\/rodless-actuators\/\" rel=\"tag\">Actionneurs sans tige<\/a>, <a href=\"https:\/\/jimiactuators.com\/fr\/categorie_portefeuille\/servo-motor-actuators\/\" rel=\"tag\">Servomoteurs<\/a>, <a href=\"https:\/\/jimiactuators.com\/fr\/categorie_portefeuille\/stainless-steel-actuators\/\" rel=\"tag\">Actionneurs en acier inoxydable<\/a>, <a href=\"https:\/\/jimiactuators.com\/fr\/categorie_portefeuille\/stepper-motor-actuators\/\" rel=\"tag\">Actionneurs \u00e0 moteur pas \u00e0 pas<\/a><\/div>\t\t\t\t\t\n\t\t\n\t\t\t\t<a class=\"fusion-link-wrapper\" href=\"https:\/\/jimiactuators.com\/fr\/elements-du-portefeuille\/wm60-linear-motion\/\" aria-label=\"Mouvement lin\u00e9aire Wm60\"><\/a>\n\t<\/div>\n<\/div>\n\n\t\n<\/div>\n<\/div><\/li><li class=\"fusion-carousel-item\"><div class=\"fusion-carousel-item-wrapper\"><span class=\"entry-title rich-snippet-hidden\">Module de mouvement lin\u00e9aire Wm40<\/span><span class=\"vcard rich-snippet-hidden\"><span class=\"fn\"><a href=\"https:\/\/jimiactuators.com\/fr\/author\/adminn\/\" title=\"Articles par jimiactuators team\" rel=\"author\">\u00e9quipe jimiactuateurs<\/a><\/span><\/span><span class=\"updated rich-snippet-hidden\">2026-01-23T12:41:39+00:00<\/span>\n\n<div  class=\"fusion-image-wrapper\" aria-haspopup=\"true\">\n\t\n\t\n\t\t\n\t\t\t\t\t<img decoding=\"async\" width=\"950\" height=\"500\" src=\"https:\/\/jimiactuators.com\/wp-content\/uploads\/2021\/10\/45.jpg\" class=\"attachment-full size-full wp-post-image\" alt=\"\" srcset=\"https:\/\/jimiactuators.com\/wp-content\/uploads\/2021\/10\/45-200x105.jpg 200w, https:\/\/jimiactuators.com\/wp-content\/uploads\/2021\/10\/45-400x211.jpg 400w, https:\/\/jimiactuators.com\/wp-content\/uploads\/2021\/10\/45-600x316.jpg 600w, https:\/\/jimiactuators.com\/wp-content\/uploads\/2021\/10\/45-800x421.jpg 800w, https:\/\/jimiactuators.com\/wp-content\/uploads\/2021\/10\/45.jpg 950w\" sizes=\"(min-width: 2200px) 100vw, (min-width: 784px) 380px, (min-width: 712px) 570px, (min-width: 640px) 712px, \" \/>\n\t\n\n\t\t<div class=\"fusion-rollover\">\n\t<div class=\"fusion-rollover-content\">\n\n\t\t\t\t\t\t\t\t\t\t\t\t\t\t<a class=\"fusion-rollover-link\" href=\"https:\/\/jimiactuators.com\/fr\/elements-du-portefeuille\/wm40-linear-motion-module\/\">Module de mouvement lin\u00e9aire Wm40<\/a>\n\t\t\t\n\t\t\t\t\t\t\t\t\t\t\t\t\t\t\n\t\t\t\t\t\t\t\t\n\t\t\t\t\t\t\t\t\t\t\t\t\t<div class=\"fusion-rollover-sep\"><\/div>\n\t\t\t\t\n\t\t\t\t\t\t\t\t\t\t\t\t\t\t\t\t\t\t<a class=\"fusion-rollover-gallery\" href=\"https:\/\/jimiactuators.com\/wp-content\/uploads\/2021\/10\/45.jpg\" data-id=\"2597\" data-rel=\"iLightbox[gallery-rw-1]\" data-title=\"45\" data-caption=\"\">\n\t\t\t\t\t\tGallery\t\t\t\t\t<\/a>\n\t\t\t\t\t\t\t\t\t\t\t\t\t\t\n\t\t\t\t\n\t\t\t\t\t\t\t\t\t\t\t\t<h4 class=\"fusion-rollover-title\">\n\t\t\t\t\t<a class=\"fusion-rollover-title-link\" href=\"https:\/\/jimiactuators.com\/fr\/elements-du-portefeuille\/wm40-linear-motion-module\/\">\n\t\t\t\t\t\tModule de mouvement lin\u00e9aire Wm40\t\t\t\t\t<\/a>\n\t\t\t\t<\/h4>\n\t\t\t\n\t\t\t\t\t\t\t\t\t\t\t\t\t\t<div class=\"fusion-rollover-categories\"><a href=\"https:\/\/jimiactuators.com\/fr\/categorie_portefeuille\/actuators-with-position-feedback\/\" rel=\"tag\">Actionneurs avec retour de position<\/a>, <a href=\"https:\/\/jimiactuators.com\/fr\/categorie_portefeuille\/aerospace-defense\/\" rel=\"tag\">A\u00e9rospatiale et d\u00e9fense<\/a>, <a href=\"https:\/\/jimiactuators.com\/fr\/categorie_portefeuille\/actionneurs-a-vis-a-billes\/\" rel=\"tag\">Actionneurs \u00e0 vis \u00e0 billes<\/a>, <a href=\"https:\/\/jimiactuators.com\/fr\/categorie_portefeuille\/brushless-dc-actuators\/\" rel=\"tag\">Actionneurs DC sans balais<\/a>, <a href=\"https:\/\/jimiactuators.com\/fr\/categorie_portefeuille\/actionneurs-lineaires-coaxiaux\/\" rel=\"tag\">Actionneurs lin\u00e9aires coaxiaux<\/a>, <a href=\"https:\/\/jimiactuators.com\/fr\/categorie_portefeuille\/diy-projects-robotics\/\" rel=\"tag\">Projets de bricolage et robotique<\/a>, <a href=\"https:\/\/jimiactuators.com\/fr\/categorie_portefeuille\/transformation-des-aliments\/\" rel=\"tag\">Transformation des aliments<\/a>, <a href=\"https:\/\/jimiactuators.com\/fr\/categorie_portefeuille\/actionneurs-lineaires-de-haute-vitesse-et-de-haute-precision\/\" rel=\"tag\">Actionneurs lin\u00e9aires de haute vitesse et de haute pr\u00e9cision<\/a>, <a href=\"https:\/\/jimiactuators.com\/fr\/categorie_portefeuille\/lautomatisation-industrielle\/\" rel=\"tag\">Automatisation industrielle<\/a>, <a href=\"https:\/\/jimiactuators.com\/fr\/categorie_portefeuille\/kits-with-remote-control\/\" rel=\"tag\">Kits avec t\u00e9l\u00e9commande<\/a>, <a href=\"https:\/\/jimiactuators.com\/fr\/categorie_portefeuille\/lifting-columns\/\" rel=\"tag\">Colonnes de levage<\/a>, <a href=\"https:\/\/jimiactuators.com\/fr\/categorie_portefeuille\/light-duty-miniature-actuators\/\" rel=\"tag\">Actionneurs l\u00e9gers \/ miniatures<\/a>, <a href=\"https:\/\/jimiactuators.com\/fr\/categorie_portefeuille\/mouvements-lineaires\/\" rel=\"tag\">mouvements lin\u00e9aires<\/a>, <a href=\"https:\/\/jimiactuators.com\/fr\/categorie_portefeuille\/low-noise-actuators\/\" rel=\"tag\">Actionneurs \u00e0 faible bruit<\/a>, <a href=\"https:\/\/jimiactuators.com\/fr\/categorie_portefeuille\/packaging-and-converting\/\" rel=\"tag\">Emballage et transformation<\/a>, <a href=\"https:\/\/jimiactuators.com\/fr\/categorie_portefeuille\/rodless-actuators\/\" rel=\"tag\">Actionneurs sans tige<\/a>, <a href=\"https:\/\/jimiactuators.com\/fr\/categorie_portefeuille\/servo-motor-actuators\/\" rel=\"tag\">Servomoteurs<\/a>, <a href=\"https:\/\/jimiactuators.com\/fr\/categorie_portefeuille\/stainless-steel-actuators\/\" rel=\"tag\">Actionneurs en acier inoxydable<\/a>, <a href=\"https:\/\/jimiactuators.com\/fr\/categorie_portefeuille\/stepper-motor-actuators\/\" rel=\"tag\">Actionneurs \u00e0 moteur pas \u00e0 pas<\/a><\/div>\t\t\t\t\t\n\t\t\n\t\t\t\t<a class=\"fusion-link-wrapper\" href=\"https:\/\/jimiactuators.com\/fr\/elements-du-portefeuille\/wm40-linear-motion-module\/\" aria-label=\"Module de mouvement lin\u00e9aire Wm40\"><\/a>\n\t<\/div>\n<\/div>\n\n\t\n<\/div>\n<\/div><\/li><\/ul><div class=\"fusion-carousel-nav\"><span class=\"fusion-nav-prev\"><\/span><span class=\"fusion-nav-next\"><\/span><\/div><\/div><\/div><\/div><\/div><\/div><style type=\"text\/css\">.fusion-body .fusion-builder-column-0{width:100% !important;margin-top : 0px;margin-bottom : 0px;}.fusion-builder-column-0 > .fusion-column-wrapper {padding-top : 0px !important;padding-right : 0px !important;margin-right : 1.92%;padding-bottom : 0px !important;padding-left : 0px !important;margin-left : 1.92%;}@media only screen and (max-width:1024px) {.fusion-body .fusion-builder-column-0{width:100% !important;}.fusion-builder-column-0 > .fusion-column-wrapper {margin-right : 1.92%;margin-left : 1.92%;}}@media only screen and (max-width:640px) {.fusion-body .fusion-builder-column-0{width:100% !important;}.fusion-builder-column-0 > .fusion-column-wrapper {margin-right : 1.92%;margin-left : 1.92%;}}<\/style><\/div><style type=\"text\/css\">.fusion-body .fusion-flex-container.fusion-builder-row-1{ padding-top : 0px;margin-top : 0px;padding-right : 0px;padding-bottom : 0px;margin-bottom : 0px;padding-left : 0px;}<\/style><\/div>","protected":false},"excerpt":{"rendered":"","protected":false},"author":2,"featured_media":0,"parent":2742,"menu_order":0,"comment_status":"closed","ping_status":"closed","template":"","meta":{"footnotes":""},"class_list":["post-2538","page","type-page","status-publish","hentry"],"_links":{"self":[{"href":"https:\/\/jimiactuators.com\/fr\/wp-json\/wp\/v2\/pages\/2538","targetHints":{"allow":["GET"]}}],"collection":[{"href":"https:\/\/jimiactuators.com\/fr\/wp-json\/wp\/v2\/pages"}],"about":[{"href":"https:\/\/jimiactuators.com\/fr\/wp-json\/wp\/v2\/types\/page"}],"author":[{"embeddable":true,"href":"https:\/\/jimiactuators.com\/fr\/wp-json\/wp\/v2\/users\/2"}],"replies":[{"embeddable":true,"href":"https:\/\/jimiactuators.com\/fr\/wp-json\/wp\/v2\/comments?post=2538"}],"version-history":[{"count":0,"href":"https:\/\/jimiactuators.com\/fr\/wp-json\/wp\/v2\/pages\/2538\/revisions"}],"up":[{"embeddable":true,"href":"https:\/\/jimiactuators.com\/fr\/wp-json\/wp\/v2\/pages\/2742"}],"wp:attachment":[{"href":"https:\/\/jimiactuators.com\/fr\/wp-json\/wp\/v2\/media?parent=2538"}],"curies":[{"name":"wp","href":"https:\/\/api.w.org\/{rel}","templated":true}]}}