{"id":4,"date":"2017-09-14T06:14:44","date_gmt":"2017-09-14T06:14:44","guid":{"rendered":"http:\/\/designscubix.com\/demo\/milinco\/?page_id=4"},"modified":"2026-01-09T14:12:59","modified_gmt":"2026-01-09T14:12:59","slug":"a-propos-de-nous","status":"publish","type":"page","link":"https:\/\/jimiactuators.com\/fr\/a-propos-de-nous\/","title":{"rendered":"A propos de nous"},"content":{"rendered":"<div class=\"fusion-fullwidth fullwidth-box fusion-builder-row-1 fusion-flex-container nonhundred-percent-fullwidth non-hundred-percent-height-scrolling\" style=\"background-color: rgba(255,255,255,0);background-position: center center;background-repeat: no-repeat;border-width: 0px 0px 0px 0px;border-color:#e2e2e2;border-style:solid;\" ><div class=\"fusion-builder-row fusion-row fusion-flex-align-items-flex-start\" style=\"max-width:1248px;margin-left: calc(-4% \/ 2 );margin-right: calc(-4% \/ 2 );\"><div class=\"fusion-layout-column fusion_builder_column fusion-builder-column-0 fusion_builder_column_1_1 1_1 fusion-flex-column\"><div class=\"fusion-column-wrapper fusion-flex-justify-content-flex-start fusion-content-layout-column\" style=\"background-position:left top;background-repeat:no-repeat;-webkit-background-size:cover;-moz-background-size:cover;-o-background-size:cover;background-size:cover;padding: 0px 0px 0px 0px;\"><div class=\"fusion-text fusion-text-1\"><h1>Nos usines pr\u00e9sentent :<\/h1>\n<\/div><div class=\"fusion-text fusion-text-2\"><h4>Usine de moteurs lin\u00e9aires<\/h4>\n<\/div><div class=\"fusion-image-carousel fusion-image-carousel-auto fusion-no-medium-visibility fusion-carousel-border\"><div class=\"fusion-carousel\" data-autoplay=\"no\" data-columns=\"5\" data-itemmargin=\"13\" data-itemwidth=\"180\" data-touchscroll=\"no\" data-imagesize=\"auto\"><div class=\"fusion-carousel-positioner\"><ul class=\"fusion-carousel-holder\"><li class=\"fusion-carousel-item\"><div class=\"fusion-carousel-item-wrapper\"><div class=\"fusion-image-wrapper hover-type-none\"><img decoding=\"async\" width=\"1443\" height=\"1080\" src=\"https:\/\/jimiactuators.com\/wp-content\/uploads\/2019\/08\/404147288576890070.jpg\" class=\"attachment-full size-full\" alt=\"\" \/><\/div><\/div><\/li><li class=\"fusion-carousel-item\"><div class=\"fusion-carousel-item-wrapper\"><div class=\"fusion-image-wrapper hover-type-none\"><img decoding=\"async\" width=\"1080\" height=\"1443\" src=\"https:\/\/jimiactuators.com\/wp-content\/uploads\/2019\/08\/811503816835355409.jpg\" class=\"attachment-full size-full\" alt=\"\" \/><\/div><\/div><\/li><li class=\"fusion-carousel-item\"><div class=\"fusion-carousel-item-wrapper\"><div class=\"fusion-image-wrapper hover-type-none\"><img decoding=\"async\" width=\"1443\" height=\"1080\" src=\"https:\/\/jimiactuators.com\/wp-content\/uploads\/2019\/08\/31045778976196468.jpg\" class=\"attachment-full size-full\" alt=\"usine\" \/><\/div><\/div><\/li><li class=\"fusion-carousel-item\"><div class=\"fusion-carousel-item-wrapper\"><div class=\"fusion-image-wrapper hover-type-none\"><img decoding=\"async\" width=\"1443\" height=\"1080\" src=\"https:\/\/jimiactuators.com\/wp-content\/uploads\/2019\/08\/918357305927202333.jpg\" class=\"attachment-full size-full\" alt=\"Fabricant d&#039;actionneurs lin\u00e9aires\" \/><\/div><\/div><\/li><li class=\"fusion-carousel-item\"><div class=\"fusion-carousel-item-wrapper\"><div class=\"fusion-image-wrapper hover-type-none\"><img decoding=\"async\" width=\"1080\" height=\"1080\" src=\"https:\/\/jimiactuators.com\/wp-content\/uploads\/2021\/10\/d5d8591c6541a0485361c493e69bc33.jpg\" class=\"attachment-full size-full\" alt=\"\" srcset=\"https:\/\/jimiactuators.com\/wp-content\/uploads\/2021\/10\/d5d8591c6541a0485361c493e69bc33-200x200.jpg 200w, https:\/\/jimiactuators.com\/wp-content\/uploads\/2021\/10\/d5d8591c6541a0485361c493e69bc33-400x400.jpg 400w, https:\/\/jimiactuators.com\/wp-content\/uploads\/2021\/10\/d5d8591c6541a0485361c493e69bc33-600x600.jpg 600w, https:\/\/jimiactuators.com\/wp-content\/uploads\/2021\/10\/d5d8591c6541a0485361c493e69bc33-800x800.jpg 800w, https:\/\/jimiactuators.com\/wp-content\/uploads\/2021\/10\/d5d8591c6541a0485361c493e69bc33.jpg 1080w\" sizes=\"(min-width: 2200px) 100vw, (min-width: 928px) 230px, (min-width: 856px) 287px, (min-width: 784px) 383px, (min-width: 712px) 574px, (min-width: 640px) 712px, \" \/><\/div><\/div><\/li><\/ul><div class=\"fusion-carousel-nav\"><span class=\"fusion-nav-prev\"><\/span><span class=\"fusion-nav-next\"><\/span><\/div><\/div><\/div><\/div><div class=\"fusion-text fusion-text-3\"><h4>Usine de trackers solaires<\/h4>\n<\/div><div class=\"fusion-image-carousel fusion-image-carousel-auto fusion-no-medium-visibility fusion-carousel-border\"><div class=\"fusion-carousel\" data-autoplay=\"no\" data-columns=\"5\" data-itemmargin=\"13\" data-itemwidth=\"180\" data-touchscroll=\"no\" data-imagesize=\"auto\"><div class=\"fusion-carousel-positioner\"><ul class=\"fusion-carousel-holder\"><li class=\"fusion-carousel-item\"><div class=\"fusion-carousel-item-wrapper\"><div class=\"fusion-image-wrapper hover-type-none\"><img decoding=\"async\" width=\"742\" height=\"400\" src=\"https:\/\/jimiactuators.com\/wp-content\/uploads\/2021\/10\/1-4.jpg\" class=\"attachment-full size-full\" alt=\"\" srcset=\"https:\/\/jimiactuators.com\/wp-content\/uploads\/2021\/10\/1-4-200x108.jpg 200w, https:\/\/jimiactuators.com\/wp-content\/uploads\/2021\/10\/1-4-400x216.jpg 400w, https:\/\/jimiactuators.com\/wp-content\/uploads\/2021\/10\/1-4-600x323.jpg 600w, https:\/\/jimiactuators.com\/wp-content\/uploads\/2021\/10\/1-4.jpg 742w\" sizes=\"(min-width: 2200px) 100vw, (min-width: 928px) 230px, (min-width: 856px) 287px, (min-width: 784px) 383px, (min-width: 712px) 574px, (min-width: 640px) 712px, \" \/><\/div><\/div><\/li><li class=\"fusion-carousel-item\"><div class=\"fusion-carousel-item-wrapper\"><div class=\"fusion-image-wrapper hover-type-none\"><img decoding=\"async\" width=\"742\" height=\"400\" src=\"https:\/\/jimiactuators.com\/wp-content\/uploads\/2021\/10\/2-4.jpg\" class=\"attachment-full size-full\" alt=\"\" srcset=\"https:\/\/jimiactuators.com\/wp-content\/uploads\/2021\/10\/2-4-200x108.jpg 200w, https:\/\/jimiactuators.com\/wp-content\/uploads\/2021\/10\/2-4-400x216.jpg 400w, https:\/\/jimiactuators.com\/wp-content\/uploads\/2021\/10\/2-4-600x323.jpg 600w, https:\/\/jimiactuators.com\/wp-content\/uploads\/2021\/10\/2-4.jpg 742w\" sizes=\"(min-width: 2200px) 100vw, (min-width: 928px) 230px, (min-width: 856px) 287px, (min-width: 784px) 383px, (min-width: 712px) 574px, (min-width: 640px) 712px, \" \/><\/div><\/div><\/li><li class=\"fusion-carousel-item\"><div class=\"fusion-carousel-item-wrapper\"><div class=\"fusion-image-wrapper hover-type-none\"><img decoding=\"async\" width=\"1000\" height=\"539\" src=\"https:\/\/jimiactuators.com\/wp-content\/uploads\/2021\/10\/3-4.jpg\" class=\"attachment-full size-full\" alt=\"\" srcset=\"https:\/\/jimiactuators.com\/wp-content\/uploads\/2021\/10\/3-4-200x108.jpg 200w, https:\/\/jimiactuators.com\/wp-content\/uploads\/2021\/10\/3-4-400x216.jpg 400w, https:\/\/jimiactuators.com\/wp-content\/uploads\/2021\/10\/3-4-600x323.jpg 600w, https:\/\/jimiactuators.com\/wp-content\/uploads\/2021\/10\/3-4-800x431.jpg 800w, https:\/\/jimiactuators.com\/wp-content\/uploads\/2021\/10\/3-4.jpg 1000w\" sizes=\"(min-width: 2200px) 100vw, (min-width: 928px) 230px, (min-width: 856px) 287px, (min-width: 784px) 383px, (min-width: 712px) 574px, (min-width: 640px) 712px, \" \/><\/div><\/div><\/li><li class=\"fusion-carousel-item\"><div class=\"fusion-carousel-item-wrapper\"><div class=\"fusion-image-wrapper hover-type-none\"><img decoding=\"async\" width=\"1600\" height=\"862\" src=\"https:\/\/jimiactuators.com\/wp-content\/uploads\/2021\/10\/4-3.jpg\" class=\"attachment-full size-full\" alt=\"\" srcset=\"https:\/\/jimiactuators.com\/wp-content\/uploads\/2021\/10\/4-3-200x108.jpg 200w, https:\/\/jimiactuators.com\/wp-content\/uploads\/2021\/10\/4-3-400x216.jpg 400w, https:\/\/jimiactuators.com\/wp-content\/uploads\/2021\/10\/4-3-600x323.jpg 600w, https:\/\/jimiactuators.com\/wp-content\/uploads\/2021\/10\/4-3-800x431.jpg 800w, https:\/\/jimiactuators.com\/wp-content\/uploads\/2021\/10\/4-3-1200x647.jpg 1200w, https:\/\/jimiactuators.com\/wp-content\/uploads\/2021\/10\/4-3.jpg 1600w\" sizes=\"(min-width: 2200px) 100vw, (min-width: 928px) 230px, (min-width: 856px) 287px, (min-width: 784px) 383px, (min-width: 712px) 574px, (min-width: 640px) 712px, \" \/><\/div><\/div><\/li><li class=\"fusion-carousel-item\"><div class=\"fusion-carousel-item-wrapper\"><div class=\"fusion-image-wrapper hover-type-none\"><img decoding=\"async\" width=\"960\" height=\"540\" src=\"https:\/\/jimiactuators.com\/wp-content\/uploads\/2021\/10\/5-5.jpg\" class=\"attachment-full size-full\" alt=\"\" srcset=\"https:\/\/jimiactuators.com\/wp-content\/uploads\/2021\/10\/5-5-200x113.jpg 200w, https:\/\/jimiactuators.com\/wp-content\/uploads\/2021\/10\/5-5-400x225.jpg 400w, https:\/\/jimiactuators.com\/wp-content\/uploads\/2021\/10\/5-5-600x338.jpg 600w, https:\/\/jimiactuators.com\/wp-content\/uploads\/2021\/10\/5-5-800x450.jpg 800w, https:\/\/jimiactuators.com\/wp-content\/uploads\/2021\/10\/5-5.jpg 960w\" sizes=\"(min-width: 2200px) 100vw, (min-width: 928px) 230px, (min-width: 856px) 287px, (min-width: 784px) 383px, (min-width: 712px) 574px, (min-width: 640px) 712px, \" \/><\/div><\/div><\/li><\/ul><div class=\"fusion-carousel-nav\"><span class=\"fusion-nav-prev\"><\/span><span class=\"fusion-nav-next\"><\/span><\/div><\/div><\/div><\/div><div class=\"fusion-text fusion-text-4\"><h4>Usine de couronnes d'orientation<\/h4>\n<\/div><div class=\"fusion-image-carousel fusion-image-carousel-auto fusion-no-medium-visibility fusion-carousel-border\"><div class=\"fusion-carousel\" data-autoplay=\"no\" data-columns=\"5\" data-itemmargin=\"13\" data-itemwidth=\"180\" data-touchscroll=\"no\" data-imagesize=\"auto\"><div class=\"fusion-carousel-positioner\"><ul class=\"fusion-carousel-holder\"><li class=\"fusion-carousel-item\"><div class=\"fusion-carousel-item-wrapper\"><div class=\"fusion-image-wrapper hover-type-none\"><img decoding=\"async\" width=\"1440\" height=\"1080\" src=\"https:\/\/jimiactuators.com\/wp-content\/uploads\/2021\/10\/1b836a6bf85926bbf32b38cc625b6e5.jpg\" class=\"attachment-full size-full\" alt=\"\" srcset=\"https:\/\/jimiactuators.com\/wp-content\/uploads\/2021\/10\/1b836a6bf85926bbf32b38cc625b6e5-200x150.jpg 200w, https:\/\/jimiactuators.com\/wp-content\/uploads\/2021\/10\/1b836a6bf85926bbf32b38cc625b6e5-400x300.jpg 400w, https:\/\/jimiactuators.com\/wp-content\/uploads\/2021\/10\/1b836a6bf85926bbf32b38cc625b6e5-600x450.jpg 600w, https:\/\/jimiactuators.com\/wp-content\/uploads\/2021\/10\/1b836a6bf85926bbf32b38cc625b6e5-800x600.jpg 800w, https:\/\/jimiactuators.com\/wp-content\/uploads\/2021\/10\/1b836a6bf85926bbf32b38cc625b6e5-1200x900.jpg 1200w, https:\/\/jimiactuators.com\/wp-content\/uploads\/2021\/10\/1b836a6bf85926bbf32b38cc625b6e5.jpg 1440w\" sizes=\"(min-width: 2200px) 100vw, (min-width: 928px) 230px, (min-width: 856px) 287px, (min-width: 784px) 383px, (min-width: 712px) 574px, (min-width: 640px) 712px, \" \/><\/div><\/div><\/li><li class=\"fusion-carousel-item\"><div class=\"fusion-carousel-item-wrapper\"><div class=\"fusion-image-wrapper hover-type-none\"><img decoding=\"async\" width=\"1440\" height=\"1080\" src=\"https:\/\/jimiactuators.com\/wp-content\/uploads\/2021\/10\/3a82b216e40c06a461c319c0568e46d.jpg\" class=\"attachment-full size-full\" alt=\"\" srcset=\"https:\/\/jimiactuators.com\/wp-content\/uploads\/2021\/10\/3a82b216e40c06a461c319c0568e46d-200x150.jpg 200w, https:\/\/jimiactuators.com\/wp-content\/uploads\/2021\/10\/3a82b216e40c06a461c319c0568e46d-400x300.jpg 400w, https:\/\/jimiactuators.com\/wp-content\/uploads\/2021\/10\/3a82b216e40c06a461c319c0568e46d-600x450.jpg 600w, https:\/\/jimiactuators.com\/wp-content\/uploads\/2021\/10\/3a82b216e40c06a461c319c0568e46d-800x600.jpg 800w, https:\/\/jimiactuators.com\/wp-content\/uploads\/2021\/10\/3a82b216e40c06a461c319c0568e46d-1200x900.jpg 1200w, https:\/\/jimiactuators.com\/wp-content\/uploads\/2021\/10\/3a82b216e40c06a461c319c0568e46d.jpg 1440w\" sizes=\"(min-width: 2200px) 100vw, (min-width: 928px) 230px, (min-width: 856px) 287px, (min-width: 784px) 383px, (min-width: 712px) 574px, (min-width: 640px) 712px, \" \/><\/div><\/div><\/li><li class=\"fusion-carousel-item\"><div class=\"fusion-carousel-item-wrapper\"><div class=\"fusion-image-wrapper hover-type-none\"><img decoding=\"async\" width=\"1440\" height=\"1080\" src=\"https:\/\/jimiactuators.com\/wp-content\/uploads\/2021\/10\/7ba7691ee4eb5bff6775ca67d507819.jpg\" class=\"attachment-full size-full\" alt=\"\" srcset=\"https:\/\/jimiactuators.com\/wp-content\/uploads\/2021\/10\/7ba7691ee4eb5bff6775ca67d507819-200x150.jpg 200w, https:\/\/jimiactuators.com\/wp-content\/uploads\/2021\/10\/7ba7691ee4eb5bff6775ca67d507819-400x300.jpg 400w, https:\/\/jimiactuators.com\/wp-content\/uploads\/2021\/10\/7ba7691ee4eb5bff6775ca67d507819-600x450.jpg 600w, https:\/\/jimiactuators.com\/wp-content\/uploads\/2021\/10\/7ba7691ee4eb5bff6775ca67d507819-800x600.jpg 800w, https:\/\/jimiactuators.com\/wp-content\/uploads\/2021\/10\/7ba7691ee4eb5bff6775ca67d507819-1200x900.jpg 1200w, https:\/\/jimiactuators.com\/wp-content\/uploads\/2021\/10\/7ba7691ee4eb5bff6775ca67d507819.jpg 1440w\" sizes=\"(min-width: 2200px) 100vw, (min-width: 928px) 230px, (min-width: 856px) 287px, (min-width: 784px) 383px, (min-width: 712px) 574px, (min-width: 640px) 712px, \" \/><\/div><\/div><\/li><li class=\"fusion-carousel-item\"><div class=\"fusion-carousel-item-wrapper\"><div class=\"fusion-image-wrapper hover-type-none\"><img decoding=\"async\" width=\"1440\" height=\"1080\" src=\"https:\/\/jimiactuators.com\/wp-content\/uploads\/2021\/10\/7cf78f9a140a05e387b2546bf5660f5.jpg\" class=\"attachment-full size-full\" alt=\"\" srcset=\"https:\/\/jimiactuators.com\/wp-content\/uploads\/2021\/10\/7cf78f9a140a05e387b2546bf5660f5-200x150.jpg 200w, https:\/\/jimiactuators.com\/wp-content\/uploads\/2021\/10\/7cf78f9a140a05e387b2546bf5660f5-400x300.jpg 400w, https:\/\/jimiactuators.com\/wp-content\/uploads\/2021\/10\/7cf78f9a140a05e387b2546bf5660f5-600x450.jpg 600w, https:\/\/jimiactuators.com\/wp-content\/uploads\/2021\/10\/7cf78f9a140a05e387b2546bf5660f5-800x600.jpg 800w, https:\/\/jimiactuators.com\/wp-content\/uploads\/2021\/10\/7cf78f9a140a05e387b2546bf5660f5-1200x900.jpg 1200w, https:\/\/jimiactuators.com\/wp-content\/uploads\/2021\/10\/7cf78f9a140a05e387b2546bf5660f5.jpg 1440w\" sizes=\"(min-width: 2200px) 100vw, (min-width: 928px) 230px, (min-width: 856px) 287px, (min-width: 784px) 383px, (min-width: 712px) 574px, (min-width: 640px) 712px, \" \/><\/div><\/div><\/li><li class=\"fusion-carousel-item\"><div class=\"fusion-carousel-item-wrapper\"><div class=\"fusion-image-wrapper hover-type-none\"><img decoding=\"async\" width=\"1440\" height=\"1080\" src=\"https:\/\/jimiactuators.com\/wp-content\/uploads\/2021\/10\/21d8bc70bdac42f4646b4ccf8ddf256.jpg\" class=\"attachment-full size-full\" alt=\"\" srcset=\"https:\/\/jimiactuators.com\/wp-content\/uploads\/2021\/10\/21d8bc70bdac42f4646b4ccf8ddf256-200x150.jpg 200w, https:\/\/jimiactuators.com\/wp-content\/uploads\/2021\/10\/21d8bc70bdac42f4646b4ccf8ddf256-400x300.jpg 400w, https:\/\/jimiactuators.com\/wp-content\/uploads\/2021\/10\/21d8bc70bdac42f4646b4ccf8ddf256-600x450.jpg 600w, https:\/\/jimiactuators.com\/wp-content\/uploads\/2021\/10\/21d8bc70bdac42f4646b4ccf8ddf256-800x600.jpg 800w, https:\/\/jimiactuators.com\/wp-content\/uploads\/2021\/10\/21d8bc70bdac42f4646b4ccf8ddf256-1200x900.jpg 1200w, https:\/\/jimiactuators.com\/wp-content\/uploads\/2021\/10\/21d8bc70bdac42f4646b4ccf8ddf256.jpg 1440w\" sizes=\"(min-width: 2200px) 100vw, (min-width: 928px) 230px, (min-width: 856px) 287px, (min-width: 784px) 383px, (min-width: 712px) 574px, (min-width: 640px) 712px, \" \/><\/div><\/div><\/li><li class=\"fusion-carousel-item\"><div class=\"fusion-carousel-item-wrapper\"><div class=\"fusion-image-wrapper hover-type-none\"><img decoding=\"async\" width=\"1440\" height=\"1080\" src=\"https:\/\/jimiactuators.com\/wp-content\/uploads\/2021\/10\/677c5c51d02eb81652c21e31c665192.jpg\" class=\"attachment-full size-full\" alt=\"\" srcset=\"https:\/\/jimiactuators.com\/wp-content\/uploads\/2021\/10\/677c5c51d02eb81652c21e31c665192-200x150.jpg 200w, https:\/\/jimiactuators.com\/wp-content\/uploads\/2021\/10\/677c5c51d02eb81652c21e31c665192-400x300.jpg 400w, https:\/\/jimiactuators.com\/wp-content\/uploads\/2021\/10\/677c5c51d02eb81652c21e31c665192-600x450.jpg 600w, https:\/\/jimiactuators.com\/wp-content\/uploads\/2021\/10\/677c5c51d02eb81652c21e31c665192-800x600.jpg 800w, https:\/\/jimiactuators.com\/wp-content\/uploads\/2021\/10\/677c5c51d02eb81652c21e31c665192-1200x900.jpg 1200w, https:\/\/jimiactuators.com\/wp-content\/uploads\/2021\/10\/677c5c51d02eb81652c21e31c665192.jpg 1440w\" sizes=\"(min-width: 2200px) 100vw, (min-width: 928px) 230px, (min-width: 856px) 287px, (min-width: 784px) 383px, (min-width: 712px) 574px, (min-width: 640px) 712px, \" \/><\/div><\/div><\/li><li class=\"fusion-carousel-item\"><div class=\"fusion-carousel-item-wrapper\"><div class=\"fusion-image-wrapper hover-type-none\"><img decoding=\"async\" width=\"1440\" height=\"1080\" src=\"https:\/\/jimiactuators.com\/wp-content\/uploads\/2021\/10\/a0b5732b31e9007d28f96650280c7a0.jpg\" class=\"attachment-full size-full\" alt=\"\" srcset=\"https:\/\/jimiactuators.com\/wp-content\/uploads\/2021\/10\/a0b5732b31e9007d28f96650280c7a0-200x150.jpg 200w, https:\/\/jimiactuators.com\/wp-content\/uploads\/2021\/10\/a0b5732b31e9007d28f96650280c7a0-400x300.jpg 400w, https:\/\/jimiactuators.com\/wp-content\/uploads\/2021\/10\/a0b5732b31e9007d28f96650280c7a0-600x450.jpg 600w, https:\/\/jimiactuators.com\/wp-content\/uploads\/2021\/10\/a0b5732b31e9007d28f96650280c7a0-800x600.jpg 800w, https:\/\/jimiactuators.com\/wp-content\/uploads\/2021\/10\/a0b5732b31e9007d28f96650280c7a0-1200x900.jpg 1200w, https:\/\/jimiactuators.com\/wp-content\/uploads\/2021\/10\/a0b5732b31e9007d28f96650280c7a0.jpg 1440w\" sizes=\"(min-width: 2200px) 100vw, (min-width: 928px) 230px, (min-width: 856px) 287px, (min-width: 784px) 383px, (min-width: 712px) 574px, (min-width: 640px) 712px, \" \/><\/div><\/div><\/li><li class=\"fusion-carousel-item\"><div class=\"fusion-carousel-item-wrapper\"><div class=\"fusion-image-wrapper hover-type-none\"><img decoding=\"async\" width=\"1440\" height=\"1080\" src=\"https:\/\/jimiactuators.com\/wp-content\/uploads\/2021\/10\/ce03c53525e751a7d3b9a0772dddbe4.jpg\" class=\"attachment-full size-full\" alt=\"\" srcset=\"https:\/\/jimiactuators.com\/wp-content\/uploads\/2021\/10\/ce03c53525e751a7d3b9a0772dddbe4-200x150.jpg 200w, https:\/\/jimiactuators.com\/wp-content\/uploads\/2021\/10\/ce03c53525e751a7d3b9a0772dddbe4-400x300.jpg 400w, https:\/\/jimiactuators.com\/wp-content\/uploads\/2021\/10\/ce03c53525e751a7d3b9a0772dddbe4-600x450.jpg 600w, https:\/\/jimiactuators.com\/wp-content\/uploads\/2021\/10\/ce03c53525e751a7d3b9a0772dddbe4-800x600.jpg 800w, https:\/\/jimiactuators.com\/wp-content\/uploads\/2021\/10\/ce03c53525e751a7d3b9a0772dddbe4-1200x900.jpg 1200w, https:\/\/jimiactuators.com\/wp-content\/uploads\/2021\/10\/ce03c53525e751a7d3b9a0772dddbe4.jpg 1440w\" sizes=\"(min-width: 2200px) 100vw, (min-width: 928px) 230px, (min-width: 856px) 287px, (min-width: 784px) 383px, (min-width: 712px) 574px, (min-width: 640px) 712px, \" \/><\/div><\/div><\/li><\/ul><div class=\"fusion-carousel-nav\"><span class=\"fusion-nav-prev\"><\/span><span class=\"fusion-nav-next\"><\/span><\/div><\/div><\/div><\/div><div class=\"fusion-text fusion-text-5\"><h1 style=\"text-align: center;\">Histoire de l'entreprise<\/h1>\n<p>La technologie des actionneurs Jimi-tech a plus de 10 ans d'existence et est \u00e0 la t\u00eate de l'industrie depuis lors. Jimi-tech est une marque reconnue et fiable en tant que leader chinois de la technologie des mouvements m\u00e9caniques.<\/p>\n<p>Depuis 2008, date de la cr\u00e9ation de Jimi-tech \u00e0 Shenzhen, notre gamme de produits s'est consid\u00e9rablement \u00e9largie. Notre famille de produits de mouvement lin\u00e9aire et m\u00e9canique comprend <span style=\"color: #0000ff;\"><a style=\"color: #0000ff;\" href=\"http:\/\/jimiactuators.com\/fr\/produits\/linear-motors\/actionneurs-lineaires\/\"><strong>actionneurs lin\u00e9aires<\/strong><\/a>,<\/span><strong> <span style=\"color: #0000ff;\"><a style=\"color: #0000ff;\" href=\"http:\/\/jimiactuators.com\/fr\/produits\/linear-motors\/verins-electriques\/\">v\u00e9rins \u00e9lectriques<\/a>, <a style=\"color: #0000ff;\" href=\"http:\/\/jimiactuators.com\/fr\/produits\/les-mecanismes-dorientation\/\">les m\u00e9canismes d'orientation<\/a>, <a style=\"color: #0000ff;\" href=\"http:\/\/jimiactuators.com\/fr\/produits\/moteurs\/\">Moteurs \u00e0 courant continu<\/a>, <a style=\"color: #0000ff;\" href=\"http:\/\/jimiactuators.com\/fr\/produits\/composants-solaires\/trackers-solaires\/controleurs-de-suiveurs-solaires\/\">contr\u00f4leurs de suiveurs solaires<\/a>,<a style=\"color: #0000ff;\" href=\"http:\/\/jimiactuators.com\/fr\/produits\/composants-solaires\/trackers-solaires\/systeme-de-suiveur-solaire-termine\/\">Syst\u00e8me de suiveur solaire termin\u00e9<\/a>, et <a href=\"http:\/\/jimiactuators.com\/fr\/produits\/height-adjustable-desks\/\"><span style=\"color: #0000ff;\">tableau de fluctuation<\/span>e<\/a><\/span><\/strong> - tous font d\u00e9sormais partie de Jimi-tech.<\/p>\n<p><strong>Le saviez-vous ?<\/strong><\/p>\n<p>Jimi-tech a invent\u00e9 la technologie des actionneurs. Nous poss\u00e9dons la plus vaste gamme de produits standard de l'industrie en mati\u00e8re de technologies de contr\u00f4le des mouvements m\u00e9caniques.<\/p>\n<p>Les versions modifi\u00e9es des produits standard sont courantes. Des solutions de conception en feuille blanche sont disponibles pour l'ensemble de notre portefeuille de produits.<\/p>\n<p>En choisissant Jimi-tech, vous b\u00e9n\u00e9ficiez de plus de 10 ans d'exp\u00e9rience en mati\u00e8re d'applications dans divers secteurs d'activit\u00e9, notamment <span style=\"color: #0000ff;\"><strong><a style=\"color: #0000ff;\" href=\"https:\/\/www.youtube.com\/channel\/UCffoEhKhBwrfPt6sOZwmEsQ?view_as=subscriber\" target=\"_blank\" rel=\"noopener\">trackers solaires<\/a><\/strong><\/span>,Emballage, automatisation des usines, manutention, m\u00e9dical,<span style=\"color: #0000ff;\"><strong> <a style=\"color: #0000ff;\" href=\"https:\/\/www.youtube.com\/channel\/UCffoEhKhBwrfPt6sOZwmEsQ?view_as=subscriber\" target=\"_blank\" rel=\"noopener\">l'\u00e9nergie propre,<\/a><\/strong><\/span> l'imprimerie, l'automobile, les machines-outils, l'a\u00e9rospatiale et la d\u00e9fense.<\/p>\n<p>Faisant partie de Fortive Corporation, Jimi-tech a la capacit\u00e9 unique de fournir des solutions compl\u00e8tes gr\u00e2ce \u00e0 ses technologies de contr\u00f4le, d'entra\u00eenement, de moteur, de transmission de puissance et de mouvement lin\u00e9aire de pr\u00e9cision.<\/p>\n<p><strong><em>Jimi-tech est le nom auquel vous pouvez faire confiance pour la haute qualit\u00e9, l'innovation, le respect des d\u00e9lais de livraison, la ma\u00eetrise des co\u00fbts et la r\u00e9duction des risques.<\/em><\/strong><\/p>\n<p>Avec une infrastructure de service et d'assistance mondiale, nos ing\u00e9nieurs de terrain et nos \u00e9quipes d'assistance sont disponibles pour vous aider chaque fois que vous en avez besoin. Ce site web contient \u00e9galement une multitude de ressources, notamment des mod\u00e8les 3D t\u00e9l\u00e9chargeables, des outils de conception, des sp\u00e9cifications de produits, etc.<\/p>\n<p>Consultez-nous d\u00e8s le d\u00e9but du processus de conception pour voir comment Jimi-tech peut vous aider \u00e0 identifier l'\u00e9quilibre optimal entre performance, dur\u00e9e de vie et co\u00fbt pour votre prochaine application. Et appelez-nous ou l'un de nos 200+ partenaires de distribution dans le monde pour une livraison rapide des pi\u00e8ces de rechange.<\/p>\n<p>Historique de l'entreprise :<\/p>\n<p>2008- L'entreprise a \u00e9t\u00e9 fond\u00e9e par des Chinois d'outre-mer de retour au pays avec 2 millions de RMB. L'activit\u00e9 principale est le commerce d'actionneurs lin\u00e9aires en Chine.<\/p>\n<p>2010- La premi\u00e8re usine a \u00e9t\u00e9 fond\u00e9e dans la ville de Suzou avec la coop\u00e9ration d'autres entreprises. Le nombre de clients est pass\u00e9 \u00e0 plus de 200.<\/p>\n<p>2012- De nouvelles cat\u00e9gories de produits ont \u00e9t\u00e9 introduites : bureau \u00e9lectrique r\u00e9glable et syst\u00e8me de suivi solaire.<\/p>\n<p>2013- Cr\u00e9ation des bureaux de Wuhan, Beijing et Xian. Cr\u00e9ation d'un bureau au Vi\u00eat Nam.<\/p>\n<p>2015- Cr\u00e9ation du centre de d\u00e9veloppement de produits de Shenzhen et renforcement de la coop\u00e9ration avec les universit\u00e9s. Cr\u00e9ation d'une usine de moteurs \u00e0 courant continu \u00e0 Shenzhen.<\/p>\n<p>2016- Le centre de d\u00e9veloppement a r\u00e9ussi \u00e0 mettre au point des syst\u00e8mes complets de suiveurs solaires int\u00e9gr\u00e9s. Introduction de cylindres \u00e9lectriques.<\/p>\n<p>2017- La soci\u00e9t\u00e9 du groupe se concentre \u00e0 nouveau sur les produits d'actionneurs lin\u00e9aires et pr\u00e9pare la construction d'une nouvelle usine.<\/p>\n<p>2018- Une nouvelle usine dot\u00e9e de lignes de production automatiques a \u00e9t\u00e9 cr\u00e9\u00e9e dans la ville de Dongguan.<\/p>\n<p>2019- Concentration sur les trackers solaires.<\/p>\n<p>2020- Cr\u00e9ation de la soci\u00e9t\u00e9 de vente Huizhou.<\/p>\n<p>2021- De nouveaux contr\u00f4leurs solaires GPS ont \u00e9t\u00e9 d\u00e9velopp\u00e9s.<\/p>\n<\/div><\/div><\/div><style type=\"text\/css\">.fusion-body .fusion-builder-column-0{width:100% !important;margin-top : 0px;margin-bottom : 0px;}.fusion-builder-column-0 > .fusion-column-wrapper {padding-top : 0px !important;padding-right : 0px !important;margin-right : 1.92%;padding-bottom : 0px !important;padding-left : 0px !important;margin-left : 1.92%;}@media only screen and (max-width:1024px) {.fusion-body .fusion-builder-column-0{width:100% !important;}.fusion-builder-column-0 > .fusion-column-wrapper {margin-right : 1.92%;margin-left : 1.92%;}}@media only screen and (max-width:640px) {.fusion-body .fusion-builder-column-0{width:100% !important;}.fusion-builder-column-0 > .fusion-column-wrapper {margin-right : 1.92%;margin-left : 1.92%;}}<\/style><\/div><style type=\"text\/css\">.fusion-body .fusion-flex-container.fusion-builder-row-1{ padding-top : 0px;margin-top : 0px;padding-right : 0px;padding-bottom : 0px;margin-bottom : 0px;padding-left : 0px;}<\/style><\/div>","protected":false},"excerpt":{"rendered":"","protected":false},"author":2,"featured_media":0,"parent":0,"menu_order":0,"comment_status":"closed","ping_status":"closed","template":"","meta":{"footnotes":""},"class_list":["post-4","page","type-page","status-publish","hentry"],"_links":{"self":[{"href":"https:\/\/jimiactuators.com\/fr\/wp-json\/wp\/v2\/pages\/4","targetHints":{"allow":["GET"]}}],"collection":[{"href":"https:\/\/jimiactuators.com\/fr\/wp-json\/wp\/v2\/pages"}],"about":[{"href":"https:\/\/jimiactuators.com\/fr\/wp-json\/wp\/v2\/types\/page"}],"author":[{"embeddable":true,"href":"https:\/\/jimiactuators.com\/fr\/wp-json\/wp\/v2\/users\/2"}],"replies":[{"embeddable":true,"href":"https:\/\/jimiactuators.com\/fr\/wp-json\/wp\/v2\/comments?post=4"}],"version-history":[{"count":0,"href":"https:\/\/jimiactuators.com\/fr\/wp-json\/wp\/v2\/pages\/4\/revisions"}],"wp:attachment":[{"href":"https:\/\/jimiactuators.com\/fr\/wp-json\/wp\/v2\/media?parent=4"}],"curies":[{"name":"wp","href":"https:\/\/api.w.org\/{rel}","templated":true}]}}